{"id":1740,"date":"2022-09-30T16:09:03","date_gmt":"2022-09-30T16:09:03","guid":{"rendered":"https:\/\/amvrelia.gr\/?page_id=1740"},"modified":"2022-10-06T16:37:46","modified_gmt":"2022-10-06T16:37:46","slug":"notre-but","status":"publish","type":"page","link":"https:\/\/amvrelia.gr\/fr\/notre-but\/","title":{"rendered":"Notre but"},"content":{"rendered":"<!--themify_builder_content-->\n<div id=\"themify_builder_content-1740\" data-postid=\"1740\" class=\"themify_builder_content themify_builder_content-1740 themify_builder tf_clear\">\n                    <div  data-lazy=\"1\" class=\"module_row themify_builder_row tb_4prc219 tb_first tf_w\">\n                        <div class=\"row_inner gutter-narrow col_align_top tb_col_count_2 tf_box tf_rel\">\n                        <div  data-lazy=\"1\" class=\"module_column tb-column col4-2 tb_7mvd219 first\">\n                    <!-- module text -->\n<div  class=\"module module-text tb_du1s220   \" data-lazy=\"1\">\n        <div  class=\"tb_text_wrap\">\n        <p>Notre but est de devenir le premier choix des consommateurs aux produits d &lsquo; olive.<\/p>\n<p>Au m\u00eame temps nous essayons faire l\u2019 unique variet\u00e9 KONSERVOLIA ARTAS ( OIG) plus connue , qui existe depuis 1993, et laquelle notre entreprise a initiallement dispos\u00e9 su march\u00e9.<\/p>\n<p>Notre but essentiel est d\u2019 agir avec redponsabilit\u00e9 vers l\u2019 homme et l\u2019 environement par l &lsquo; adaptation de notre entreprise aux demandes actuelles.<\/p>    <\/div>\n<\/div>\n<!-- \/module text --><!-- module image -->\n<div  class=\"module module-image tb_226x222 image-top   tf_mw\" data-lazy=\"1\">\n        <div class=\"image-wrap tf_rel tf_mw\">\n            <img loading=\"lazy\" decoding=\"async\" width=\"960\" height=\"1280\" src=\"https:\/\/amvrelia.gr\/wp-content\/uploads\/2022\/09\/63f90eac-2301-43f9-b546-313371b13969.jpeg\" class=\"wp-post-image wp-image-923\" title=\"63f90eac-2301-43f9-b546-313371b13969\" alt=\"63f90eac-2301-43f9-b546-313371b13969\" srcset=\"https:\/\/amvrelia.gr\/wp-content\/uploads\/2022\/09\/63f90eac-2301-43f9-b546-313371b13969.jpeg 960w, https:\/\/amvrelia.gr\/wp-content\/uploads\/2022\/09\/63f90eac-2301-43f9-b546-313371b13969-225x300.jpeg 225w, https:\/\/amvrelia.gr\/wp-content\/uploads\/2022\/09\/63f90eac-2301-43f9-b546-313371b13969-768x1024.jpeg 768w\" sizes=\"auto, (max-width: 960px) 100vw, 960px\" \/>    \n        <\/div>\n    <!-- \/image-wrap -->\n    \n        <\/div>\n<!-- \/module image -->        <\/div>\n                    <div  data-lazy=\"1\" class=\"module_column tb-column col4-2 tb_mmm4221 last\">\n                    <!-- module image -->\n<div  class=\"module module-image tb_3842221 image-top   tf_mw\" data-lazy=\"1\">\n        <div class=\"image-wrap tf_rel tf_mw\">\n            <img loading=\"lazy\" decoding=\"async\" width=\"1224\" height=\"1632\" src=\"https:\/\/amvrelia.gr\/wp-content\/uploads\/2022\/09\/7fe45d09-6355-4285-9704-dd9013573484.jpg\" class=\"wp-post-image wp-image-920\" title=\"7fe45d09-6355-4285-9704-dd9013573484\" alt=\"7fe45d09-6355-4285-9704-dd9013573484\" srcset=\"https:\/\/amvrelia.gr\/wp-content\/uploads\/2022\/09\/7fe45d09-6355-4285-9704-dd9013573484.jpg 1224w, https:\/\/amvrelia.gr\/wp-content\/uploads\/2022\/09\/7fe45d09-6355-4285-9704-dd9013573484-225x300.jpg 225w, https:\/\/amvrelia.gr\/wp-content\/uploads\/2022\/09\/7fe45d09-6355-4285-9704-dd9013573484-768x1024.jpg 768w, https:\/\/amvrelia.gr\/wp-content\/uploads\/2022\/09\/7fe45d09-6355-4285-9704-dd9013573484-1152x1536.jpg 1152w\" sizes=\"auto, (max-width: 1224px) 100vw, 1224px\" \/>    \n        <\/div>\n    <!-- \/image-wrap -->\n    \n        <\/div>\n<!-- \/module image --><!-- module text -->\n<div  class=\"module module-text tb_v2zc222   \" data-lazy=\"1\">\n        <div  class=\"tb_text_wrap\">\n        <p>Nous essayons aussi de rendre la qualit\u00e9 excellente de nos produits reconnue des consommateurs , comme la combinaison des m\u00e9thodes de production et de r\u00e9colt\u00e9e traditionnelles avec les moyens modernes consistent une guarantie pour le meilleur et le plus qualitatif resultat de nos produits.<\/p>    <\/div>\n<\/div>\n<!-- \/module text -->        <\/div>\n                        <\/div>\n        <\/div>\n                        <div  data-lazy=\"1\" class=\"module_row themify_builder_row tb_c0ey219 tf_w\">\n                        <div class=\"row_inner col_align_top tb_col_count_1 tf_box tf_rel\">\n                        <div  data-lazy=\"1\" class=\"module_column tb-column col-full tb_shm8222 first\">\n                    <!-- module image -->\n<div  class=\"module module-image tb_1akz222 image-top   tf_mw\" data-lazy=\"1\">\n        <div class=\"image-wrap tf_rel tf_mw\">\n            <img loading=\"lazy\" decoding=\"async\" width=\"10424\" height=\"240\" src=\"https:\/\/amvrelia.gr\/wp-content\/uploads\/2022\/09\/grammi.png\" class=\"wp-post-image wp-image-884\" title=\"grammi\" alt=\"grammi\" srcset=\"https:\/\/amvrelia.gr\/wp-content\/uploads\/2022\/09\/grammi.png 10424w, https:\/\/amvrelia.gr\/wp-content\/uploads\/2022\/09\/grammi-300x7.png 300w, https:\/\/amvrelia.gr\/wp-content\/uploads\/2022\/09\/grammi-1024x24.png 1024w, https:\/\/amvrelia.gr\/wp-content\/uploads\/2022\/09\/grammi-768x18.png 768w, https:\/\/amvrelia.gr\/wp-content\/uploads\/2022\/09\/grammi-1536x35.png 1536w, https:\/\/amvrelia.gr\/wp-content\/uploads\/2022\/09\/grammi-2048x47.png 2048w\" sizes=\"auto, (max-width: 10424px) 100vw, 10424px\" \/>    \n        <\/div>\n    <!-- \/image-wrap -->\n    \n        <\/div>\n<!-- \/module image -->        <\/div>\n                        <\/div>\n        <\/div>\n                        <div  data-css_id=\"wvls219\" data-lazy=\"1\" class=\"module_row themify_builder_row fullwidth tb_wvls219 tf_w\">\n                        <div class=\"row_inner col_align_top tb_col_count_1 tf_box tf_rel\">\n                        <div  data-lazy=\"1\" class=\"module_column tb-column col-full tb_fpni223 first\">\n                            <\/div>\n                        <\/div>\n        <\/div>\n        <\/div>\n<!--\/themify_builder_content-->\n\n<p><\/p>","protected":false},"excerpt":{"rendered":"<p>Notre but est de devenir le premier choix des consommateurs aux produits d &lsquo; olive. Au m\u00eame temps nous essayons faire l\u2019 unique variet\u00e9 KONSERVOLIA ARTAS ( OIG) plus connue , qui existe depuis 1993, et laquelle notre entreprise a initiallement dispos\u00e9 su march\u00e9. Notre but essentiel est d\u2019 agir avec redponsabilit\u00e9 vers l\u2019 homme [&hellip;]<\/p>\n","protected":false},"author":2,"featured_media":0,"parent":0,"menu_order":0,"comment_status":"closed","ping_status":"closed","template":"","meta":{"_seopress_robots_primary_cat":"","_seopress_titles_title":"","_seopress_titles_desc":"","_seopress_robots_index":"","footnotes":""},"class_list":["post-1740","page","type-page","status-publish","hentry","has-post-title","has-post-date","has-post-category","has-post-tag","has-post-comment","has-post-author",""],"builder_content":"<p>Notre but est de devenir le premier choix des consommateurs aux produits d ' olive.<\/p> <p>Au m\u00eame temps nous essayons faire l\u2019 unique variet\u00e9 KONSERVOLIA ARTAS ( OIG) plus connue , qui existe depuis 1993, et laquelle notre entreprise a initiallement dispos\u00e9 su march\u00e9.<\/p> <p>Notre but essentiel est d\u2019 agir avec redponsabilit\u00e9 vers l\u2019 homme et l\u2019 environement par l ' adaptation de notre entreprise aux demandes actuelles.<\/p>\n<img src=\"https:\/\/amvrelia.gr\/wp-content\/uploads\/2022\/09\/63f90eac-2301-43f9-b546-313371b13969.jpeg\" title=\"63f90eac-2301-43f9-b546-313371b13969\" alt=\"63f90eac-2301-43f9-b546-313371b13969\" srcset=\"https:\/\/amvrelia.gr\/wp-content\/uploads\/2022\/09\/63f90eac-2301-43f9-b546-313371b13969.jpeg 960w, https:\/\/amvrelia.gr\/wp-content\/uploads\/2022\/09\/63f90eac-2301-43f9-b546-313371b13969-225x300.jpeg 225w, https:\/\/amvrelia.gr\/wp-content\/uploads\/2022\/09\/63f90eac-2301-43f9-b546-313371b13969-768x1024.jpeg 768w\" sizes=\"(max-width: 960px) 100vw, 960px\" \/>\n<img src=\"https:\/\/amvrelia.gr\/wp-content\/uploads\/2022\/09\/7fe45d09-6355-4285-9704-dd9013573484.jpg\" title=\"7fe45d09-6355-4285-9704-dd9013573484\" alt=\"7fe45d09-6355-4285-9704-dd9013573484\" srcset=\"https:\/\/amvrelia.gr\/wp-content\/uploads\/2022\/09\/7fe45d09-6355-4285-9704-dd9013573484.jpg 1224w, https:\/\/amvrelia.gr\/wp-content\/uploads\/2022\/09\/7fe45d09-6355-4285-9704-dd9013573484-225x300.jpg 225w, https:\/\/amvrelia.gr\/wp-content\/uploads\/2022\/09\/7fe45d09-6355-4285-9704-dd9013573484-768x1024.jpg 768w, https:\/\/amvrelia.gr\/wp-content\/uploads\/2022\/09\/7fe45d09-6355-4285-9704-dd9013573484-1152x1536.jpg 1152w\" sizes=\"(max-width: 1224px) 100vw, 1224px\" \/>\n<p>Nous essayons aussi de rendre la qualit\u00e9 excellente de nos produits reconnue des consommateurs , comme la combinaison des m\u00e9thodes de production et de r\u00e9colt\u00e9e traditionnelles avec les moyens modernes consistent une guarantie pour le meilleur et le plus qualitatif resultat de nos produits.<\/p>\n<img src=\"https:\/\/amvrelia.gr\/wp-content\/uploads\/2022\/09\/grammi.png\" title=\"grammi\" alt=\"grammi\" srcset=\"https:\/\/amvrelia.gr\/wp-content\/uploads\/2022\/09\/grammi.png 10424w, https:\/\/amvrelia.gr\/wp-content\/uploads\/2022\/09\/grammi-300x7.png 300w, https:\/\/amvrelia.gr\/wp-content\/uploads\/2022\/09\/grammi-1024x24.png 1024w, https:\/\/amvrelia.gr\/wp-content\/uploads\/2022\/09\/grammi-768x18.png 768w, https:\/\/amvrelia.gr\/wp-content\/uploads\/2022\/09\/grammi-1536x35.png 1536w, https:\/\/amvrelia.gr\/wp-content\/uploads\/2022\/09\/grammi-2048x47.png 2048w\" sizes=\"(max-width: 10424px) 100vw, 10424px\" \/>","_links":{"self":[{"href":"https:\/\/amvrelia.gr\/fr\/wp-json\/wp\/v2\/pages\/1740","targetHints":{"allow":["GET"]}}],"collection":[{"href":"https:\/\/amvrelia.gr\/fr\/wp-json\/wp\/v2\/pages"}],"about":[{"href":"https:\/\/amvrelia.gr\/fr\/wp-json\/wp\/v2\/types\/page"}],"author":[{"embeddable":true,"href":"https:\/\/amvrelia.gr\/fr\/wp-json\/wp\/v2\/users\/2"}],"replies":[{"embeddable":true,"href":"https:\/\/amvrelia.gr\/fr\/wp-json\/wp\/v2\/comments?post=1740"}],"version-history":[{"count":2,"href":"https:\/\/amvrelia.gr\/fr\/wp-json\/wp\/v2\/pages\/1740\/revisions"}],"predecessor-version":[{"id":1743,"href":"https:\/\/amvrelia.gr\/fr\/wp-json\/wp\/v2\/pages\/1740\/revisions\/1743"}],"wp:attachment":[{"href":"https:\/\/amvrelia.gr\/fr\/wp-json\/wp\/v2\/media?parent=1740"}],"curies":[{"name":"wp","href":"https:\/\/api.w.org\/{rel}","templated":true}]}}