{"id":1728,"date":"2022-09-30T16:47:09","date_gmt":"2022-09-30T16:47:09","guid":{"rendered":"https:\/\/amvrelia.gr\/?page_id=1728"},"modified":"2022-10-06T16:25:35","modified_gmt":"2022-10-06T16:25:35","slug":"l-olivier","status":"publish","type":"page","link":"https:\/\/amvrelia.gr\/fr\/l-olivier\/","title":{"rendered":"L \u2018 Olivier"},"content":{"rendered":"<!--themify_builder_content-->\n<div id=\"themify_builder_content-1728\" data-postid=\"1728\" class=\"themify_builder_content themify_builder_content-1728 themify_builder tf_clear\">\n                    <div  data-lazy=\"1\" class=\"module_row themify_builder_row tb_ntdo4 tb_first tf_w\">\n                        <div class=\"row_inner col_align_top tb_col_count_1 tf_box tf_rel\">\n                        <div  data-lazy=\"1\" class=\"module_column tb-column col-full tb_b3gl4 first\">\n                    <!-- module image -->\n<div  class=\"module module-image tb_q3y8571 image-top   tf_mw\" data-lazy=\"1\">\n        <div class=\"image-wrap tf_rel tf_mw\">\n            <img loading=\"lazy\" decoding=\"async\" width=\"2560\" height=\"1920\" src=\"https:\/\/amvrelia.gr\/wp-content\/uploads\/2022\/09\/banner-1.jpg\" class=\"wp-post-image wp-image-860\" title=\"banner\" alt=\"banner\" srcset=\"https:\/\/amvrelia.gr\/wp-content\/uploads\/2022\/09\/banner-1.jpg 2560w, https:\/\/amvrelia.gr\/wp-content\/uploads\/2022\/09\/banner-1-300x225.jpg 300w, https:\/\/amvrelia.gr\/wp-content\/uploads\/2022\/09\/banner-1-1024x768.jpg 1024w, https:\/\/amvrelia.gr\/wp-content\/uploads\/2022\/09\/banner-1-768x576.jpg 768w, https:\/\/amvrelia.gr\/wp-content\/uploads\/2022\/09\/banner-1-1536x1152.jpg 1536w, https:\/\/amvrelia.gr\/wp-content\/uploads\/2022\/09\/banner-1-2048x1536.jpg 2048w\" sizes=\"auto, (max-width: 2560px) 100vw, 2560px\" \/>    \n        <\/div>\n    <!-- \/image-wrap -->\n    \n        <\/div>\n<!-- \/module image -->        <\/div>\n                        <\/div>\n        <\/div>\n                        <div  data-lazy=\"1\" class=\"module_row themify_builder_row tb_yn8p136 tf_w\">\n                        <div class=\"row_inner gutter-narrow col_align_top tb_col_count_3 tf_box tf_rel\">\n                        <div  data-lazy=\"1\" class=\"module_column tb-column col3-1 tb_ug58137 first\">\n                    <!-- module image -->\n<div  class=\"module module-image tb_ulnb137 image-top   tf_mw\" data-lazy=\"1\">\n        <div class=\"image-wrap tf_rel tf_mw\">\n            <img loading=\"lazy\" decoding=\"async\" width=\"1224\" height=\"1632\" src=\"https:\/\/amvrelia.gr\/wp-content\/uploads\/2022\/09\/ad0710a3-6388-4643-8d5e-26b3a34f6c30.jpg\" class=\"wp-post-image wp-image-1082\" title=\"ad0710a3-6388-4643-8d5e-26b3a34f6c30\" alt=\"ad0710a3-6388-4643-8d5e-26b3a34f6c30\" srcset=\"https:\/\/amvrelia.gr\/wp-content\/uploads\/2022\/09\/ad0710a3-6388-4643-8d5e-26b3a34f6c30.jpg 1224w, https:\/\/amvrelia.gr\/wp-content\/uploads\/2022\/09\/ad0710a3-6388-4643-8d5e-26b3a34f6c30-225x300.jpg 225w, https:\/\/amvrelia.gr\/wp-content\/uploads\/2022\/09\/ad0710a3-6388-4643-8d5e-26b3a34f6c30-768x1024.jpg 768w, https:\/\/amvrelia.gr\/wp-content\/uploads\/2022\/09\/ad0710a3-6388-4643-8d5e-26b3a34f6c30-1152x1536.jpg 1152w\" sizes=\"auto, (max-width: 1224px) 100vw, 1224px\" \/>    \n        <\/div>\n    <!-- \/image-wrap -->\n    \n        <\/div>\n<!-- \/module image --><!-- module image -->\n<div  class=\"module module-image tb_smih137 image-top   tf_mw\" data-lazy=\"1\">\n        <div class=\"image-wrap tf_rel tf_mw\">\n            <img loading=\"lazy\" decoding=\"async\" width=\"10424\" height=\"240\" src=\"https:\/\/amvrelia.gr\/wp-content\/uploads\/2022\/09\/grammi.png\" class=\"wp-post-image wp-image-884\" title=\"grammi\" alt=\"grammi\" srcset=\"https:\/\/amvrelia.gr\/wp-content\/uploads\/2022\/09\/grammi.png 10424w, https:\/\/amvrelia.gr\/wp-content\/uploads\/2022\/09\/grammi-300x7.png 300w, https:\/\/amvrelia.gr\/wp-content\/uploads\/2022\/09\/grammi-1024x24.png 1024w, https:\/\/amvrelia.gr\/wp-content\/uploads\/2022\/09\/grammi-768x18.png 768w, https:\/\/amvrelia.gr\/wp-content\/uploads\/2022\/09\/grammi-1536x35.png 1536w, https:\/\/amvrelia.gr\/wp-content\/uploads\/2022\/09\/grammi-2048x47.png 2048w\" sizes=\"auto, (max-width: 10424px) 100vw, 10424px\" \/>    \n        <\/div>\n    <!-- \/image-wrap -->\n    \n        <\/div>\n<!-- \/module image --><!-- module image -->\n<div  class=\"module module-image tb_8vbh138 image-top   tf_mw\" data-lazy=\"1\">\n        <div class=\"image-wrap tf_rel tf_mw\">\n            <img loading=\"lazy\" decoding=\"async\" width=\"1224\" height=\"1632\" src=\"https:\/\/amvrelia.gr\/wp-content\/uploads\/2022\/09\/3f8de04d-3c9e-402f-871a-d059ba9da151.jpg\" class=\"wp-post-image wp-image-1085\" title=\"3f8de04d-3c9e-402f-871a-d059ba9da151\" alt=\"3f8de04d-3c9e-402f-871a-d059ba9da151\" srcset=\"https:\/\/amvrelia.gr\/wp-content\/uploads\/2022\/09\/3f8de04d-3c9e-402f-871a-d059ba9da151.jpg 1224w, https:\/\/amvrelia.gr\/wp-content\/uploads\/2022\/09\/3f8de04d-3c9e-402f-871a-d059ba9da151-225x300.jpg 225w, https:\/\/amvrelia.gr\/wp-content\/uploads\/2022\/09\/3f8de04d-3c9e-402f-871a-d059ba9da151-768x1024.jpg 768w, https:\/\/amvrelia.gr\/wp-content\/uploads\/2022\/09\/3f8de04d-3c9e-402f-871a-d059ba9da151-1152x1536.jpg 1152w\" sizes=\"auto, (max-width: 1224px) 100vw, 1224px\" \/>    \n        <\/div>\n    <!-- \/image-wrap -->\n    \n        <\/div>\n<!-- \/module image -->        <\/div>\n                    <div  data-lazy=\"1\" class=\"module_column tb-column col3-1 tb_n6nj138\">\n                    <!-- module text -->\n<div  class=\"module module-text tb_e776138   \" data-lazy=\"1\">\n        <div  class=\"tb_text_wrap\">\n        <p>Pour les grecs, l\u2019 Olivier symbolise l &lsquo; histoire, la paix, la tradition, leurs racines.<\/p>\n<p>Nos anc\u00eatres ont ador\u00e9 l &lsquo; olivier. Ath\u00e9na a offert aux Ath\u00e9niens la premier olivier du monde, qui a \u00e9t\u00e9 pouss\u00e9 au point o\u00fa elle a battu sa lance pendant sa lutte avec Pos\u00e9idon pour la nomination du protecteur d\u2019 Ath\u00e8nes.<\/p>\n<p>Les Myc\u00e9niens ont offert de l\u2019 huile d\u2019 olive aux Dieux, tandis Om\u00e8re a appel\u00e9 l &lsquo; olive comme \u00abl\u2019 or liquide de la nutrition\u00bb.<\/p>\n<p>Aristote considerait la cultivation de l\u2019 olive comme une science , tandis Ippocrate utilisait l &lsquo; huile de l &lsquo; olive comme un medicament.<\/p>\n<p>A ce qui concerne la mythologie, Hercule a plant\u00e9 un olivier au temple d\u2019 H\u00e9ra \u00e0 l &lsquo; sncien Olympia , apr\u00e8s la fin de ses 12 t\u00e2ches. Il \u00e9tait connu comme \u00abune couronne d\u2019 olive\u00bb duquel \u00abKotinos\u00bb, la meilleur distinction pour un athl\u00e8te a \u00e9t\u00e9 cr\u00e9\u00e9. \u00abKotinos\u00bb \u00e9tait une couronne d &lsquo; olivier laquelle prenaient les athl\u00e8tes qui d\u00e9montraient, l &lsquo; excellence \u00e0 un sport. Aussi, l\u2019 huile de l\u2019 olive a \u00e9t\u00e9 distribu\u00e9 aux vainceurs dans les amphores Panath\u00e9niques.<\/p>\n<p>Il s &lsquo; agit d\u2019 une source d &lsquo; inspiration de nos jours aussi, comme elle nous unit comme un peuple et elle nous rappelle dans notre vie quotidienne le discours po\u00e9tique d\u2019 Ulysse Eliti \u00absi on d\u00e9compose Gr\u00e8ce, enfin on a un olivier, une vigne et un bateau. \u00c7a veut dire que avec tout cela on peut la recompose\u00bb.<\/p>    <\/div>\n<\/div>\n<!-- \/module text -->        <\/div>\n                    <div  data-lazy=\"1\" class=\"module_column tb-column col3-1 tb_a0xm138 last\">\n                    <!-- module image -->\n<div  class=\"module module-image tb_ga0u138 image-top   tf_mw\" data-lazy=\"1\">\n        <div class=\"image-wrap tf_rel tf_mw\">\n            <img loading=\"lazy\" decoding=\"async\" width=\"1224\" height=\"1632\" src=\"https:\/\/amvrelia.gr\/wp-content\/uploads\/2022\/09\/67e60f86-dcb9-4095-98bf-6f642371373c1.jpg\" class=\"wp-post-image wp-image-977\" title=\"67e60f86-dcb9-4095-98bf-6f642371373c1\" alt=\"67e60f86-dcb9-4095-98bf-6f642371373c1\" srcset=\"https:\/\/amvrelia.gr\/wp-content\/uploads\/2022\/09\/67e60f86-dcb9-4095-98bf-6f642371373c1.jpg 1224w, https:\/\/amvrelia.gr\/wp-content\/uploads\/2022\/09\/67e60f86-dcb9-4095-98bf-6f642371373c1-225x300.jpg 225w, https:\/\/amvrelia.gr\/wp-content\/uploads\/2022\/09\/67e60f86-dcb9-4095-98bf-6f642371373c1-768x1024.jpg 768w, https:\/\/amvrelia.gr\/wp-content\/uploads\/2022\/09\/67e60f86-dcb9-4095-98bf-6f642371373c1-1152x1536.jpg 1152w, https:\/\/amvrelia.gr\/wp-content\/uploads\/2022\/09\/67e60f86-dcb9-4095-98bf-6f642371373c1-768x1024-150x200.jpg 150w, https:\/\/amvrelia.gr\/wp-content\/uploads\/2022\/09\/67e60f86-dcb9-4095-98bf-6f642371373c1-768x1024-1440x1920.jpg 1440w, https:\/\/amvrelia.gr\/wp-content\/uploads\/2022\/09\/67e60f86-dcb9-4095-98bf-6f642371373c1-768x1024-960x1280.jpg 960w, https:\/\/amvrelia.gr\/wp-content\/uploads\/2022\/09\/67e60f86-dcb9-4095-98bf-6f642371373c1-768x1024-675x900.jpg 675w, https:\/\/amvrelia.gr\/wp-content\/uploads\/2022\/09\/67e60f86-dcb9-4095-98bf-6f642371373c1-768x1024-450x600.jpg 450w\" sizes=\"auto, (max-width: 1224px) 100vw, 1224px\" \/>    \n        <\/div>\n    <!-- \/image-wrap -->\n    \n        <\/div>\n<!-- \/module image -->        <\/div>\n                        <\/div>\n        <\/div>\n                        <div  data-lazy=\"1\" class=\"module_row themify_builder_row tb_rhh352 tf_w\">\n                        <div class=\"row_inner col_align_top tb_col_count_1 tf_box tf_rel\">\n                        <div  data-lazy=\"1\" class=\"module_column tb-column col-full tb_ucla53 first\">\n                    <!-- module image -->\n<div  class=\"module module-image tb_f07y138 image-top   tf_mw\" data-lazy=\"1\">\n        <div class=\"image-wrap tf_rel tf_mw\">\n            <img loading=\"lazy\" decoding=\"async\" width=\"10424\" height=\"240\" src=\"https:\/\/amvrelia.gr\/wp-content\/uploads\/2022\/09\/grammi.png\" class=\"wp-post-image wp-image-884\" title=\"grammi\" alt=\"grammi\" srcset=\"https:\/\/amvrelia.gr\/wp-content\/uploads\/2022\/09\/grammi.png 10424w, https:\/\/amvrelia.gr\/wp-content\/uploads\/2022\/09\/grammi-300x7.png 300w, https:\/\/amvrelia.gr\/wp-content\/uploads\/2022\/09\/grammi-1024x24.png 1024w, https:\/\/amvrelia.gr\/wp-content\/uploads\/2022\/09\/grammi-768x18.png 768w, https:\/\/amvrelia.gr\/wp-content\/uploads\/2022\/09\/grammi-1536x35.png 1536w, https:\/\/amvrelia.gr\/wp-content\/uploads\/2022\/09\/grammi-2048x47.png 2048w\" sizes=\"auto, (max-width: 10424px) 100vw, 10424px\" \/>    \n        <\/div>\n    <!-- \/image-wrap -->\n    \n        <\/div>\n<!-- \/module image -->        <\/div>\n                        <\/div>\n        <\/div>\n                        <div  data-css_id=\"yuyn421\" data-lazy=\"1\" class=\"module_row themify_builder_row fullwidth tb_yuyn421 tf_w\">\n                        <div class=\"row_inner col_align_top tb_col_count_1 tf_box tf_rel\">\n                        <div  data-lazy=\"1\" class=\"module_column tb-column col-full tb_zafs421 first\">\n                    <!-- module image -->\n<div  class=\"module module-image tb_a5l485 image-top   tf_mw\" data-lazy=\"1\">\n        <div class=\"image-wrap tf_rel tf_mw\">\n            <img loading=\"lazy\" decoding=\"async\" src=\"https:\/\/amvrelia.gr\/wp-content\/uploads\/2022\/09\/574fc743-36de-4f76-9f1e-cd91b6b0ef6a-1024x768-2560x1920.jpeg\" width=\"2560\" height=\"1920\" class=\"wp-post-image wp-image-1088\" title=\"574fc743-36de-4f76-9f1e-cd91b6b0ef6a\" alt=\"574fc743-36de-4f76-9f1e-cd91b6b0ef6a\" srcset=\"https:\/\/amvrelia.gr\/wp-content\/uploads\/2022\/09\/574fc743-36de-4f76-9f1e-cd91b6b0ef6a-1024x768-2560x1920.jpeg 2560w, https:\/\/amvrelia.gr\/wp-content\/uploads\/2022\/09\/574fc743-36de-4f76-9f1e-cd91b6b0ef6a-300x225.jpeg 300w, https:\/\/amvrelia.gr\/wp-content\/uploads\/2022\/09\/574fc743-36de-4f76-9f1e-cd91b6b0ef6a-1024x768.jpeg 1024w, https:\/\/amvrelia.gr\/wp-content\/uploads\/2022\/09\/574fc743-36de-4f76-9f1e-cd91b6b0ef6a-768x576.jpeg 768w, https:\/\/amvrelia.gr\/wp-content\/uploads\/2022\/09\/574fc743-36de-4f76-9f1e-cd91b6b0ef6a.jpeg 1280w\" sizes=\"auto, (max-width: 2560px) 100vw, 2560px\" \/>    \n        <\/div>\n    <!-- \/image-wrap -->\n    \n        <\/div>\n<!-- \/module image -->        <\/div>\n                        <\/div>\n        <\/div>\n        <\/div>\n<!--\/themify_builder_content-->\n\n<p><\/p>","protected":false},"excerpt":{"rendered":"<p>Pour les grecs, l\u2019 Olivier symbolise l &lsquo; histoire, la paix, la tradition, leurs racines. Nos anc\u00eatres ont ador\u00e9 l &lsquo; olivier. Ath\u00e9na a offert aux Ath\u00e9niens la premier olivier du monde, qui a \u00e9t\u00e9 pouss\u00e9 au point o\u00fa elle a battu sa lance pendant sa lutte avec Pos\u00e9idon pour la nomination du protecteur d\u2019 [&hellip;]<\/p>\n","protected":false},"author":2,"featured_media":0,"parent":0,"menu_order":0,"comment_status":"closed","ping_status":"closed","template":"","meta":{"_seopress_robots_primary_cat":"","_seopress_titles_title":"","_seopress_titles_desc":"","_seopress_robots_index":"","footnotes":""},"class_list":["post-1728","page","type-page","status-publish","hentry","has-post-title","has-post-date","has-post-category","has-post-tag","has-post-comment","has-post-author",""],"builder_content":"<img src=\"https:\/\/amvrelia.gr\/wp-content\/uploads\/2022\/09\/banner-1.jpg\" title=\"banner\" alt=\"banner\" srcset=\"https:\/\/amvrelia.gr\/wp-content\/uploads\/2022\/09\/banner-1.jpg 2560w, https:\/\/amvrelia.gr\/wp-content\/uploads\/2022\/09\/banner-1-300x225.jpg 300w, https:\/\/amvrelia.gr\/wp-content\/uploads\/2022\/09\/banner-1-1024x768.jpg 1024w, https:\/\/amvrelia.gr\/wp-content\/uploads\/2022\/09\/banner-1-768x576.jpg 768w, https:\/\/amvrelia.gr\/wp-content\/uploads\/2022\/09\/banner-1-1536x1152.jpg 1536w, https:\/\/amvrelia.gr\/wp-content\/uploads\/2022\/09\/banner-1-2048x1536.jpg 2048w\" sizes=\"(max-width: 2560px) 100vw, 2560px\" \/>\n<img src=\"https:\/\/amvrelia.gr\/wp-content\/uploads\/2022\/09\/ad0710a3-6388-4643-8d5e-26b3a34f6c30.jpg\" title=\"ad0710a3-6388-4643-8d5e-26b3a34f6c30\" alt=\"ad0710a3-6388-4643-8d5e-26b3a34f6c30\" srcset=\"https:\/\/amvrelia.gr\/wp-content\/uploads\/2022\/09\/ad0710a3-6388-4643-8d5e-26b3a34f6c30.jpg 1224w, https:\/\/amvrelia.gr\/wp-content\/uploads\/2022\/09\/ad0710a3-6388-4643-8d5e-26b3a34f6c30-225x300.jpg 225w, https:\/\/amvrelia.gr\/wp-content\/uploads\/2022\/09\/ad0710a3-6388-4643-8d5e-26b3a34f6c30-768x1024.jpg 768w, https:\/\/amvrelia.gr\/wp-content\/uploads\/2022\/09\/ad0710a3-6388-4643-8d5e-26b3a34f6c30-1152x1536.jpg 1152w\" sizes=\"(max-width: 1224px) 100vw, 1224px\" \/>\n<img src=\"https:\/\/amvrelia.gr\/wp-content\/uploads\/2022\/09\/grammi.png\" title=\"grammi\" alt=\"grammi\" srcset=\"https:\/\/amvrelia.gr\/wp-content\/uploads\/2022\/09\/grammi.png 10424w, https:\/\/amvrelia.gr\/wp-content\/uploads\/2022\/09\/grammi-300x7.png 300w, https:\/\/amvrelia.gr\/wp-content\/uploads\/2022\/09\/grammi-1024x24.png 1024w, https:\/\/amvrelia.gr\/wp-content\/uploads\/2022\/09\/grammi-768x18.png 768w, https:\/\/amvrelia.gr\/wp-content\/uploads\/2022\/09\/grammi-1536x35.png 1536w, https:\/\/amvrelia.gr\/wp-content\/uploads\/2022\/09\/grammi-2048x47.png 2048w\" sizes=\"(max-width: 10424px) 100vw, 10424px\" \/>\n<img src=\"https:\/\/amvrelia.gr\/wp-content\/uploads\/2022\/09\/3f8de04d-3c9e-402f-871a-d059ba9da151.jpg\" title=\"3f8de04d-3c9e-402f-871a-d059ba9da151\" alt=\"3f8de04d-3c9e-402f-871a-d059ba9da151\" srcset=\"https:\/\/amvrelia.gr\/wp-content\/uploads\/2022\/09\/3f8de04d-3c9e-402f-871a-d059ba9da151.jpg 1224w, https:\/\/amvrelia.gr\/wp-content\/uploads\/2022\/09\/3f8de04d-3c9e-402f-871a-d059ba9da151-225x300.jpg 225w, https:\/\/amvrelia.gr\/wp-content\/uploads\/2022\/09\/3f8de04d-3c9e-402f-871a-d059ba9da151-768x1024.jpg 768w, https:\/\/amvrelia.gr\/wp-content\/uploads\/2022\/09\/3f8de04d-3c9e-402f-871a-d059ba9da151-1152x1536.jpg 1152w\" sizes=\"(max-width: 1224px) 100vw, 1224px\" \/>\n<p>Pour les grecs, l\u2019 Olivier symbolise l ' histoire, la paix, la tradition, leurs racines.<\/p> <p>Nos anc\u00eatres ont ador\u00e9 l ' olivier. Ath\u00e9na a offert aux Ath\u00e9niens la premier olivier du monde, qui a \u00e9t\u00e9 pouss\u00e9 au point o\u00fa elle a battu sa lance pendant sa lutte avec Pos\u00e9idon pour la nomination du protecteur d\u2019 Ath\u00e8nes.<\/p> <p>Les Myc\u00e9niens ont offert de l\u2019 huile d\u2019 olive aux Dieux, tandis Om\u00e8re a appel\u00e9 l ' olive comme \u00abl\u2019 or liquide de la nutrition\u00bb.<\/p> <p>Aristote considerait la cultivation de l\u2019 olive comme une science , tandis Ippocrate utilisait l ' huile de l ' olive comme un medicament.<\/p> <p>A ce qui concerne la mythologie, Hercule a plant\u00e9 un olivier au temple d\u2019 H\u00e9ra \u00e0 l ' sncien Olympia , apr\u00e8s la fin de ses 12 t\u00e2ches. Il \u00e9tait connu comme \u00abune couronne d\u2019 olive\u00bb duquel \u00abKotinos\u00bb, la meilleur distinction pour un athl\u00e8te a \u00e9t\u00e9 cr\u00e9\u00e9. \u00abKotinos\u00bb \u00e9tait une couronne d ' olivier laquelle prenaient les athl\u00e8tes qui d\u00e9montraient, l ' excellence \u00e0 un sport. Aussi, l\u2019 huile de l\u2019 olive a \u00e9t\u00e9 distribu\u00e9 aux vainceurs dans les amphores Panath\u00e9niques.<\/p> <p>Il s ' agit d\u2019 une source d ' inspiration de nos jours aussi, comme elle nous unit comme un peuple et elle nous rappelle dans notre vie quotidienne le discours po\u00e9tique d\u2019 Ulysse Eliti \u00absi on d\u00e9compose Gr\u00e8ce, enfin on a un olivier, une vigne et un bateau. \u00c7a veut dire que avec tout cela on peut la recompose\u00bb.<\/p>\n<img src=\"https:\/\/amvrelia.gr\/wp-content\/uploads\/2022\/09\/67e60f86-dcb9-4095-98bf-6f642371373c1.jpg\" title=\"67e60f86-dcb9-4095-98bf-6f642371373c1\" alt=\"67e60f86-dcb9-4095-98bf-6f642371373c1\" srcset=\"https:\/\/amvrelia.gr\/wp-content\/uploads\/2022\/09\/67e60f86-dcb9-4095-98bf-6f642371373c1.jpg 1224w, https:\/\/amvrelia.gr\/wp-content\/uploads\/2022\/09\/67e60f86-dcb9-4095-98bf-6f642371373c1-225x300.jpg 225w, https:\/\/amvrelia.gr\/wp-content\/uploads\/2022\/09\/67e60f86-dcb9-4095-98bf-6f642371373c1-768x1024.jpg 768w, https:\/\/amvrelia.gr\/wp-content\/uploads\/2022\/09\/67e60f86-dcb9-4095-98bf-6f642371373c1-1152x1536.jpg 1152w, https:\/\/amvrelia.gr\/wp-content\/uploads\/2022\/09\/67e60f86-dcb9-4095-98bf-6f642371373c1-768x1024-150x200.jpg 150w, https:\/\/amvrelia.gr\/wp-content\/uploads\/2022\/09\/67e60f86-dcb9-4095-98bf-6f642371373c1-768x1024-1440x1920.jpg 1440w, https:\/\/amvrelia.gr\/wp-content\/uploads\/2022\/09\/67e60f86-dcb9-4095-98bf-6f642371373c1-768x1024-960x1280.jpg 960w, https:\/\/amvrelia.gr\/wp-content\/uploads\/2022\/09\/67e60f86-dcb9-4095-98bf-6f642371373c1-768x1024-675x900.jpg 675w, https:\/\/amvrelia.gr\/wp-content\/uploads\/2022\/09\/67e60f86-dcb9-4095-98bf-6f642371373c1-768x1024-450x600.jpg 450w\" sizes=\"(max-width: 1224px) 100vw, 1224px\" \/>\n<img src=\"https:\/\/amvrelia.gr\/wp-content\/uploads\/2022\/09\/grammi.png\" title=\"grammi\" alt=\"grammi\" srcset=\"https:\/\/amvrelia.gr\/wp-content\/uploads\/2022\/09\/grammi.png 10424w, https:\/\/amvrelia.gr\/wp-content\/uploads\/2022\/09\/grammi-300x7.png 300w, https:\/\/amvrelia.gr\/wp-content\/uploads\/2022\/09\/grammi-1024x24.png 1024w, https:\/\/amvrelia.gr\/wp-content\/uploads\/2022\/09\/grammi-768x18.png 768w, https:\/\/amvrelia.gr\/wp-content\/uploads\/2022\/09\/grammi-1536x35.png 1536w, https:\/\/amvrelia.gr\/wp-content\/uploads\/2022\/09\/grammi-2048x47.png 2048w\" sizes=\"(max-width: 10424px) 100vw, 10424px\" \/>\n<img src=\"https:\/\/amvrelia.gr\/wp-content\/uploads\/2022\/09\/574fc743-36de-4f76-9f1e-cd91b6b0ef6a-1024x768-2560x1920.jpeg\" width=\"2560\" height=\"1920\" title=\"574fc743-36de-4f76-9f1e-cd91b6b0ef6a\" alt=\"574fc743-36de-4f76-9f1e-cd91b6b0ef6a\" srcset=\"https:\/\/amvrelia.gr\/wp-content\/uploads\/2022\/09\/574fc743-36de-4f76-9f1e-cd91b6b0ef6a-1024x768-2560x1920.jpeg 2560w, https:\/\/amvrelia.gr\/wp-content\/uploads\/2022\/09\/574fc743-36de-4f76-9f1e-cd91b6b0ef6a-300x225.jpeg 300w, https:\/\/amvrelia.gr\/wp-content\/uploads\/2022\/09\/574fc743-36de-4f76-9f1e-cd91b6b0ef6a-1024x768.jpeg 1024w, https:\/\/amvrelia.gr\/wp-content\/uploads\/2022\/09\/574fc743-36de-4f76-9f1e-cd91b6b0ef6a-768x576.jpeg 768w, https:\/\/amvrelia.gr\/wp-content\/uploads\/2022\/09\/574fc743-36de-4f76-9f1e-cd91b6b0ef6a.jpeg 1280w\" sizes=\"(max-width: 2560px) 100vw, 2560px\" \/>","_links":{"self":[{"href":"https:\/\/amvrelia.gr\/fr\/wp-json\/wp\/v2\/pages\/1728","targetHints":{"allow":["GET"]}}],"collection":[{"href":"https:\/\/amvrelia.gr\/fr\/wp-json\/wp\/v2\/pages"}],"about":[{"href":"https:\/\/amvrelia.gr\/fr\/wp-json\/wp\/v2\/types\/page"}],"author":[{"embeddable":true,"href":"https:\/\/amvrelia.gr\/fr\/wp-json\/wp\/v2\/users\/2"}],"replies":[{"embeddable":true,"href":"https:\/\/amvrelia.gr\/fr\/wp-json\/wp\/v2\/comments?post=1728"}],"version-history":[{"count":2,"href":"https:\/\/amvrelia.gr\/fr\/wp-json\/wp\/v2\/pages\/1728\/revisions"}],"predecessor-version":[{"id":1731,"href":"https:\/\/amvrelia.gr\/fr\/wp-json\/wp\/v2\/pages\/1728\/revisions\/1731"}],"wp:attachment":[{"href":"https:\/\/amvrelia.gr\/fr\/wp-json\/wp\/v2\/media?parent=1728"}],"curies":[{"name":"wp","href":"https:\/\/api.w.org\/{rel}","templated":true}]}}