{"id":1656,"date":"2022-09-30T15:45:39","date_gmt":"2022-09-30T15:45:39","guid":{"rendered":"https:\/\/amvrelia.gr\/?page_id=1656"},"modified":"2022-10-06T08:28:54","modified_gmt":"2022-10-06T08:28:54","slug":"notre-philosophie","status":"publish","type":"page","link":"https:\/\/amvrelia.gr\/fr\/notre-philosophie\/","title":{"rendered":"Notre philosophie"},"content":{"rendered":"<!--themify_builder_content-->\n<div id=\"themify_builder_content-1656\" data-postid=\"1656\" class=\"themify_builder_content themify_builder_content-1656 themify_builder tf_clear\">\n                    <div  data-lazy=\"1\" class=\"module_row themify_builder_row tb_jgrw281 tb_first tf_w\">\n                        <div class=\"row_inner gutter-narrow col_align_top tb_col_count_2 tf_box tf_rel\">\n                        <div  data-lazy=\"1\" class=\"module_column tb-column col4-2 tb_nfo5282 first\">\n                    <!-- module text -->\n<div  class=\"module module-text tb_84zn934   \" data-lazy=\"1\">\n        <div  class=\"tb_text_wrap\">\n        <p>Notre entreprise , a comme but essentiel l\u2019 observation et l\u2019 adaptation des tendances nouvelles de nutrition , avec des produits d\u2019 haute valeur alimentaire , qui correspondent totallement aux besoins du consommateur contemporain et preservent leur puret\u00e9 afin de b\u00e9neficier l\u2019 organisme et la qualit\u00e9 de vie en g\u00e9n\u00e9ral.<\/p>\n<p>Sauf la production de nos propres oliveraies , nous choisissons attentivement et avec grande responsabilit\u00e9 les producteurs avec les quels nous collaborons , afin d \u2018 assurer une excellente qualit\u00e9 de nos produits.<\/p>\n<p>Chaque ann\u00e9e des visites des \u00e9coles et des universit\u00e9s ont lieu \u00e0 nos installations pendant les quelles les enfants s\u2019 informent de l\u2019 action de notre entreprise et ils se sensibilisent \u00e0 ce qui concerne l\u2019 environnement et l\u2019 alimentation saine.<\/p>    <\/div>\n<\/div>\n<!-- \/module text --><!-- module image -->\n<div  class=\"module module-image tb_yvsl823 image-top   tf_mw\" data-lazy=\"1\">\n        <div class=\"image-wrap tf_rel tf_mw\">\n            <img loading=\"lazy\" decoding=\"async\" width=\"1632\" height=\"1224\" src=\"https:\/\/amvrelia.gr\/wp-content\/uploads\/2022\/09\/b5448c65-230f-465d-93f6-fa8c4034637d.jpg\" class=\"wp-post-image wp-image-905\" title=\"b5448c65-230f-465d-93f6-fa8c4034637d\" alt=\"b5448c65-230f-465d-93f6-fa8c4034637d\" srcset=\"https:\/\/amvrelia.gr\/wp-content\/uploads\/2022\/09\/b5448c65-230f-465d-93f6-fa8c4034637d.jpg 1632w, https:\/\/amvrelia.gr\/wp-content\/uploads\/2022\/09\/b5448c65-230f-465d-93f6-fa8c4034637d-300x225.jpg 300w, https:\/\/amvrelia.gr\/wp-content\/uploads\/2022\/09\/b5448c65-230f-465d-93f6-fa8c4034637d-1024x768.jpg 1024w, https:\/\/amvrelia.gr\/wp-content\/uploads\/2022\/09\/b5448c65-230f-465d-93f6-fa8c4034637d-768x576.jpg 768w, https:\/\/amvrelia.gr\/wp-content\/uploads\/2022\/09\/b5448c65-230f-465d-93f6-fa8c4034637d-1536x1152.jpg 1536w\" sizes=\"auto, (max-width: 1632px) 100vw, 1632px\" \/>    \n        <\/div>\n    <!-- \/image-wrap -->\n    \n        <\/div>\n<!-- \/module image -->        <\/div>\n                    <div  data-lazy=\"1\" class=\"module_column tb-column col4-2 tb_7d44952 last\">\n                    <!-- module image -->\n<div  class=\"module module-image tb_46df935 image-top   tf_mw\" data-lazy=\"1\">\n        <div class=\"image-wrap tf_rel tf_mw\">\n            <img loading=\"lazy\" decoding=\"async\" width=\"1632\" height=\"1224\" src=\"https:\/\/amvrelia.gr\/wp-content\/uploads\/2022\/09\/fd6fac97-0f0b-4437-bc09-96e7db2e2df7.jpg\" class=\"wp-post-image wp-image-902\" title=\"fd6fac97-0f0b-4437-bc09-96e7db2e2df7\" alt=\"fd6fac97-0f0b-4437-bc09-96e7db2e2df7\" srcset=\"https:\/\/amvrelia.gr\/wp-content\/uploads\/2022\/09\/fd6fac97-0f0b-4437-bc09-96e7db2e2df7.jpg 1632w, https:\/\/amvrelia.gr\/wp-content\/uploads\/2022\/09\/fd6fac97-0f0b-4437-bc09-96e7db2e2df7-300x225.jpg 300w, https:\/\/amvrelia.gr\/wp-content\/uploads\/2022\/09\/fd6fac97-0f0b-4437-bc09-96e7db2e2df7-1024x768.jpg 1024w, https:\/\/amvrelia.gr\/wp-content\/uploads\/2022\/09\/fd6fac97-0f0b-4437-bc09-96e7db2e2df7-768x576.jpg 768w, https:\/\/amvrelia.gr\/wp-content\/uploads\/2022\/09\/fd6fac97-0f0b-4437-bc09-96e7db2e2df7-1536x1152.jpg 1536w\" sizes=\"auto, (max-width: 1632px) 100vw, 1632px\" \/>    \n        <\/div>\n    <!-- \/image-wrap -->\n    \n        <\/div>\n<!-- \/module image --><!-- module text -->\n<div  class=\"module module-text tb_ehuq823   \" data-lazy=\"1\">\n        <div  class=\"tb_text_wrap\">\n        <p>Tous ceux qui travaillent \u00e0 l\u2019 entreprise AMVRELIA, nous avons l\u2019 horientation au r\u00e9tablissement des m\u00e9thodes naturelles de production en utilisant des moyens modernes comme conc\u00e9quence la cr\u00e9ation des produits naturels d\u2019 haute valeur alimentaire sans aucune addition des conservateurs et des substances chimiques.<\/p>    <\/div>\n<\/div>\n<!-- \/module text -->        <\/div>\n                        <\/div>\n        <\/div>\n                        <div  data-lazy=\"1\" class=\"module_row themify_builder_row tb_duyv86 tf_w\">\n                        <div class=\"row_inner col_align_top tb_col_count_1 tf_box tf_rel\">\n                        <div  data-lazy=\"1\" class=\"module_column tb-column col-full tb_h2sj87 first\">\n                    <!-- module image -->\n<div  class=\"module module-image tb_990861 image-top   tf_mw\" data-lazy=\"1\">\n        <div class=\"image-wrap tf_rel tf_mw\">\n            <img loading=\"lazy\" decoding=\"async\" width=\"10424\" height=\"240\" src=\"https:\/\/amvrelia.gr\/wp-content\/uploads\/2022\/09\/grammi.png\" class=\"wp-post-image wp-image-884\" title=\"grammi\" alt=\"grammi\" srcset=\"https:\/\/amvrelia.gr\/wp-content\/uploads\/2022\/09\/grammi.png 10424w, https:\/\/amvrelia.gr\/wp-content\/uploads\/2022\/09\/grammi-300x7.png 300w, https:\/\/amvrelia.gr\/wp-content\/uploads\/2022\/09\/grammi-1024x24.png 1024w, https:\/\/amvrelia.gr\/wp-content\/uploads\/2022\/09\/grammi-768x18.png 768w, https:\/\/amvrelia.gr\/wp-content\/uploads\/2022\/09\/grammi-1536x35.png 1536w, https:\/\/amvrelia.gr\/wp-content\/uploads\/2022\/09\/grammi-2048x47.png 2048w\" sizes=\"auto, (max-width: 10424px) 100vw, 10424px\" \/>    \n        <\/div>\n    <!-- \/image-wrap -->\n    \n        <\/div>\n<!-- \/module image -->        <\/div>\n                        <\/div>\n        <\/div>\n                        <div  data-css_id=\"dcpd907\" data-lazy=\"1\" class=\"module_row themify_builder_row fullwidth tb_dcpd907 tf_w\">\n                        <div class=\"row_inner col_align_top tb_col_count_1 tf_box tf_rel\">\n                        <div  data-lazy=\"1\" class=\"module_column tb-column col-full tb_1cqt908 first\">\n                            <\/div>\n                        <\/div>\n        <\/div>\n        <\/div>\n<!--\/themify_builder_content-->\n\n<p><\/p>","protected":false},"excerpt":{"rendered":"<p>Notre entreprise , a comme but essentiel l\u2019 observation et l\u2019 adaptation des tendances nouvelles de nutrition , avec des produits d\u2019 haute valeur alimentaire , qui correspondent totallement aux besoins du consommateur contemporain et preservent leur puret\u00e9 afin de b\u00e9neficier l\u2019 organisme et la qualit\u00e9 de vie en g\u00e9n\u00e9ral. Sauf la production de nos [&hellip;]<\/p>\n","protected":false},"author":2,"featured_media":0,"parent":0,"menu_order":0,"comment_status":"closed","ping_status":"closed","template":"","meta":{"_seopress_robots_primary_cat":"","_seopress_titles_title":"","_seopress_titles_desc":"","_seopress_robots_index":"","footnotes":""},"class_list":["post-1656","page","type-page","status-publish","hentry","has-post-title","has-post-date","has-post-category","has-post-tag","has-post-comment","has-post-author",""],"builder_content":"<p>Notre entreprise , a comme but essentiel l\u2019 observation et l\u2019 adaptation des tendances nouvelles de nutrition , avec des produits d\u2019 haute valeur alimentaire , qui correspondent totallement aux besoins du consommateur contemporain et preservent leur puret\u00e9 afin de b\u00e9neficier l\u2019 organisme et la qualit\u00e9 de vie en g\u00e9n\u00e9ral.<\/p> <p>Sauf la production de nos propres oliveraies , nous choisissons attentivement et avec grande responsabilit\u00e9 les producteurs avec les quels nous collaborons , afin d \u2018 assurer une excellente qualit\u00e9 de nos produits.<\/p> <p>Chaque ann\u00e9e des visites des \u00e9coles et des universit\u00e9s ont lieu \u00e0 nos installations pendant les quelles les enfants s\u2019 informent de l\u2019 action de notre entreprise et ils se sensibilisent \u00e0 ce qui concerne l\u2019 environnement et l\u2019 alimentation saine.<\/p>\n<img src=\"https:\/\/amvrelia.gr\/wp-content\/uploads\/2022\/09\/b5448c65-230f-465d-93f6-fa8c4034637d.jpg\" title=\"b5448c65-230f-465d-93f6-fa8c4034637d\" alt=\"b5448c65-230f-465d-93f6-fa8c4034637d\" srcset=\"https:\/\/amvrelia.gr\/wp-content\/uploads\/2022\/09\/b5448c65-230f-465d-93f6-fa8c4034637d.jpg 1632w, https:\/\/amvrelia.gr\/wp-content\/uploads\/2022\/09\/b5448c65-230f-465d-93f6-fa8c4034637d-300x225.jpg 300w, https:\/\/amvrelia.gr\/wp-content\/uploads\/2022\/09\/b5448c65-230f-465d-93f6-fa8c4034637d-1024x768.jpg 1024w, https:\/\/amvrelia.gr\/wp-content\/uploads\/2022\/09\/b5448c65-230f-465d-93f6-fa8c4034637d-768x576.jpg 768w, https:\/\/amvrelia.gr\/wp-content\/uploads\/2022\/09\/b5448c65-230f-465d-93f6-fa8c4034637d-1536x1152.jpg 1536w\" sizes=\"(max-width: 1632px) 100vw, 1632px\" \/>\n<img src=\"https:\/\/amvrelia.gr\/wp-content\/uploads\/2022\/09\/fd6fac97-0f0b-4437-bc09-96e7db2e2df7.jpg\" title=\"fd6fac97-0f0b-4437-bc09-96e7db2e2df7\" alt=\"fd6fac97-0f0b-4437-bc09-96e7db2e2df7\" srcset=\"https:\/\/amvrelia.gr\/wp-content\/uploads\/2022\/09\/fd6fac97-0f0b-4437-bc09-96e7db2e2df7.jpg 1632w, https:\/\/amvrelia.gr\/wp-content\/uploads\/2022\/09\/fd6fac97-0f0b-4437-bc09-96e7db2e2df7-300x225.jpg 300w, https:\/\/amvrelia.gr\/wp-content\/uploads\/2022\/09\/fd6fac97-0f0b-4437-bc09-96e7db2e2df7-1024x768.jpg 1024w, https:\/\/amvrelia.gr\/wp-content\/uploads\/2022\/09\/fd6fac97-0f0b-4437-bc09-96e7db2e2df7-768x576.jpg 768w, https:\/\/amvrelia.gr\/wp-content\/uploads\/2022\/09\/fd6fac97-0f0b-4437-bc09-96e7db2e2df7-1536x1152.jpg 1536w\" sizes=\"(max-width: 1632px) 100vw, 1632px\" \/>\n<p>Tous ceux qui travaillent \u00e0 l\u2019 entreprise AMVRELIA, nous avons l\u2019 horientation au r\u00e9tablissement des m\u00e9thodes naturelles de production en utilisant des moyens modernes comme conc\u00e9quence la cr\u00e9ation des produits naturels d\u2019 haute valeur alimentaire sans aucune addition des conservateurs et des substances chimiques.<\/p>\n<img src=\"https:\/\/amvrelia.gr\/wp-content\/uploads\/2022\/09\/grammi.png\" title=\"grammi\" alt=\"grammi\" srcset=\"https:\/\/amvrelia.gr\/wp-content\/uploads\/2022\/09\/grammi.png 10424w, https:\/\/amvrelia.gr\/wp-content\/uploads\/2022\/09\/grammi-300x7.png 300w, https:\/\/amvrelia.gr\/wp-content\/uploads\/2022\/09\/grammi-1024x24.png 1024w, https:\/\/amvrelia.gr\/wp-content\/uploads\/2022\/09\/grammi-768x18.png 768w, https:\/\/amvrelia.gr\/wp-content\/uploads\/2022\/09\/grammi-1536x35.png 1536w, https:\/\/amvrelia.gr\/wp-content\/uploads\/2022\/09\/grammi-2048x47.png 2048w\" sizes=\"(max-width: 10424px) 100vw, 10424px\" \/>","_links":{"self":[{"href":"https:\/\/amvrelia.gr\/fr\/wp-json\/wp\/v2\/pages\/1656","targetHints":{"allow":["GET"]}}],"collection":[{"href":"https:\/\/amvrelia.gr\/fr\/wp-json\/wp\/v2\/pages"}],"about":[{"href":"https:\/\/amvrelia.gr\/fr\/wp-json\/wp\/v2\/types\/page"}],"author":[{"embeddable":true,"href":"https:\/\/amvrelia.gr\/fr\/wp-json\/wp\/v2\/users\/2"}],"replies":[{"embeddable":true,"href":"https:\/\/amvrelia.gr\/fr\/wp-json\/wp\/v2\/comments?post=1656"}],"version-history":[{"count":4,"href":"https:\/\/amvrelia.gr\/fr\/wp-json\/wp\/v2\/pages\/1656\/revisions"}],"predecessor-version":[{"id":1667,"href":"https:\/\/amvrelia.gr\/fr\/wp-json\/wp\/v2\/pages\/1656\/revisions\/1667"}],"wp:attachment":[{"href":"https:\/\/amvrelia.gr\/fr\/wp-json\/wp\/v2\/media?parent=1656"}],"curies":[{"name":"wp","href":"https:\/\/api.w.org\/{rel}","templated":true}]}}