{"id":1619,"date":"2022-09-30T16:02:31","date_gmt":"2022-09-30T16:02:31","guid":{"rendered":"https:\/\/amvrelia.gr\/?page_id=1619"},"modified":"2022-10-06T08:03:37","modified_gmt":"2022-10-06T08:03:37","slug":"%ce%bdotre-nouveaute","status":"publish","type":"page","link":"https:\/\/amvrelia.gr\/fr\/%ce%bdotre-nouveaute\/","title":{"rendered":"\u039dotre nouveaut\u00e9"},"content":{"rendered":"<!--themify_builder_content-->\n<div id=\"themify_builder_content-1619\" data-postid=\"1619\" class=\"themify_builder_content themify_builder_content-1619 themify_builder tf_clear\">\n                    <div  data-lazy=\"1\" class=\"module_row themify_builder_row tb_kxeu503 tb_first tf_w\">\n                        <div class=\"row_inner gutter-narrow col_align_top tb_col_count_2 tf_box tf_rel\">\n                        <div  data-lazy=\"1\" class=\"module_column tb-column col4-2 tb_f08b504 first\">\n                    <!-- module text -->\n<div  class=\"module module-text tb_2s39504   \" data-lazy=\"1\">\n        <div  class=\"tb_text_wrap\">\n        <p>Pendant les ann\u00e9es derni\u00e8res on observe que beaucoup d\u2019 efforts ont lieu pour la pr\u00e9servation et la protection de l\u2019 environnement mondialement, chose qui touche directement le domain le la culture agricole.<\/p>\n<p>Chaque jour , des consommateurs sensibilis\u00e9s , exigent \u00e0 leur r\u00e9gime quotidien des aliments nutritifs sans de substances chimiques. En fonction de la demande des consommateurs pour une nutrition saine et dans viser au profit imm\u00e9diat , nous choisissons et utilisons les fa\u00e7ons de production , d\u2019 elaboration et de conservation traditionnelles et saines.<\/p>    <\/div>\n<\/div>\n<!-- \/module text --><!-- module image -->\n<div  class=\"module module-image tb_j4qw506 image-top   tf_mw\" data-lazy=\"1\">\n        <div class=\"image-wrap tf_rel tf_mw\">\n            <img loading=\"lazy\" decoding=\"async\" width=\"960\" height=\"1280\" src=\"https:\/\/amvrelia.gr\/wp-content\/uploads\/2022\/09\/c620a981-f890-458b-8852-64f86f8cc9ca.jpeg\" class=\"wp-post-image wp-image-914\" title=\"c620a981-f890-458b-8852-64f86f8cc9ca\" alt=\"c620a981-f890-458b-8852-64f86f8cc9ca\" srcset=\"https:\/\/amvrelia.gr\/wp-content\/uploads\/2022\/09\/c620a981-f890-458b-8852-64f86f8cc9ca.jpeg 960w, https:\/\/amvrelia.gr\/wp-content\/uploads\/2022\/09\/c620a981-f890-458b-8852-64f86f8cc9ca-225x300.jpeg 225w, https:\/\/amvrelia.gr\/wp-content\/uploads\/2022\/09\/c620a981-f890-458b-8852-64f86f8cc9ca-768x1024.jpeg 768w\" sizes=\"auto, (max-width: 960px) 100vw, 960px\" \/>    \n        <\/div>\n    <!-- \/image-wrap -->\n    \n        <\/div>\n<!-- \/module image -->        <\/div>\n                    <div  data-lazy=\"1\" class=\"module_column tb-column col4-2 tb_5ugy505 last\">\n                    <!-- module image -->\n<div  class=\"module module-image tb_v6li505 image-top   tf_mw\" data-lazy=\"1\">\n        <div class=\"image-wrap tf_rel tf_mw\">\n            <img loading=\"lazy\" decoding=\"async\" width=\"1224\" height=\"1632\" src=\"https:\/\/amvrelia.gr\/wp-content\/uploads\/2022\/09\/28f2cf81-ecb6-45c6-9605-31862e9fdcb5.jpg\" class=\"wp-post-image wp-image-911\" title=\"28f2cf81-ecb6-45c6-9605-31862e9fdcb5\" alt=\"28f2cf81-ecb6-45c6-9605-31862e9fdcb5\" srcset=\"https:\/\/amvrelia.gr\/wp-content\/uploads\/2022\/09\/28f2cf81-ecb6-45c6-9605-31862e9fdcb5.jpg 1224w, https:\/\/amvrelia.gr\/wp-content\/uploads\/2022\/09\/28f2cf81-ecb6-45c6-9605-31862e9fdcb5-225x300.jpg 225w, https:\/\/amvrelia.gr\/wp-content\/uploads\/2022\/09\/28f2cf81-ecb6-45c6-9605-31862e9fdcb5-768x1024.jpg 768w, https:\/\/amvrelia.gr\/wp-content\/uploads\/2022\/09\/28f2cf81-ecb6-45c6-9605-31862e9fdcb5-1152x1536.jpg 1152w\" sizes=\"auto, (max-width: 1224px) 100vw, 1224px\" \/>    \n        <\/div>\n    <!-- \/image-wrap -->\n    \n        <\/div>\n<!-- \/module image --><!-- module text -->\n<div  class=\"module module-text tb_gqj2507   \" data-lazy=\"1\">\n        <div  class=\"tb_text_wrap\">\n        <p>Nos olives sont scell\u00e9es et \u00e0 la fermeture \u00e9tanche dans des f\u00fbts afin de m\u00fbrir et avoir le contr\u00f4l de tra\u00e7abilit\u00e9 de nos produits.Nous preservons nos produits 100% naturels , sans aucune \u00e9laboration chimique qui pourrait avoir comme cons\u00e9quence la reduction du co\u00fbt et du temps qui est n\u00e9cessaire pour la maturation de l\u2019 olive, mais elle degraderait la qualit\u00e9 et la valeur nutritive de nos produits.<\/p>\n<p>A notre effort de la recherche des mani\u00e8res saines d\u2019 emballage qui aideront \u00e0 la conservation de la qualit\u00e9 et de la naturalit\u00e9 de nos produits , nous disposons aux consommateurs des emballages PET et en verre avec nos produits , qui sont sans pasteurisation , ainsi ils contiennent toutes c les substances de l &lsquo; olive .<\/p>    <\/div>\n<\/div>\n<!-- \/module text -->        <\/div>\n                        <\/div>\n        <\/div>\n                        <div  data-lazy=\"1\" class=\"module_row themify_builder_row tb_pj9v503 tf_w\">\n                        <div class=\"row_inner col_align_top tb_col_count_1 tf_box tf_rel\">\n                        <div  data-lazy=\"1\" class=\"module_column tb-column col-full tb_hexv507 first\">\n                    <!-- module image -->\n<div  class=\"module module-image tb_mmt8508 image-top   tf_mw\" data-lazy=\"1\">\n        <div class=\"image-wrap tf_rel tf_mw\">\n            <img loading=\"lazy\" decoding=\"async\" width=\"10424\" height=\"240\" src=\"https:\/\/amvrelia.gr\/wp-content\/uploads\/2022\/09\/grammi.png\" class=\"wp-post-image wp-image-884\" title=\"grammi\" alt=\"grammi\" srcset=\"https:\/\/amvrelia.gr\/wp-content\/uploads\/2022\/09\/grammi.png 10424w, https:\/\/amvrelia.gr\/wp-content\/uploads\/2022\/09\/grammi-300x7.png 300w, https:\/\/amvrelia.gr\/wp-content\/uploads\/2022\/09\/grammi-1024x24.png 1024w, https:\/\/amvrelia.gr\/wp-content\/uploads\/2022\/09\/grammi-768x18.png 768w, https:\/\/amvrelia.gr\/wp-content\/uploads\/2022\/09\/grammi-1536x35.png 1536w, https:\/\/amvrelia.gr\/wp-content\/uploads\/2022\/09\/grammi-2048x47.png 2048w\" sizes=\"auto, (max-width: 10424px) 100vw, 10424px\" \/>    \n        <\/div>\n    <!-- \/image-wrap -->\n    \n        <\/div>\n<!-- \/module image -->        <\/div>\n                        <\/div>\n        <\/div>\n                        <div  data-css_id=\"dpe4503\" data-lazy=\"1\" class=\"module_row themify_builder_row fullwidth tb_dpe4503 tf_w\">\n                        <div class=\"row_inner col_align_top tb_col_count_1 tf_box tf_rel\">\n                        <div  data-lazy=\"1\" class=\"module_column tb-column col-full tb_1vki509 first\">\n                            <\/div>\n                        <\/div>\n        <\/div>\n        <\/div>\n<!--\/themify_builder_content-->\n\n<p><\/p>","protected":false},"excerpt":{"rendered":"<p>Pendant les ann\u00e9es derni\u00e8res on observe que beaucoup d\u2019 efforts ont lieu pour la pr\u00e9servation et la protection de l\u2019 environnement mondialement, chose qui touche directement le domain le la culture agricole. Chaque jour , des consommateurs sensibilis\u00e9s , exigent \u00e0 leur r\u00e9gime quotidien des aliments nutritifs sans de substances chimiques. En fonction de la [&hellip;]<\/p>\n","protected":false},"author":2,"featured_media":0,"parent":0,"menu_order":0,"comment_status":"closed","ping_status":"closed","template":"","meta":{"_seopress_robots_primary_cat":"","_seopress_titles_title":"","_seopress_titles_desc":"","_seopress_robots_index":"","footnotes":""},"class_list":["post-1619","page","type-page","status-publish","hentry","has-post-title","has-post-date","has-post-category","has-post-tag","has-post-comment","has-post-author",""],"builder_content":"<p>Pendant les ann\u00e9es derni\u00e8res on observe que beaucoup d\u2019 efforts ont lieu pour la pr\u00e9servation et la protection de l\u2019 environnement mondialement, chose qui touche directement le domain le la culture agricole.<\/p> <p>Chaque jour , des consommateurs sensibilis\u00e9s , exigent \u00e0 leur r\u00e9gime quotidien des aliments nutritifs sans de substances chimiques. En fonction de la demande des consommateurs pour une nutrition saine et dans viser au profit imm\u00e9diat , nous choisissons et utilisons les fa\u00e7ons de production , d\u2019 elaboration et de conservation traditionnelles et saines.<\/p>\n<img src=\"https:\/\/amvrelia.gr\/wp-content\/uploads\/2022\/09\/c620a981-f890-458b-8852-64f86f8cc9ca.jpeg\" title=\"c620a981-f890-458b-8852-64f86f8cc9ca\" alt=\"c620a981-f890-458b-8852-64f86f8cc9ca\" srcset=\"https:\/\/amvrelia.gr\/wp-content\/uploads\/2022\/09\/c620a981-f890-458b-8852-64f86f8cc9ca.jpeg 960w, https:\/\/amvrelia.gr\/wp-content\/uploads\/2022\/09\/c620a981-f890-458b-8852-64f86f8cc9ca-225x300.jpeg 225w, https:\/\/amvrelia.gr\/wp-content\/uploads\/2022\/09\/c620a981-f890-458b-8852-64f86f8cc9ca-768x1024.jpeg 768w\" sizes=\"(max-width: 960px) 100vw, 960px\" \/>\n<img src=\"https:\/\/amvrelia.gr\/wp-content\/uploads\/2022\/09\/28f2cf81-ecb6-45c6-9605-31862e9fdcb5.jpg\" title=\"28f2cf81-ecb6-45c6-9605-31862e9fdcb5\" alt=\"28f2cf81-ecb6-45c6-9605-31862e9fdcb5\" srcset=\"https:\/\/amvrelia.gr\/wp-content\/uploads\/2022\/09\/28f2cf81-ecb6-45c6-9605-31862e9fdcb5.jpg 1224w, https:\/\/amvrelia.gr\/wp-content\/uploads\/2022\/09\/28f2cf81-ecb6-45c6-9605-31862e9fdcb5-225x300.jpg 225w, https:\/\/amvrelia.gr\/wp-content\/uploads\/2022\/09\/28f2cf81-ecb6-45c6-9605-31862e9fdcb5-768x1024.jpg 768w, https:\/\/amvrelia.gr\/wp-content\/uploads\/2022\/09\/28f2cf81-ecb6-45c6-9605-31862e9fdcb5-1152x1536.jpg 1152w\" sizes=\"(max-width: 1224px) 100vw, 1224px\" \/>\n<p>Nos olives sont scell\u00e9es et \u00e0 la fermeture \u00e9tanche dans des f\u00fbts afin de m\u00fbrir et avoir le contr\u00f4l de tra\u00e7abilit\u00e9 de nos produits.Nous preservons nos produits 100% naturels , sans aucune \u00e9laboration chimique qui pourrait avoir comme cons\u00e9quence la reduction du co\u00fbt et du temps qui est n\u00e9cessaire pour la maturation de l\u2019 olive, mais elle degraderait la qualit\u00e9 et la valeur nutritive de nos produits.<\/p> <p>A notre effort de la recherche des mani\u00e8res saines d\u2019 emballage qui aideront \u00e0 la conservation de la qualit\u00e9 et de la naturalit\u00e9 de nos produits , nous disposons aux consommateurs des emballages PET et en verre avec nos produits , qui sont sans pasteurisation , ainsi ils contiennent toutes c les substances de l ' olive .<\/p>\n<img src=\"https:\/\/amvrelia.gr\/wp-content\/uploads\/2022\/09\/grammi.png\" title=\"grammi\" alt=\"grammi\" srcset=\"https:\/\/amvrelia.gr\/wp-content\/uploads\/2022\/09\/grammi.png 10424w, https:\/\/amvrelia.gr\/wp-content\/uploads\/2022\/09\/grammi-300x7.png 300w, https:\/\/amvrelia.gr\/wp-content\/uploads\/2022\/09\/grammi-1024x24.png 1024w, https:\/\/amvrelia.gr\/wp-content\/uploads\/2022\/09\/grammi-768x18.png 768w, https:\/\/amvrelia.gr\/wp-content\/uploads\/2022\/09\/grammi-1536x35.png 1536w, https:\/\/amvrelia.gr\/wp-content\/uploads\/2022\/09\/grammi-2048x47.png 2048w\" sizes=\"(max-width: 10424px) 100vw, 10424px\" \/>","_links":{"self":[{"href":"https:\/\/amvrelia.gr\/fr\/wp-json\/wp\/v2\/pages\/1619","targetHints":{"allow":["GET"]}}],"collection":[{"href":"https:\/\/amvrelia.gr\/fr\/wp-json\/wp\/v2\/pages"}],"about":[{"href":"https:\/\/amvrelia.gr\/fr\/wp-json\/wp\/v2\/types\/page"}],"author":[{"embeddable":true,"href":"https:\/\/amvrelia.gr\/fr\/wp-json\/wp\/v2\/users\/2"}],"replies":[{"embeddable":true,"href":"https:\/\/amvrelia.gr\/fr\/wp-json\/wp\/v2\/comments?post=1619"}],"version-history":[{"count":5,"href":"https:\/\/amvrelia.gr\/fr\/wp-json\/wp\/v2\/pages\/1619\/revisions"}],"predecessor-version":[{"id":1625,"href":"https:\/\/amvrelia.gr\/fr\/wp-json\/wp\/v2\/pages\/1619\/revisions\/1625"}],"wp:attachment":[{"href":"https:\/\/amvrelia.gr\/fr\/wp-json\/wp\/v2\/media?parent=1619"}],"curies":[{"name":"wp","href":"https:\/\/api.w.org\/{rel}","templated":true}]}}