{"id":1601,"date":"2022-09-30T16:39:13","date_gmt":"2022-09-30T16:39:13","guid":{"rendered":"https:\/\/amvrelia.gr\/?page_id=1601"},"modified":"2022-10-06T07:45:21","modified_gmt":"2022-10-06T07:45:21","slug":"installations","status":"publish","type":"page","link":"https:\/\/amvrelia.gr\/fr\/installations\/","title":{"rendered":"Installations"},"content":{"rendered":"<!--themify_builder_content-->\n<div id=\"themify_builder_content-1601\" data-postid=\"1601\" class=\"themify_builder_content themify_builder_content-1601 themify_builder tf_clear\">\n                    <div  data-lazy=\"1\" class=\"module_row themify_builder_row tb_6788984 tb_first tf_w\">\n                        <div class=\"row_inner gutter-narrow col_align_top tb_col_count_3 tf_box tf_rel\">\n                        <div  data-lazy=\"1\" class=\"module_column tb-column col3-1 tb_1dyd985 first\">\n                    <!-- module image -->\n<div  class=\"module module-image tb_ys2w985 image-top   tf_mw\" data-lazy=\"1\">\n        <div class=\"image-wrap tf_rel tf_mw\">\n            <img decoding=\"async\" src=\"https:\/\/amvrelia.gr\/wp-content\/uploads\/2022\/09\/fb7c3628-e2c0-4d3f-bd87-35684b4f29b8-1024x762-376x280.jpg\" height=\"280\" class=\"wp-post-image wp-image-1031\" title=\"fb7c3628-e2c0-4d3f-bd87-35684b4f29b8\" alt=\"fb7c3628-e2c0-4d3f-bd87-35684b4f29b8\" srcset=\"https:\/\/amvrelia.gr\/wp-content\/uploads\/2022\/09\/fb7c3628-e2c0-4d3f-bd87-35684b4f29b8-1024x762-376x280.jpg 376w, https:\/\/amvrelia.gr\/wp-content\/uploads\/2022\/09\/fb7c3628-e2c0-4d3f-bd87-35684b4f29b8-300x223.jpg 300w, https:\/\/amvrelia.gr\/wp-content\/uploads\/2022\/09\/fb7c3628-e2c0-4d3f-bd87-35684b4f29b8-1024x762.jpg 1024w, https:\/\/amvrelia.gr\/wp-content\/uploads\/2022\/09\/fb7c3628-e2c0-4d3f-bd87-35684b4f29b8-768x572.jpg 768w, https:\/\/amvrelia.gr\/wp-content\/uploads\/2022\/09\/fb7c3628-e2c0-4d3f-bd87-35684b4f29b8.jpg 1264w\" sizes=\"(max-width: 376px) 100vw, 376px\" \/>    \n        <\/div>\n    <!-- \/image-wrap -->\n    \n        <\/div>\n<!-- \/module image --><!-- module image -->\n<div  class=\"module module-image tb_qx7c986 image-top   tf_mw\" data-lazy=\"1\">\n        <div class=\"image-wrap tf_rel tf_mw\">\n            <img loading=\"lazy\" decoding=\"async\" width=\"10424\" height=\"240\" src=\"https:\/\/amvrelia.gr\/wp-content\/uploads\/2022\/09\/grammi.png\" class=\"wp-post-image wp-image-884\" title=\"grammi\" alt=\"grammi\" srcset=\"https:\/\/amvrelia.gr\/wp-content\/uploads\/2022\/09\/grammi.png 10424w, https:\/\/amvrelia.gr\/wp-content\/uploads\/2022\/09\/grammi-300x7.png 300w, https:\/\/amvrelia.gr\/wp-content\/uploads\/2022\/09\/grammi-1024x24.png 1024w, https:\/\/amvrelia.gr\/wp-content\/uploads\/2022\/09\/grammi-768x18.png 768w, https:\/\/amvrelia.gr\/wp-content\/uploads\/2022\/09\/grammi-1536x35.png 1536w, https:\/\/amvrelia.gr\/wp-content\/uploads\/2022\/09\/grammi-2048x47.png 2048w\" sizes=\"auto, (max-width: 10424px) 100vw, 10424px\" \/>    \n        <\/div>\n    <!-- \/image-wrap -->\n    \n        <\/div>\n<!-- \/module image --><!-- module image -->\n<div  class=\"module module-image tb_yxt5986 image-top   tf_mw\" data-lazy=\"1\">\n        <div class=\"image-wrap tf_rel tf_mw\">\n            <img decoding=\"async\" src=\"https:\/\/amvrelia.gr\/wp-content\/uploads\/2022\/09\/18d3d3b5-eaf3-4abd-87b2-e12e4d5c1e89-1024x768-373x280.jpg\" height=\"280\" class=\"wp-post-image wp-image-1037\" title=\"18d3d3b5-eaf3-4abd-87b2-e12e4d5c1e89\" alt=\"18d3d3b5-eaf3-4abd-87b2-e12e4d5c1e89\" srcset=\"https:\/\/amvrelia.gr\/wp-content\/uploads\/2022\/09\/18d3d3b5-eaf3-4abd-87b2-e12e4d5c1e89-1024x768-373x280.jpg 373w, https:\/\/amvrelia.gr\/wp-content\/uploads\/2022\/09\/18d3d3b5-eaf3-4abd-87b2-e12e4d5c1e89-300x225.jpg 300w, https:\/\/amvrelia.gr\/wp-content\/uploads\/2022\/09\/18d3d3b5-eaf3-4abd-87b2-e12e4d5c1e89-1024x768.jpg 1024w, https:\/\/amvrelia.gr\/wp-content\/uploads\/2022\/09\/18d3d3b5-eaf3-4abd-87b2-e12e4d5c1e89-768x576.jpg 768w, https:\/\/amvrelia.gr\/wp-content\/uploads\/2022\/09\/18d3d3b5-eaf3-4abd-87b2-e12e4d5c1e89-1536x1152.jpg 1536w, https:\/\/amvrelia.gr\/wp-content\/uploads\/2022\/09\/18d3d3b5-eaf3-4abd-87b2-e12e4d5c1e89.jpg 1632w\" sizes=\"(max-width: 373px) 100vw, 373px\" \/>    \n        <\/div>\n    <!-- \/image-wrap -->\n    \n        <\/div>\n<!-- \/module image --><!-- module image -->\n<div  class=\"module module-image tb_ukjt987 image-top   tf_mw\" data-lazy=\"1\">\n        <div class=\"image-wrap tf_rel tf_mw\">\n            <img loading=\"lazy\" decoding=\"async\" width=\"10424\" height=\"240\" src=\"https:\/\/amvrelia.gr\/wp-content\/uploads\/2022\/09\/grammi.png\" class=\"wp-post-image wp-image-884\" title=\"grammi\" alt=\"grammi\" srcset=\"https:\/\/amvrelia.gr\/wp-content\/uploads\/2022\/09\/grammi.png 10424w, https:\/\/amvrelia.gr\/wp-content\/uploads\/2022\/09\/grammi-300x7.png 300w, https:\/\/amvrelia.gr\/wp-content\/uploads\/2022\/09\/grammi-1024x24.png 1024w, https:\/\/amvrelia.gr\/wp-content\/uploads\/2022\/09\/grammi-768x18.png 768w, https:\/\/amvrelia.gr\/wp-content\/uploads\/2022\/09\/grammi-1536x35.png 1536w, https:\/\/amvrelia.gr\/wp-content\/uploads\/2022\/09\/grammi-2048x47.png 2048w\" sizes=\"auto, (max-width: 10424px) 100vw, 10424px\" \/>    \n        <\/div>\n    <!-- \/image-wrap -->\n    \n        <\/div>\n<!-- \/module image --><!-- module image -->\n<div  class=\"module module-image tb_ta4k987 image-top   tf_mw\" data-lazy=\"1\">\n        <div class=\"image-wrap tf_rel tf_mw\">\n            <img decoding=\"async\" src=\"https:\/\/amvrelia.gr\/wp-content\/uploads\/2022\/09\/b2f0181d-e9ae-4cee-ba8a-a4e4fe7488d1-1024x783-366x280.jpg\" height=\"280\" class=\"wp-post-image wp-image-1043\" title=\"b2f0181d-e9ae-4cee-ba8a-a4e4fe7488d1\" alt=\"b2f0181d-e9ae-4cee-ba8a-a4e4fe7488d1\" srcset=\"https:\/\/amvrelia.gr\/wp-content\/uploads\/2022\/09\/b2f0181d-e9ae-4cee-ba8a-a4e4fe7488d1-1024x783-366x280.jpg 366w, https:\/\/amvrelia.gr\/wp-content\/uploads\/2022\/09\/b2f0181d-e9ae-4cee-ba8a-a4e4fe7488d1-300x229.jpg 300w, https:\/\/amvrelia.gr\/wp-content\/uploads\/2022\/09\/b2f0181d-e9ae-4cee-ba8a-a4e4fe7488d1-1024x783.jpg 1024w, https:\/\/amvrelia.gr\/wp-content\/uploads\/2022\/09\/b2f0181d-e9ae-4cee-ba8a-a4e4fe7488d1-768x587.jpg 768w, https:\/\/amvrelia.gr\/wp-content\/uploads\/2022\/09\/b2f0181d-e9ae-4cee-ba8a-a4e4fe7488d1-1536x1174.jpg 1536w, https:\/\/amvrelia.gr\/wp-content\/uploads\/2022\/09\/b2f0181d-e9ae-4cee-ba8a-a4e4fe7488d1.jpg 1617w\" sizes=\"(max-width: 366px) 100vw, 366px\" \/>    \n        <\/div>\n    <!-- \/image-wrap -->\n    \n        <\/div>\n<!-- \/module image -->        <\/div>\n                    <div  data-lazy=\"1\" class=\"module_column tb-column col3-1 tb_xu8g987\">\n                    <!-- module text -->\n<div  class=\"module module-text tb_br6z987   \" data-lazy=\"1\">\n        <div  class=\"tb_text_wrap\">\n        <p>Notre entreprise a cr\u00e9e en 2016 les nouvelles et ultramodernes installations pour l\u2019 elaboration et la standardisation de l\u2019 olive.<\/p>\n<p>Nous suivons les normes les plus aust\u00e8res de production de la l\u00e9gislation Europ\u00e9enne et Nationale en preservant les niveaux de qualit\u00e9 \u00e0 une tr\u00e8s haute place., \u00e0 ce qui concerne l\u2019 hygi\u00e8ne et la securit\u00e9 de nos produits.Nous avons la capacit\u00e9 de produire plusieurs de produits de la vari\u00e9t\u00e9 KONSERVOLIA ARTAS et des olives KALAMON comme des olives enti\u00e8res et comestibles , sans noyau , fourr\u00e9es , hach\u00e9es et comme p\u00e2te d\u2019 olive .Nous emballons les produits dans des pots en verre t dans des emballages pet de dimensions diff\u00e9rentes et d\u2019 \u00e9tape de maturation diff\u00e9rent, comme des vertes , blondes et noires.<\/p>\n<p>Notre but est la combinaison des m\u00e9thodes traditionnelles de productionavec les moyens modernes pour le meilleur r\u00e9sultat possible pour nos produits.Nous travaillons constamment vers la direction de la recherche et de nouveaut\u00e9, avec grand respect au consommateur.Ainsi notre entreprise a obtenu des machines automatiques et a cr\u00e9e quatres lignes d\u2019 elaboration et de standardisation de &lsquo; olive et de ses produits.<\/p>\n<p>La ligne d\u2019 elaboration de l\u2019 olive fra\u00eeche.<\/p>\n<p>La ligne d\u2019 \u00e9noisage et de fragmentation de l\u2019 olive.<\/p>\n<p>La ligne de production de la p\u00e2te d\u2019 olive.<\/p>\n<p>La ligne de la standardisation.<\/p>    <\/div>\n<\/div>\n<!-- \/module text -->        <\/div>\n                    <div  data-lazy=\"1\" class=\"module_column tb-column col3-1 tb_e77u988 last\">\n                    <!-- module image -->\n<div  class=\"module module-image tb_00jw988 image-top   tf_mw\" data-lazy=\"1\">\n        <div class=\"image-wrap tf_rel tf_mw\">\n            <img loading=\"lazy\" decoding=\"async\" src=\"https:\/\/amvrelia.gr\/wp-content\/uploads\/2022\/09\/7eb13e69-7ea2-470f-9bbc-2daf4fe70752-1024x768-373x268.jpg\" width=\"373\" height=\"268\" class=\"wp-post-image wp-image-1034\" title=\"7eb13e69-7ea2-470f-9bbc-2daf4fe70752\" alt=\"7eb13e69-7ea2-470f-9bbc-2daf4fe70752\">    \n        <\/div>\n    <!-- \/image-wrap -->\n    \n        <\/div>\n<!-- \/module image --><!-- module image -->\n<div  class=\"module module-image tb_gjwn988 image-top   tf_mw\" data-lazy=\"1\">\n        <div class=\"image-wrap tf_rel tf_mw\">\n            <img loading=\"lazy\" decoding=\"async\" width=\"10424\" height=\"240\" src=\"https:\/\/amvrelia.gr\/wp-content\/uploads\/2022\/09\/grammi.png\" class=\"wp-post-image wp-image-884\" title=\"grammi\" alt=\"grammi\" srcset=\"https:\/\/amvrelia.gr\/wp-content\/uploads\/2022\/09\/grammi.png 10424w, https:\/\/amvrelia.gr\/wp-content\/uploads\/2022\/09\/grammi-300x7.png 300w, https:\/\/amvrelia.gr\/wp-content\/uploads\/2022\/09\/grammi-1024x24.png 1024w, https:\/\/amvrelia.gr\/wp-content\/uploads\/2022\/09\/grammi-768x18.png 768w, https:\/\/amvrelia.gr\/wp-content\/uploads\/2022\/09\/grammi-1536x35.png 1536w, https:\/\/amvrelia.gr\/wp-content\/uploads\/2022\/09\/grammi-2048x47.png 2048w\" sizes=\"auto, (max-width: 10424px) 100vw, 10424px\" \/>    \n        <\/div>\n    <!-- \/image-wrap -->\n    \n        <\/div>\n<!-- \/module image --><!-- module image -->\n<div  class=\"module module-image tb_zi84988 image-top   tf_mw\" data-lazy=\"1\">\n        <div class=\"image-wrap tf_rel tf_mw\">\n            <img decoding=\"async\" src=\"https:\/\/amvrelia.gr\/wp-content\/uploads\/2022\/09\/30af9f07-616a-4792-af67-1d3cc85d259d-1024x768-373x280.jpg\" height=\"280\" class=\"wp-post-image wp-image-1040\" title=\"30af9f07-616a-4792-af67-1d3cc85d259d\" alt=\"30af9f07-616a-4792-af67-1d3cc85d259d\" srcset=\"https:\/\/amvrelia.gr\/wp-content\/uploads\/2022\/09\/30af9f07-616a-4792-af67-1d3cc85d259d-1024x768-373x280.jpg 373w, https:\/\/amvrelia.gr\/wp-content\/uploads\/2022\/09\/30af9f07-616a-4792-af67-1d3cc85d259d-300x225.jpg 300w, https:\/\/amvrelia.gr\/wp-content\/uploads\/2022\/09\/30af9f07-616a-4792-af67-1d3cc85d259d-1024x768.jpg 1024w, https:\/\/amvrelia.gr\/wp-content\/uploads\/2022\/09\/30af9f07-616a-4792-af67-1d3cc85d259d-768x576.jpg 768w, https:\/\/amvrelia.gr\/wp-content\/uploads\/2022\/09\/30af9f07-616a-4792-af67-1d3cc85d259d-1536x1152.jpg 1536w, https:\/\/amvrelia.gr\/wp-content\/uploads\/2022\/09\/30af9f07-616a-4792-af67-1d3cc85d259d.jpg 1632w\" sizes=\"(max-width: 373px) 100vw, 373px\" \/>    \n        <\/div>\n    <!-- \/image-wrap -->\n    \n        <\/div>\n<!-- \/module image --><!-- module image -->\n<div  class=\"module module-image tb_sgor777 image-top   tf_mw\" data-lazy=\"1\">\n        <div class=\"image-wrap tf_rel tf_mw\">\n            <img loading=\"lazy\" decoding=\"async\" width=\"10424\" height=\"240\" src=\"https:\/\/amvrelia.gr\/wp-content\/uploads\/2022\/09\/grammi.png\" class=\"wp-post-image wp-image-884\" title=\"grammi\" alt=\"grammi\" srcset=\"https:\/\/amvrelia.gr\/wp-content\/uploads\/2022\/09\/grammi.png 10424w, https:\/\/amvrelia.gr\/wp-content\/uploads\/2022\/09\/grammi-300x7.png 300w, https:\/\/amvrelia.gr\/wp-content\/uploads\/2022\/09\/grammi-1024x24.png 1024w, https:\/\/amvrelia.gr\/wp-content\/uploads\/2022\/09\/grammi-768x18.png 768w, https:\/\/amvrelia.gr\/wp-content\/uploads\/2022\/09\/grammi-1536x35.png 1536w, https:\/\/amvrelia.gr\/wp-content\/uploads\/2022\/09\/grammi-2048x47.png 2048w\" sizes=\"auto, (max-width: 10424px) 100vw, 10424px\" \/>    \n        <\/div>\n    <!-- \/image-wrap -->\n    \n        <\/div>\n<!-- \/module image --><!-- module image -->\n<div  class=\"module module-image tb_ju5q988 image-top   tf_mw\" data-lazy=\"1\">\n        <div class=\"image-wrap tf_rel tf_mw\">\n            <img decoding=\"async\" src=\"https:\/\/amvrelia.gr\/wp-content\/uploads\/2022\/09\/871e820b-0071-4045-98f4-f72970ca4ab7-1024x768-373x280.jpg\" height=\"280\" class=\"wp-post-image wp-image-1046\" title=\"871e820b-0071-4045-98f4-f72970ca4ab7\" alt=\"871e820b-0071-4045-98f4-f72970ca4ab7\" srcset=\"https:\/\/amvrelia.gr\/wp-content\/uploads\/2022\/09\/871e820b-0071-4045-98f4-f72970ca4ab7-1024x768-373x280.jpg 373w, https:\/\/amvrelia.gr\/wp-content\/uploads\/2022\/09\/871e820b-0071-4045-98f4-f72970ca4ab7-300x225.jpg 300w, https:\/\/amvrelia.gr\/wp-content\/uploads\/2022\/09\/871e820b-0071-4045-98f4-f72970ca4ab7-1024x768.jpg 1024w, https:\/\/amvrelia.gr\/wp-content\/uploads\/2022\/09\/871e820b-0071-4045-98f4-f72970ca4ab7-768x576.jpg 768w, https:\/\/amvrelia.gr\/wp-content\/uploads\/2022\/09\/871e820b-0071-4045-98f4-f72970ca4ab7-1536x1152.jpg 1536w, https:\/\/amvrelia.gr\/wp-content\/uploads\/2022\/09\/871e820b-0071-4045-98f4-f72970ca4ab7.jpg 1632w\" sizes=\"(max-width: 373px) 100vw, 373px\" \/>    \n        <\/div>\n    <!-- \/image-wrap -->\n    \n        <\/div>\n<!-- \/module image -->        <\/div>\n                        <\/div>\n        <\/div>\n                        <div  data-lazy=\"1\" class=\"module_row themify_builder_row tb_i2yy984 tf_w\">\n                        <div class=\"row_inner col_align_top tb_col_count_1 tf_box tf_rel\">\n                        <div  data-lazy=\"1\" class=\"module_column tb-column col-full tb_34i5989 first\">\n                    <!-- module image -->\n<div  class=\"module module-image tb_7svl988 image-top   tf_mw\" data-lazy=\"1\">\n        <div class=\"image-wrap tf_rel tf_mw\">\n            <img loading=\"lazy\" decoding=\"async\" width=\"10424\" height=\"240\" src=\"https:\/\/amvrelia.gr\/wp-content\/uploads\/2022\/09\/grammi.png\" class=\"wp-post-image wp-image-884\" title=\"grammi\" alt=\"grammi\" srcset=\"https:\/\/amvrelia.gr\/wp-content\/uploads\/2022\/09\/grammi.png 10424w, https:\/\/amvrelia.gr\/wp-content\/uploads\/2022\/09\/grammi-300x7.png 300w, https:\/\/amvrelia.gr\/wp-content\/uploads\/2022\/09\/grammi-1024x24.png 1024w, https:\/\/amvrelia.gr\/wp-content\/uploads\/2022\/09\/grammi-768x18.png 768w, https:\/\/amvrelia.gr\/wp-content\/uploads\/2022\/09\/grammi-1536x35.png 1536w, https:\/\/amvrelia.gr\/wp-content\/uploads\/2022\/09\/grammi-2048x47.png 2048w\" sizes=\"auto, (max-width: 10424px) 100vw, 10424px\" \/>    \n        <\/div>\n    <!-- \/image-wrap -->\n    \n        <\/div>\n<!-- \/module image -->        <\/div>\n                        <\/div>\n        <\/div>\n                        <div  data-css_id=\"xsvi984\" data-lazy=\"1\" class=\"module_row themify_builder_row fullwidth tb_xsvi984 tf_w\">\n                        <div class=\"row_inner col_align_top tb_col_count_1 tf_box tf_rel\">\n                        <div  data-lazy=\"1\" class=\"module_column tb-column col-full tb_rl04989 first\">\n                            <\/div>\n                        <\/div>\n        <\/div>\n        <\/div>\n<!--\/themify_builder_content-->\n\n<p><\/p>","protected":false},"excerpt":{"rendered":"<p>Notre entreprise a cr\u00e9e en 2016 les nouvelles et ultramodernes installations pour l\u2019 elaboration et la standardisation de l\u2019 olive. Nous suivons les normes les plus aust\u00e8res de production de la l\u00e9gislation Europ\u00e9enne et Nationale en preservant les niveaux de qualit\u00e9 \u00e0 une tr\u00e8s haute place., \u00e0 ce qui concerne l\u2019 hygi\u00e8ne et la securit\u00e9 [&hellip;]<\/p>\n","protected":false},"author":2,"featured_media":0,"parent":0,"menu_order":0,"comment_status":"closed","ping_status":"closed","template":"","meta":{"_seopress_robots_primary_cat":"","_seopress_titles_title":"","_seopress_titles_desc":"","_seopress_robots_index":"","footnotes":""},"class_list":["post-1601","page","type-page","status-publish","hentry","has-post-title","has-post-date","has-post-category","has-post-tag","has-post-comment","has-post-author",""],"builder_content":"<img src=\"https:\/\/amvrelia.gr\/wp-content\/uploads\/2022\/09\/fb7c3628-e2c0-4d3f-bd87-35684b4f29b8-1024x762-376x280.jpg\" height=\"280\" title=\"fb7c3628-e2c0-4d3f-bd87-35684b4f29b8\" alt=\"fb7c3628-e2c0-4d3f-bd87-35684b4f29b8\" srcset=\"https:\/\/amvrelia.gr\/wp-content\/uploads\/2022\/09\/fb7c3628-e2c0-4d3f-bd87-35684b4f29b8-1024x762-376x280.jpg 376w, https:\/\/amvrelia.gr\/wp-content\/uploads\/2022\/09\/fb7c3628-e2c0-4d3f-bd87-35684b4f29b8-300x223.jpg 300w, https:\/\/amvrelia.gr\/wp-content\/uploads\/2022\/09\/fb7c3628-e2c0-4d3f-bd87-35684b4f29b8-1024x762.jpg 1024w, https:\/\/amvrelia.gr\/wp-content\/uploads\/2022\/09\/fb7c3628-e2c0-4d3f-bd87-35684b4f29b8-768x572.jpg 768w, https:\/\/amvrelia.gr\/wp-content\/uploads\/2022\/09\/fb7c3628-e2c0-4d3f-bd87-35684b4f29b8.jpg 1264w\" sizes=\"(max-width: 376px) 100vw, 376px\" \/>\n<img src=\"https:\/\/amvrelia.gr\/wp-content\/uploads\/2022\/09\/grammi.png\" title=\"grammi\" alt=\"grammi\" srcset=\"https:\/\/amvrelia.gr\/wp-content\/uploads\/2022\/09\/grammi.png 10424w, https:\/\/amvrelia.gr\/wp-content\/uploads\/2022\/09\/grammi-300x7.png 300w, https:\/\/amvrelia.gr\/wp-content\/uploads\/2022\/09\/grammi-1024x24.png 1024w, https:\/\/amvrelia.gr\/wp-content\/uploads\/2022\/09\/grammi-768x18.png 768w, https:\/\/amvrelia.gr\/wp-content\/uploads\/2022\/09\/grammi-1536x35.png 1536w, https:\/\/amvrelia.gr\/wp-content\/uploads\/2022\/09\/grammi-2048x47.png 2048w\" sizes=\"(max-width: 10424px) 100vw, 10424px\" \/>\n<img src=\"https:\/\/amvrelia.gr\/wp-content\/uploads\/2022\/09\/18d3d3b5-eaf3-4abd-87b2-e12e4d5c1e89-1024x768-373x280.jpg\" height=\"280\" title=\"18d3d3b5-eaf3-4abd-87b2-e12e4d5c1e89\" alt=\"18d3d3b5-eaf3-4abd-87b2-e12e4d5c1e89\" srcset=\"https:\/\/amvrelia.gr\/wp-content\/uploads\/2022\/09\/18d3d3b5-eaf3-4abd-87b2-e12e4d5c1e89-1024x768-373x280.jpg 373w, https:\/\/amvrelia.gr\/wp-content\/uploads\/2022\/09\/18d3d3b5-eaf3-4abd-87b2-e12e4d5c1e89-300x225.jpg 300w, https:\/\/amvrelia.gr\/wp-content\/uploads\/2022\/09\/18d3d3b5-eaf3-4abd-87b2-e12e4d5c1e89-1024x768.jpg 1024w, https:\/\/amvrelia.gr\/wp-content\/uploads\/2022\/09\/18d3d3b5-eaf3-4abd-87b2-e12e4d5c1e89-768x576.jpg 768w, https:\/\/amvrelia.gr\/wp-content\/uploads\/2022\/09\/18d3d3b5-eaf3-4abd-87b2-e12e4d5c1e89-1536x1152.jpg 1536w, https:\/\/amvrelia.gr\/wp-content\/uploads\/2022\/09\/18d3d3b5-eaf3-4abd-87b2-e12e4d5c1e89.jpg 1632w\" sizes=\"(max-width: 373px) 100vw, 373px\" \/>\n<img src=\"https:\/\/amvrelia.gr\/wp-content\/uploads\/2022\/09\/grammi.png\" title=\"grammi\" alt=\"grammi\" srcset=\"https:\/\/amvrelia.gr\/wp-content\/uploads\/2022\/09\/grammi.png 10424w, https:\/\/amvrelia.gr\/wp-content\/uploads\/2022\/09\/grammi-300x7.png 300w, https:\/\/amvrelia.gr\/wp-content\/uploads\/2022\/09\/grammi-1024x24.png 1024w, https:\/\/amvrelia.gr\/wp-content\/uploads\/2022\/09\/grammi-768x18.png 768w, https:\/\/amvrelia.gr\/wp-content\/uploads\/2022\/09\/grammi-1536x35.png 1536w, https:\/\/amvrelia.gr\/wp-content\/uploads\/2022\/09\/grammi-2048x47.png 2048w\" sizes=\"(max-width: 10424px) 100vw, 10424px\" \/>\n<img src=\"https:\/\/amvrelia.gr\/wp-content\/uploads\/2022\/09\/b2f0181d-e9ae-4cee-ba8a-a4e4fe7488d1-1024x783-366x280.jpg\" height=\"280\" title=\"b2f0181d-e9ae-4cee-ba8a-a4e4fe7488d1\" alt=\"b2f0181d-e9ae-4cee-ba8a-a4e4fe7488d1\" srcset=\"https:\/\/amvrelia.gr\/wp-content\/uploads\/2022\/09\/b2f0181d-e9ae-4cee-ba8a-a4e4fe7488d1-1024x783-366x280.jpg 366w, https:\/\/amvrelia.gr\/wp-content\/uploads\/2022\/09\/b2f0181d-e9ae-4cee-ba8a-a4e4fe7488d1-300x229.jpg 300w, https:\/\/amvrelia.gr\/wp-content\/uploads\/2022\/09\/b2f0181d-e9ae-4cee-ba8a-a4e4fe7488d1-1024x783.jpg 1024w, https:\/\/amvrelia.gr\/wp-content\/uploads\/2022\/09\/b2f0181d-e9ae-4cee-ba8a-a4e4fe7488d1-768x587.jpg 768w, https:\/\/amvrelia.gr\/wp-content\/uploads\/2022\/09\/b2f0181d-e9ae-4cee-ba8a-a4e4fe7488d1-1536x1174.jpg 1536w, https:\/\/amvrelia.gr\/wp-content\/uploads\/2022\/09\/b2f0181d-e9ae-4cee-ba8a-a4e4fe7488d1.jpg 1617w\" sizes=\"(max-width: 366px) 100vw, 366px\" \/>\n<p>Notre entreprise a cr\u00e9e en 2016 les nouvelles et ultramodernes installations pour l\u2019 elaboration et la standardisation de l\u2019 olive.<\/p> <p>Nous suivons les normes les plus aust\u00e8res de production de la l\u00e9gislation Europ\u00e9enne et Nationale en preservant les niveaux de qualit\u00e9 \u00e0 une tr\u00e8s haute place., \u00e0 ce qui concerne l\u2019 hygi\u00e8ne et la securit\u00e9 de nos produits.Nous avons la capacit\u00e9 de produire plusieurs de produits de la vari\u00e9t\u00e9 KONSERVOLIA ARTAS et des olives KALAMON comme des olives enti\u00e8res et comestibles , sans noyau , fourr\u00e9es , hach\u00e9es et comme p\u00e2te d\u2019 olive .Nous emballons les produits dans des pots en verre t dans des emballages pet de dimensions diff\u00e9rentes et d\u2019 \u00e9tape de maturation diff\u00e9rent, comme des vertes , blondes et noires.<\/p> <p>Notre but est la combinaison des m\u00e9thodes traditionnelles de productionavec les moyens modernes pour le meilleur r\u00e9sultat possible pour nos produits.Nous travaillons constamment vers la direction de la recherche et de nouveaut\u00e9, avec grand respect au consommateur.Ainsi notre entreprise a obtenu des machines automatiques et a cr\u00e9e quatres lignes d\u2019 elaboration et de standardisation de ' olive et de ses produits.<\/p> <p>La ligne d\u2019 elaboration de l\u2019 olive fra\u00eeche.<\/p> <p>La ligne d\u2019 \u00e9noisage et de fragmentation de l\u2019 olive.<\/p> <p>La ligne de production de la p\u00e2te d\u2019 olive.<\/p> <p>La ligne de la standardisation.<\/p>\n<img src=\"https:\/\/amvrelia.gr\/wp-content\/uploads\/2022\/09\/7eb13e69-7ea2-470f-9bbc-2daf4fe70752-1024x768-373x268.jpg\" width=\"373\" height=\"268\" title=\"7eb13e69-7ea2-470f-9bbc-2daf4fe70752\" alt=\"7eb13e69-7ea2-470f-9bbc-2daf4fe70752\">\n<img src=\"https:\/\/amvrelia.gr\/wp-content\/uploads\/2022\/09\/grammi.png\" title=\"grammi\" alt=\"grammi\" srcset=\"https:\/\/amvrelia.gr\/wp-content\/uploads\/2022\/09\/grammi.png 10424w, https:\/\/amvrelia.gr\/wp-content\/uploads\/2022\/09\/grammi-300x7.png 300w, https:\/\/amvrelia.gr\/wp-content\/uploads\/2022\/09\/grammi-1024x24.png 1024w, https:\/\/amvrelia.gr\/wp-content\/uploads\/2022\/09\/grammi-768x18.png 768w, https:\/\/amvrelia.gr\/wp-content\/uploads\/2022\/09\/grammi-1536x35.png 1536w, https:\/\/amvrelia.gr\/wp-content\/uploads\/2022\/09\/grammi-2048x47.png 2048w\" sizes=\"(max-width: 10424px) 100vw, 10424px\" \/>\n<img src=\"https:\/\/amvrelia.gr\/wp-content\/uploads\/2022\/09\/30af9f07-616a-4792-af67-1d3cc85d259d-1024x768-373x280.jpg\" height=\"280\" title=\"30af9f07-616a-4792-af67-1d3cc85d259d\" alt=\"30af9f07-616a-4792-af67-1d3cc85d259d\" srcset=\"https:\/\/amvrelia.gr\/wp-content\/uploads\/2022\/09\/30af9f07-616a-4792-af67-1d3cc85d259d-1024x768-373x280.jpg 373w, https:\/\/amvrelia.gr\/wp-content\/uploads\/2022\/09\/30af9f07-616a-4792-af67-1d3cc85d259d-300x225.jpg 300w, https:\/\/amvrelia.gr\/wp-content\/uploads\/2022\/09\/30af9f07-616a-4792-af67-1d3cc85d259d-1024x768.jpg 1024w, https:\/\/amvrelia.gr\/wp-content\/uploads\/2022\/09\/30af9f07-616a-4792-af67-1d3cc85d259d-768x576.jpg 768w, https:\/\/amvrelia.gr\/wp-content\/uploads\/2022\/09\/30af9f07-616a-4792-af67-1d3cc85d259d-1536x1152.jpg 1536w, https:\/\/amvrelia.gr\/wp-content\/uploads\/2022\/09\/30af9f07-616a-4792-af67-1d3cc85d259d.jpg 1632w\" sizes=\"(max-width: 373px) 100vw, 373px\" \/>\n<img src=\"https:\/\/amvrelia.gr\/wp-content\/uploads\/2022\/09\/grammi.png\" title=\"grammi\" alt=\"grammi\" srcset=\"https:\/\/amvrelia.gr\/wp-content\/uploads\/2022\/09\/grammi.png 10424w, https:\/\/amvrelia.gr\/wp-content\/uploads\/2022\/09\/grammi-300x7.png 300w, https:\/\/amvrelia.gr\/wp-content\/uploads\/2022\/09\/grammi-1024x24.png 1024w, https:\/\/amvrelia.gr\/wp-content\/uploads\/2022\/09\/grammi-768x18.png 768w, https:\/\/amvrelia.gr\/wp-content\/uploads\/2022\/09\/grammi-1536x35.png 1536w, https:\/\/amvrelia.gr\/wp-content\/uploads\/2022\/09\/grammi-2048x47.png 2048w\" sizes=\"(max-width: 10424px) 100vw, 10424px\" \/>\n<img src=\"https:\/\/amvrelia.gr\/wp-content\/uploads\/2022\/09\/871e820b-0071-4045-98f4-f72970ca4ab7-1024x768-373x280.jpg\" height=\"280\" title=\"871e820b-0071-4045-98f4-f72970ca4ab7\" alt=\"871e820b-0071-4045-98f4-f72970ca4ab7\" srcset=\"https:\/\/amvrelia.gr\/wp-content\/uploads\/2022\/09\/871e820b-0071-4045-98f4-f72970ca4ab7-1024x768-373x280.jpg 373w, https:\/\/amvrelia.gr\/wp-content\/uploads\/2022\/09\/871e820b-0071-4045-98f4-f72970ca4ab7-300x225.jpg 300w, https:\/\/amvrelia.gr\/wp-content\/uploads\/2022\/09\/871e820b-0071-4045-98f4-f72970ca4ab7-1024x768.jpg 1024w, https:\/\/amvrelia.gr\/wp-content\/uploads\/2022\/09\/871e820b-0071-4045-98f4-f72970ca4ab7-768x576.jpg 768w, https:\/\/amvrelia.gr\/wp-content\/uploads\/2022\/09\/871e820b-0071-4045-98f4-f72970ca4ab7-1536x1152.jpg 1536w, https:\/\/amvrelia.gr\/wp-content\/uploads\/2022\/09\/871e820b-0071-4045-98f4-f72970ca4ab7.jpg 1632w\" sizes=\"(max-width: 373px) 100vw, 373px\" \/>\n<img src=\"https:\/\/amvrelia.gr\/wp-content\/uploads\/2022\/09\/grammi.png\" title=\"grammi\" alt=\"grammi\" srcset=\"https:\/\/amvrelia.gr\/wp-content\/uploads\/2022\/09\/grammi.png 10424w, https:\/\/amvrelia.gr\/wp-content\/uploads\/2022\/09\/grammi-300x7.png 300w, https:\/\/amvrelia.gr\/wp-content\/uploads\/2022\/09\/grammi-1024x24.png 1024w, https:\/\/amvrelia.gr\/wp-content\/uploads\/2022\/09\/grammi-768x18.png 768w, https:\/\/amvrelia.gr\/wp-content\/uploads\/2022\/09\/grammi-1536x35.png 1536w, https:\/\/amvrelia.gr\/wp-content\/uploads\/2022\/09\/grammi-2048x47.png 2048w\" sizes=\"(max-width: 10424px) 100vw, 10424px\" \/>","_links":{"self":[{"href":"https:\/\/amvrelia.gr\/fr\/wp-json\/wp\/v2\/pages\/1601","targetHints":{"allow":["GET"]}}],"collection":[{"href":"https:\/\/amvrelia.gr\/fr\/wp-json\/wp\/v2\/pages"}],"about":[{"href":"https:\/\/amvrelia.gr\/fr\/wp-json\/wp\/v2\/types\/page"}],"author":[{"embeddable":true,"href":"https:\/\/amvrelia.gr\/fr\/wp-json\/wp\/v2\/users\/2"}],"replies":[{"embeddable":true,"href":"https:\/\/amvrelia.gr\/fr\/wp-json\/wp\/v2\/comments?post=1601"}],"version-history":[{"count":4,"href":"https:\/\/amvrelia.gr\/fr\/wp-json\/wp\/v2\/pages\/1601\/revisions"}],"predecessor-version":[{"id":1606,"href":"https:\/\/amvrelia.gr\/fr\/wp-json\/wp\/v2\/pages\/1601\/revisions\/1606"}],"wp:attachment":[{"href":"https:\/\/amvrelia.gr\/fr\/wp-json\/wp\/v2\/media?parent=1601"}],"curies":[{"name":"wp","href":"https:\/\/api.w.org\/{rel}","templated":true}]}}