{"id":1535,"date":"2022-09-30T16:57:22","date_gmt":"2022-09-30T16:57:22","guid":{"rendered":"https:\/\/amvrelia.gr\/?page_id=1535"},"modified":"2022-10-06T06:41:59","modified_gmt":"2022-10-06T06:41:59","slug":"les-benefices-pour-la-sante","status":"publish","type":"page","link":"https:\/\/amvrelia.gr\/fr\/les-benefices-pour-la-sante\/","title":{"rendered":"Les benefices pour la sant\u00e9"},"content":{"rendered":"<!--themify_builder_content-->\n<div id=\"themify_builder_content-1535\" data-postid=\"1535\" class=\"themify_builder_content themify_builder_content-1535 themify_builder tf_clear\">\n                    <div  data-lazy=\"1\" class=\"module_row themify_builder_row tb_4sdz705 tb_first tf_w\">\n                        <div class=\"row_inner gutter-narrow col_align_top tb_col_count_2 tf_box tf_rel\">\n                        <div  data-lazy=\"1\" class=\"module_column tb-column col4-3 tb_zk77705 first\">\n                            <div  data-lazy=\"1\" class=\"module_subrow themify_builder_sub_row tf_w gutter-narrow col_align_top tb_col_count_2 tb_hkrp407\">\n                <div  data-lazy=\"1\" class=\"module_column sub_column col2-1 tb_ma05408 first\">\n                    <!-- module image -->\n<div  class=\"module module-image tb_30mg61 image-top   tf_mw\" data-lazy=\"1\">\n        <div class=\"image-wrap tf_rel tf_mw\">\n            <img loading=\"lazy\" decoding=\"async\" width=\"2039\" height=\"1469\" src=\"https:\/\/amvrelia.gr\/wp-content\/uploads\/2022\/09\/b51fc6eb-6b03-4c01-b206-1949c1911f38.jpg\" class=\"wp-post-image wp-image-1091\" title=\"Young girl at outdoor party eating olives\" alt=\"Young girl at outdoor party eating olives\" srcset=\"https:\/\/amvrelia.gr\/wp-content\/uploads\/2022\/09\/b51fc6eb-6b03-4c01-b206-1949c1911f38.jpg 2039w, https:\/\/amvrelia.gr\/wp-content\/uploads\/2022\/09\/b51fc6eb-6b03-4c01-b206-1949c1911f38-300x216.jpg 300w, https:\/\/amvrelia.gr\/wp-content\/uploads\/2022\/09\/b51fc6eb-6b03-4c01-b206-1949c1911f38-1024x738.jpg 1024w, https:\/\/amvrelia.gr\/wp-content\/uploads\/2022\/09\/b51fc6eb-6b03-4c01-b206-1949c1911f38-768x553.jpg 768w, https:\/\/amvrelia.gr\/wp-content\/uploads\/2022\/09\/b51fc6eb-6b03-4c01-b206-1949c1911f38-1536x1107.jpg 1536w\" sizes=\"auto, (max-width: 2039px) 100vw, 2039px\" \/>    \n        <\/div>\n    <!-- \/image-wrap -->\n    \n        <\/div>\n<!-- \/module image -->        <\/div>\n                    <div  data-lazy=\"1\" class=\"module_column sub_column col2-1 tb_wfzr408 last\">\n                    <!-- module image -->\n<div  class=\"module module-image tb_hxko73 image-top   tf_mw\" data-lazy=\"1\">\n        <div class=\"image-wrap tf_rel tf_mw\">\n            <img loading=\"lazy\" decoding=\"async\" width=\"1280\" height=\"1008\" src=\"https:\/\/amvrelia.gr\/wp-content\/uploads\/2022\/09\/86a7e727-392b-4457-ada0-a0736b7edccf.jpg\" class=\"wp-post-image wp-image-1094\" title=\"86a7e727-392b-4457-ada0-a0736b7edccf\" alt=\"86a7e727-392b-4457-ada0-a0736b7edccf\" srcset=\"https:\/\/amvrelia.gr\/wp-content\/uploads\/2022\/09\/86a7e727-392b-4457-ada0-a0736b7edccf.jpg 1280w, https:\/\/amvrelia.gr\/wp-content\/uploads\/2022\/09\/86a7e727-392b-4457-ada0-a0736b7edccf-300x236.jpg 300w, https:\/\/amvrelia.gr\/wp-content\/uploads\/2022\/09\/86a7e727-392b-4457-ada0-a0736b7edccf-1024x806.jpg 1024w, https:\/\/amvrelia.gr\/wp-content\/uploads\/2022\/09\/86a7e727-392b-4457-ada0-a0736b7edccf-768x605.jpg 768w\" sizes=\"auto, (max-width: 1280px) 100vw, 1280px\" \/>    \n        <\/div>\n    <!-- \/image-wrap -->\n    \n        <\/div>\n<!-- \/module image -->        <\/div>\n                    <\/div>\n        <!-- module text -->\n<div  class=\"module module-text tb_q56i400   \" data-lazy=\"1\">\n        <div  class=\"tb_text_wrap\">\n        <h3>Apr\u00e9s des longues enqu\u00eates et d\u2019 \u00e9tudes les benefices suiivantes pour la sant\u00e9 ont \u00e9t\u00e9 prouv\u00e9s:<\/h3>\n<ol>\n<li>\n<p>Elles \u00e9liminent la chol\u00e9sterol excessive du sang.<\/p>\n<p>\u00a0<\/p>\n<\/li>\n<li>\n<p>Elles \u00e9liminent les aberrations de la tension art\u00e9rielle.<\/p>\n<p>\u00a0<\/p>\n<\/li>\n<li>\n<p>Elles constituent une source excellente des fibres di\u00e9t\u00e9tiques, comme une solution alternative aux fruits et aux l\u00e9gumes.<\/p>\n<p>\u00a0<\/p>\n<\/li>\n<li>\n<p>Elles sont une source de vitamine E et elles agissent comme un substance antioxydant , prot\u00e9geant les cellules.<\/p>\n<p>\u00a0<\/p>\n<\/li>\n<li>\n<p>Elles eliminent les effets des maladies \u010f\u00e9g\u00e9n\u00e9ratifs, comme la maladie d\u2019 Alzheimer.<\/p>\n<\/li>\n<li>\n<p>Elles aident \u00e0 la prevention de la Thrombose de sang qui pourraient aboutir \u00e0 un infarctus du myocarde ou \u00e0 une thrombose veineuse.<\/p>\n<p>\u00a0<\/p>\n<\/li>\n<li>\n<p>Elles prot\u00e9gent les migraines de cellules contre les maladies comme le cancer.<\/p>\n<p>\u00a0<\/p>\n<\/li>\n<li>\n<p>Elles prot\u00e9gent de l an\u00e9mie (( faute de fer). Seulement une tasse d\u2019 olives est une excellente source de fer ( 4,4 mg).<\/p>\n<p>\u00a0<\/p>\n<\/li>\n<li>\n<p>Elles renforcent la f\u00e9condit\u00e9 et le syst\u00e8me r\u00e9g\u00e9n\u00e9rateur.<\/p>\n<\/li>\n<li>\n<p>Elles jouent un r\u00f4le tr\u00e8s important \u00e0 la preservation du syst\u00e8me immunitaire,surtout pendant les periodes de stress et des maladies chroniques d\u00e9g\u00e9n\u00e9rstjfs.<\/p>\n<p>\u00a0<\/p>\n<\/li>\n<li>\n<p>Elles sont nutritifs et riches en sels inorganiques, comme le sodium, le potassium, le magn\u00e9sium, le fer , le phosphore et l &lsquo; iode.<\/p>\n<p>\u00a0<\/p>\n<\/li>\n<li>\n<p>Ellez contiennent de l\u2019 acide ol\u00e9ique qui a des capacit\u00e9s b\u00e9n\u00e9fiques pour la protection du coeur.Elles aident aussi notre corps \u00e0 accroitre la production d\u2019 adiponectine, une substance chimique qui br\u00fble le gras m\u00eame apr\u00e8s cinq heures de laconsommationn.<\/p>\n<p>\u00a0<\/p>\n<\/li>\n<li>\n<p>La consommation des olives peut b\u00e9neficier l\u2019 apparition des rides pour 20% , vu qu\u2019 elles contiennent de l\u2019 acide ol\u00e9ique qui concerve la peau souple et saine.<\/p>\n<p>\u00a0<\/p>\n<\/li>\n<li>\n<p>Avec la consommation \u00e0 peine de 10 olives avant d\u00e9jeuner on peut \u00e9liminer notre appetite \u00e0 20%.C\u2019 est parce que les monoinsatur\u00e9s acides gras ralentissent le processus de digestion et renforcent la cholocystokinine, un hormone qui renvoit des messages de remplissage au cerveau.<\/p>\n<\/li>\n<\/ol>    <\/div>\n<\/div>\n<!-- \/module text -->        <\/div>\n                    <div  data-lazy=\"1\" class=\"module_column tb-column col4-1 tb_0tbv181 last\">\n                    <!-- module image -->\n<div  class=\"module module-image tb_lw9161 image-top   tf_mw\" data-lazy=\"1\">\n        <div class=\"image-wrap tf_rel tf_mw\">\n            <img loading=\"lazy\" decoding=\"async\" width=\"2120\" height=\"1414\" src=\"https:\/\/amvrelia.gr\/wp-content\/uploads\/2022\/09\/85733504-f8e5-433f-b872-af82c5c4d018.jpg\" class=\"wp-post-image wp-image-1097\" title=\"Bookcase\" alt=\"Bookcase\" srcset=\"https:\/\/amvrelia.gr\/wp-content\/uploads\/2022\/09\/85733504-f8e5-433f-b872-af82c5c4d018.jpg 2120w, https:\/\/amvrelia.gr\/wp-content\/uploads\/2022\/09\/85733504-f8e5-433f-b872-af82c5c4d018-300x200.jpg 300w, https:\/\/amvrelia.gr\/wp-content\/uploads\/2022\/09\/85733504-f8e5-433f-b872-af82c5c4d018-1024x683.jpg 1024w, https:\/\/amvrelia.gr\/wp-content\/uploads\/2022\/09\/85733504-f8e5-433f-b872-af82c5c4d018-768x512.jpg 768w, https:\/\/amvrelia.gr\/wp-content\/uploads\/2022\/09\/85733504-f8e5-433f-b872-af82c5c4d018-1536x1024.jpg 1536w, https:\/\/amvrelia.gr\/wp-content\/uploads\/2022\/09\/85733504-f8e5-433f-b872-af82c5c4d018-2048x1366.jpg 2048w\" sizes=\"auto, (max-width: 2120px) 100vw, 2120px\" \/>    \n        <\/div>\n    <!-- \/image-wrap -->\n    \n        <\/div>\n<!-- \/module image --><!-- module text -->\n<div  class=\"module module-text tb_fu70253   \" data-lazy=\"1\">\n        <div  class=\"tb_text_wrap\">\n        <h3>Literature<\/h3>\n<ol>\n<li>Agapius the Cress<br>(1850) \u00ab\u00a0Agronomics, \u00ab\u00a0Folk Medicine, Dietary Agronomics in the beginning of the IH\u00a0\u00bb<br>the eternal\u00a0\u00bb Venice. Culture, Athens 1979<\/li>\n<li>Vatou, E. (2010) Culture, the Mediterranean diet, Eleftherotypia, 17\/11\/2010<\/li>\n<li>Faklaris B.<br>(1999). The olive and oil in ancient Greece, e.g. \u00abTO VIMA\u00bb 31 January 1999<\/li>\n<li>Lambraki<br>Myrsini (2008). Oil, flavors and culture of 5,000 years. Dim. Organisation<br>Lampraki. Athens<\/li>\n<li>Mitromanous<br>Hieromonk (1925) Iatrosofiko, Ec. Monastery of Machaira, Nicosia (Cyprus)<\/li>\n<li>Mouzaki \u2013<br>Good, Ann. and Mouzakis St. (2003). Lioklada, liodakri, sunleaves and<br>The olive&#8230; Symposium minutes on: Olive and oil in space and Time. Athens<\/li>\n<li>Tasioula \u2013<br>Margari, M. (2003). Chemical components of olive oil and their importance in the<br>Diet. Symposium minutes on: Olive and oil in space and<br>Time. Athens<\/li>\n<li>A. P. Simopoulos (1991). \u00ab\u00a0The Mediterranean Diets in<br>Health and Disease\u00a0\u00bb. American Journal of Clinical Nutrition 54 (4): 771.<\/li>\n<li>Visioli, F, &amp; Galli,C. (1995) Nutr. Metab. Cardiovasc. Dis, 5. 306-314<\/li>\n<li>Covas et. al (2006). Ann Intern Med (145): 333-341<\/li>\n<li>Estruch et al (2006). Ann Inter Med (145): 1-11<\/li>\n<li>Ghisalberti EL (1998) Biological and pharmacological activity of<br>Naturally occurring iridoids and secoiridoids. Phytomedicine 5<br>(2): 147-163<\/li>\n<\/ol>    <\/div>\n<\/div>\n<!-- \/module text -->        <\/div>\n                        <\/div>\n        <\/div>\n                        <div  data-lazy=\"1\" class=\"module_row themify_builder_row tb_jwn3347 tf_w\">\n                        <div class=\"row_inner col_align_top tb_col_count_1 tf_box tf_rel\">\n                        <div  data-lazy=\"1\" class=\"module_column tb-column col-full tb_fns7348 first\">\n                    <!-- module image -->\n<div  class=\"module module-image tb_p0el52 image-top   tf_mw\" data-lazy=\"1\">\n        <div class=\"image-wrap tf_rel tf_mw\">\n            <img loading=\"lazy\" decoding=\"async\" width=\"10424\" height=\"240\" src=\"https:\/\/amvrelia.gr\/wp-content\/uploads\/2022\/09\/grammi.png\" class=\"wp-post-image wp-image-884\" title=\"grammi\" alt=\"grammi\" srcset=\"https:\/\/amvrelia.gr\/wp-content\/uploads\/2022\/09\/grammi.png 10424w, https:\/\/amvrelia.gr\/wp-content\/uploads\/2022\/09\/grammi-300x7.png 300w, https:\/\/amvrelia.gr\/wp-content\/uploads\/2022\/09\/grammi-1024x24.png 1024w, https:\/\/amvrelia.gr\/wp-content\/uploads\/2022\/09\/grammi-768x18.png 768w, https:\/\/amvrelia.gr\/wp-content\/uploads\/2022\/09\/grammi-1536x35.png 1536w, https:\/\/amvrelia.gr\/wp-content\/uploads\/2022\/09\/grammi-2048x47.png 2048w\" sizes=\"auto, (max-width: 10424px) 100vw, 10424px\" \/>    \n        <\/div>\n    <!-- \/image-wrap -->\n    \n        <\/div>\n<!-- \/module image -->        <\/div>\n                        <\/div>\n        <\/div>\n        <\/div>\n<!--\/themify_builder_content-->","protected":false},"excerpt":{"rendered":"<p>Apr\u00e9s des longues enqu\u00eates et d\u2019 \u00e9tudes les benefices suiivantes pour la sant\u00e9 ont \u00e9t\u00e9 prouv\u00e9s: Elles \u00e9liminent la chol\u00e9sterol excessive du sang. \u00a0 Elles \u00e9liminent les aberrations de la tension art\u00e9rielle. \u00a0 Elles constituent une source excellente des fibres di\u00e9t\u00e9tiques, comme une solution alternative aux fruits et aux l\u00e9gumes. \u00a0 Elles sont une source [&hellip;]<\/p>\n","protected":false},"author":2,"featured_media":0,"parent":0,"menu_order":0,"comment_status":"closed","ping_status":"closed","template":"","meta":{"_seopress_robots_primary_cat":"","_seopress_titles_title":"","_seopress_titles_desc":"","_seopress_robots_index":"","footnotes":""},"class_list":["post-1535","page","type-page","status-publish","hentry","has-post-title","has-post-date","has-post-category","has-post-tag","has-post-comment","has-post-author",""],"builder_content":"<img src=\"https:\/\/amvrelia.gr\/wp-content\/uploads\/2022\/09\/b51fc6eb-6b03-4c01-b206-1949c1911f38.jpg\" title=\"Young girl at outdoor party eating olives\" alt=\"Young girl at outdoor party eating olives\" srcset=\"https:\/\/amvrelia.gr\/wp-content\/uploads\/2022\/09\/b51fc6eb-6b03-4c01-b206-1949c1911f38.jpg 2039w, https:\/\/amvrelia.gr\/wp-content\/uploads\/2022\/09\/b51fc6eb-6b03-4c01-b206-1949c1911f38-300x216.jpg 300w, https:\/\/amvrelia.gr\/wp-content\/uploads\/2022\/09\/b51fc6eb-6b03-4c01-b206-1949c1911f38-1024x738.jpg 1024w, https:\/\/amvrelia.gr\/wp-content\/uploads\/2022\/09\/b51fc6eb-6b03-4c01-b206-1949c1911f38-768x553.jpg 768w, https:\/\/amvrelia.gr\/wp-content\/uploads\/2022\/09\/b51fc6eb-6b03-4c01-b206-1949c1911f38-1536x1107.jpg 1536w\" sizes=\"(max-width: 2039px) 100vw, 2039px\" \/>\n<img src=\"https:\/\/amvrelia.gr\/wp-content\/uploads\/2022\/09\/86a7e727-392b-4457-ada0-a0736b7edccf.jpg\" title=\"86a7e727-392b-4457-ada0-a0736b7edccf\" alt=\"86a7e727-392b-4457-ada0-a0736b7edccf\" srcset=\"https:\/\/amvrelia.gr\/wp-content\/uploads\/2022\/09\/86a7e727-392b-4457-ada0-a0736b7edccf.jpg 1280w, https:\/\/amvrelia.gr\/wp-content\/uploads\/2022\/09\/86a7e727-392b-4457-ada0-a0736b7edccf-300x236.jpg 300w, https:\/\/amvrelia.gr\/wp-content\/uploads\/2022\/09\/86a7e727-392b-4457-ada0-a0736b7edccf-1024x806.jpg 1024w, https:\/\/amvrelia.gr\/wp-content\/uploads\/2022\/09\/86a7e727-392b-4457-ada0-a0736b7edccf-768x605.jpg 768w\" sizes=\"(max-width: 1280px) 100vw, 1280px\" \/>\n<h3>Apr\u00e9s des longues enqu\u00eates et d\u2019 \u00e9tudes les benefices suiivantes pour la sant\u00e9 ont \u00e9t\u00e9 prouv\u00e9s:<\/h3> <ol> <li> <p>Elles \u00e9liminent la chol\u00e9sterol excessive du sang.<\/p> <p>\u00a0<\/p> <\/li> <li> <p>Elles \u00e9liminent les aberrations de la tension art\u00e9rielle.<\/p> <p>\u00a0<\/p> <\/li> <li> <p>Elles constituent une source excellente des fibres di\u00e9t\u00e9tiques, comme une solution alternative aux fruits et aux l\u00e9gumes.<\/p> <p>\u00a0<\/p> <\/li> <li> <p>Elles sont une source de vitamine E et elles agissent comme un substance antioxydant , prot\u00e9geant les cellules.<\/p> <p>\u00a0<\/p> <\/li> <li> <p>Elles eliminent les effets des maladies \u010f\u00e9g\u00e9n\u00e9ratifs, comme la maladie d\u2019 Alzheimer.<\/p> <\/li> <li> <p>Elles aident \u00e0 la prevention de la Thrombose de sang qui pourraient aboutir \u00e0 un infarctus du myocarde ou \u00e0 une thrombose veineuse.<\/p> <p>\u00a0<\/p> <\/li> <li> <p>Elles prot\u00e9gent les migraines de cellules contre les maladies comme le cancer.<\/p> <p>\u00a0<\/p> <\/li> <li> <p>Elles prot\u00e9gent de l an\u00e9mie (( faute de fer). Seulement une tasse d\u2019 olives est une excellente source de fer ( 4,4 mg).<\/p> <p>\u00a0<\/p> <\/li> <li> <p>Elles renforcent la f\u00e9condit\u00e9 et le syst\u00e8me r\u00e9g\u00e9n\u00e9rateur.<\/p> <\/li> <li> <p>Elles jouent un r\u00f4le tr\u00e8s important \u00e0 la preservation du syst\u00e8me immunitaire,surtout pendant les periodes de stress et des maladies chroniques d\u00e9g\u00e9n\u00e9rstjfs.<\/p> <p>\u00a0<\/p> <\/li> <li> <p>Elles sont nutritifs et riches en sels inorganiques, comme le sodium, le potassium, le magn\u00e9sium, le fer , le phosphore et l ' iode.<\/p> <p>\u00a0<\/p> <\/li> <li> <p>Ellez contiennent de l\u2019 acide ol\u00e9ique qui a des capacit\u00e9s b\u00e9n\u00e9fiques pour la protection du coeur.Elles aident aussi notre corps \u00e0 accroitre la production d\u2019 adiponectine, une substance chimique qui br\u00fble le gras m\u00eame apr\u00e8s cinq heures de laconsommationn.<\/p> <p>\u00a0<\/p> <\/li> <li> <p>La consommation des olives peut b\u00e9neficier l\u2019 apparition des rides pour 20% , vu qu\u2019 elles contiennent de l\u2019 acide ol\u00e9ique qui concerve la peau souple et saine.<\/p> <p>\u00a0<\/p> <\/li> <li> <p>Avec la consommation \u00e0 peine de 10 olives avant d\u00e9jeuner on peut \u00e9liminer notre appetite \u00e0 20%.C\u2019 est parce que les monoinsatur\u00e9s acides gras ralentissent le processus de digestion et renforcent la cholocystokinine, un hormone qui renvoit des messages de remplissage au cerveau.<\/p> <\/li> <\/ol>\n<img src=\"https:\/\/amvrelia.gr\/wp-content\/uploads\/2022\/09\/85733504-f8e5-433f-b872-af82c5c4d018.jpg\" title=\"Bookcase\" alt=\"Bookcase\" srcset=\"https:\/\/amvrelia.gr\/wp-content\/uploads\/2022\/09\/85733504-f8e5-433f-b872-af82c5c4d018.jpg 2120w, https:\/\/amvrelia.gr\/wp-content\/uploads\/2022\/09\/85733504-f8e5-433f-b872-af82c5c4d018-300x200.jpg 300w, https:\/\/amvrelia.gr\/wp-content\/uploads\/2022\/09\/85733504-f8e5-433f-b872-af82c5c4d018-1024x683.jpg 1024w, https:\/\/amvrelia.gr\/wp-content\/uploads\/2022\/09\/85733504-f8e5-433f-b872-af82c5c4d018-768x512.jpg 768w, https:\/\/amvrelia.gr\/wp-content\/uploads\/2022\/09\/85733504-f8e5-433f-b872-af82c5c4d018-1536x1024.jpg 1536w, https:\/\/amvrelia.gr\/wp-content\/uploads\/2022\/09\/85733504-f8e5-433f-b872-af82c5c4d018-2048x1366.jpg 2048w\" sizes=\"(max-width: 2120px) 100vw, 2120px\" \/>\n<h3>Literature<\/h3> <ol> <li>Agapius the Cress<br>(1850) \"Agronomics, \"Folk Medicine, Dietary Agronomics in the beginning of the IH\"<br>the eternal\" Venice. Culture, Athens 1979<\/li> <li>Vatou, E. (2010) Culture, the Mediterranean diet, Eleftherotypia, 17\/11\/2010<\/li> <li>Faklaris B.<br>(1999). The olive and oil in ancient Greece, e.g. \u00abTO VIMA\u00bb 31 January 1999<\/li> <li>Lambraki<br>Myrsini (2008). Oil, flavors and culture of 5,000 years. Dim. Organisation<br>Lampraki. Athens<\/li> <li>Mitromanous<br>Hieromonk (1925) Iatrosofiko, Ec. Monastery of Machaira, Nicosia (Cyprus)<\/li> <li>Mouzaki \u2013<br>Good, Ann. and Mouzakis St. (2003). Lioklada, liodakri, sunleaves and<br>The olive... Symposium minutes on: Olive and oil in space and Time. Athens<\/li> <li>Tasioula \u2013<br>Margari, M. (2003). Chemical components of olive oil and their importance in the<br>Diet. Symposium minutes on: Olive and oil in space and<br>Time. Athens<\/li> <li>A. P. Simopoulos (1991). \"The Mediterranean Diets in<br>Health and Disease\". American Journal of Clinical Nutrition 54 (4): 771.<\/li> <li>Visioli, F, &amp; Galli,C. (1995) Nutr. Metab. Cardiovasc. Dis, 5. 306-314<\/li> <li>Covas et. al (2006). Ann Intern Med (145): 333-341<\/li> <li>Estruch et al (2006). Ann Inter Med (145): 1-11<\/li> <li>Ghisalberti EL (1998) Biological and pharmacological activity of<br>Naturally occurring iridoids and secoiridoids. Phytomedicine 5<br>(2): 147-163<\/li> <\/ol>\n<img src=\"https:\/\/amvrelia.gr\/wp-content\/uploads\/2022\/09\/grammi.png\" title=\"grammi\" alt=\"grammi\" srcset=\"https:\/\/amvrelia.gr\/wp-content\/uploads\/2022\/09\/grammi.png 10424w, https:\/\/amvrelia.gr\/wp-content\/uploads\/2022\/09\/grammi-300x7.png 300w, https:\/\/amvrelia.gr\/wp-content\/uploads\/2022\/09\/grammi-1024x24.png 1024w, https:\/\/amvrelia.gr\/wp-content\/uploads\/2022\/09\/grammi-768x18.png 768w, https:\/\/amvrelia.gr\/wp-content\/uploads\/2022\/09\/grammi-1536x35.png 1536w, https:\/\/amvrelia.gr\/wp-content\/uploads\/2022\/09\/grammi-2048x47.png 2048w\" sizes=\"(max-width: 10424px) 100vw, 10424px\" \/>","_links":{"self":[{"href":"https:\/\/amvrelia.gr\/fr\/wp-json\/wp\/v2\/pages\/1535","targetHints":{"allow":["GET"]}}],"collection":[{"href":"https:\/\/amvrelia.gr\/fr\/wp-json\/wp\/v2\/pages"}],"about":[{"href":"https:\/\/amvrelia.gr\/fr\/wp-json\/wp\/v2\/types\/page"}],"author":[{"embeddable":true,"href":"https:\/\/amvrelia.gr\/fr\/wp-json\/wp\/v2\/users\/2"}],"replies":[{"embeddable":true,"href":"https:\/\/amvrelia.gr\/fr\/wp-json\/wp\/v2\/comments?post=1535"}],"version-history":[{"count":5,"href":"https:\/\/amvrelia.gr\/fr\/wp-json\/wp\/v2\/pages\/1535\/revisions"}],"predecessor-version":[{"id":1541,"href":"https:\/\/amvrelia.gr\/fr\/wp-json\/wp\/v2\/pages\/1535\/revisions\/1541"}],"wp:attachment":[{"href":"https:\/\/amvrelia.gr\/fr\/wp-json\/wp\/v2\/media?parent=1535"}],"curies":[{"name":"wp","href":"https:\/\/api.w.org\/{rel}","templated":true}]}}