{"id":1449,"date":"2022-10-03T08:18:04","date_gmt":"2022-10-03T08:18:04","guid":{"rendered":"https:\/\/amvrelia.gr\/?page_id=1449"},"modified":"2023-02-22T07:53:42","modified_gmt":"2023-02-22T07:53:42","slug":"annonces","status":"publish","type":"page","link":"https:\/\/amvrelia.gr\/fr\/annonces\/","title":{"rendered":"Annonces"},"content":{"rendered":"<!--themify_builder_content-->\n<div id=\"themify_builder_content-1449\" data-postid=\"1449\" class=\"themify_builder_content themify_builder_content-1449 themify_builder tf_clear\">\n                    <div  data-lazy=\"1\" class=\"module_row themify_builder_row tb_qxqa113 tb_first tf_w\">\n                        <div class=\"row_inner col_align_top tb_col_count_1 tf_box tf_rel\">\n                        <div  data-lazy=\"1\" class=\"module_column tb-column col-full tb_ufen114 first\">\n                    <!-- advanced-posts module -->\n<div  class=\"module module-advanced-posts tb_926a356   themify_builder_content-926a356\" data-lazy=\"1\">\n\t\n\t\t\n\t\t<div  class=\"builder-posts-wrap loops-wrapper list-post classic tf_clear tf_clearfix\" data-lazy=\"1\">\n\n\t\t\t\n\t\t\t\n\t\t\t\t\n\t\t\t\t\n\t\t\t\t<article id=\"post-2000\" class=\"post tf_clearfix post-2000 type-post status-publish format-standard hentry category-annonces has-post-title has-post-date has-post-category has-post-tag has-post-comment has-post-author \">\n\t\t\t\t\t    <div class=\"tbp_advanced_archive_wrap\">\n\t                <div  data-lazy=\"1\" class=\"module_row themify_builder_row tb_4n5x356 tf_w\">\n                        <div class=\"row_inner col_align_top tb_col_count_1 tf_box tf_rel\">\n                        <div  data-lazy=\"1\" class=\"module_column tb-column col-full tb_ylry356 first\">\n                    <!-- Post Content module -->\n<div  class=\"module module-post-content tb_gmzo356 \" data-lazy=\"1\">\n\t\n\n    <div class=\"tb_text_wrap\">\n\t\t<!--themify_builder_content-->\n    <div  class=\"themify_builder_content themify_builder_content-2000 themify_builder not_editable_builder in_the_loop\" data-postid=\"2000\">\n                        <div  data-lazy=\"1\" class=\"module_row themify_builder_row tb_dp9y526 tf_w\">\n                        <div class=\"row_inner col_align_top tb_col_count_1 tf_box tf_rel\">\n                        <div  data-lazy=\"1\" class=\"module_column tb-column col-full tb_3p4k526 first\">\n                    <!-- module image -->\n<div  class=\"module module-image tb_dvjr185 image-top   tf_mw\" data-lazy=\"1\">\n        <div class=\"image-wrap tf_rel tf_mw\">\n            <img fetchpriority=\"high\" decoding=\"async\" width=\"650\" height=\"413\" src=\"https:\/\/amvrelia.gr\/wp-content\/uploads\/2023\/02\/SYMMETEXOUME-FOODEXPO_23_GR.png\" class=\"wp-post-image wp-image-2030\" title=\"SYMMETEXOUME-FOODEXPO_23_GR\" alt=\"scc\" srcset=\"https:\/\/amvrelia.gr\/wp-content\/uploads\/2023\/02\/SYMMETEXOUME-FOODEXPO_23_GR.png 650w, https:\/\/amvrelia.gr\/wp-content\/uploads\/2023\/02\/SYMMETEXOUME-FOODEXPO_23_GR-300x191.png 300w\" sizes=\"(max-width: 650px) 100vw, 650px\" \/>    \n        <\/div>\n    <!-- \/image-wrap -->\n    \n        <\/div>\n<!-- \/module image --><!-- module text -->\n<div  class=\"module module-text tb_b5fz690   \" data-lazy=\"1\">\n        <div  class=\"tb_text_wrap\">\n        \n          <p>Une fois de plus notre entreprise participe \u00e0 l&rsquo;expo alimentaire food expo. Pour 2023, l&rsquo;expo aura lieu du 18 au 20 mars 2023.<\/p>\n            <\/div>\n<\/div>\n<!-- \/module text -->        <\/div>\n                        <\/div>\n        <\/div>\n            <\/div>\n<!--\/themify_builder_content-->    <\/div><!-- .tb_text_wrap -->\n\n\n<\/div>\n<!-- \/Post Content module -->        <\/div>\n                        <\/div>\n        <\/div>\n            <\/div>\n\t\t\t\t<\/article>\n\n\t\t\t\t\n\t\t\t\t\n\t\t\t\n\t\t\t\t\n\t\t\t\t\n\t\t\t\t<article id=\"post-1990\" class=\"post tf_clearfix post-1990 type-post status-publish format-standard hentry category-annonces has-post-title has-post-date has-post-category has-post-tag has-post-comment has-post-author \">\n\t\t\t\t\t    <div class=\"tbp_advanced_archive_wrap\">\n\t                <div  data-lazy=\"1\" class=\"module_row themify_builder_row tb_4n5x356 tf_w\">\n                        <div class=\"row_inner col_align_top tb_col_count_1 tf_box tf_rel\">\n                        <div  data-lazy=\"1\" class=\"module_column tb-column col-full tb_ylry356 first\">\n                    <!-- Post Content module -->\n<div  class=\"module module-post-content tb_gmzo356 \" data-lazy=\"1\">\n\t\n\n    <div class=\"tb_text_wrap\">\n\t\t<!--themify_builder_content-->\n    <div  class=\"themify_builder_content themify_builder_content-1990 themify_builder not_editable_builder in_the_loop\" data-postid=\"1990\">\n                        <div  data-lazy=\"1\" class=\"module_row themify_builder_row tb_dp9y526 tf_w\">\n                        <div class=\"row_inner col_align_top tb_col_count_1 tf_box tf_rel\">\n                        <div  data-lazy=\"1\" class=\"module_column tb-column col-full tb_3p4k526 first\">\n                    <!-- module image -->\n<div  class=\"module module-image tb_dvjr185 image-top   tf_mw\" data-lazy=\"1\">\n        <div class=\"image-wrap tf_rel tf_mw\">\n            <img loading=\"lazy\" decoding=\"async\" width=\"728\" height=\"90\" src=\"https:\/\/amvrelia.gr\/wp-content\/uploads\/2022\/10\/5a3543a4-79ad-42fd-a522-7d871f86ca15.png\" class=\"wp-post-image wp-image-1289\" title=\"5a3543a4-79ad-42fd-a522-7d871f86ca15\" alt=\"5a3543a4-79ad-42fd-a522-7d871f86ca15\" srcset=\"https:\/\/amvrelia.gr\/wp-content\/uploads\/2022\/10\/5a3543a4-79ad-42fd-a522-7d871f86ca15.png 728w, https:\/\/amvrelia.gr\/wp-content\/uploads\/2022\/10\/5a3543a4-79ad-42fd-a522-7d871f86ca15-300x37.png 300w\" sizes=\"auto, (max-width: 728px) 100vw, 728px\" \/>    \n        <\/div>\n    <!-- \/image-wrap -->\n    \n        <\/div>\n<!-- \/module image --><!-- module text -->\n<div  class=\"module module-text tb_b5fz690   \" data-lazy=\"1\">\n        <div  class=\"tb_text_wrap\">\n        \n          <p>Notre entreprise participe une nouvelle fois au SIAL 2022 (15-19 octobre). Venez nous rendre visite au Hall 2 Stand-L127<\/p>\n            <\/div>\n<\/div>\n<!-- \/module text -->        <\/div>\n                        <\/div>\n        <\/div>\n            <\/div>\n<!--\/themify_builder_content-->    <\/div><!-- .tb_text_wrap -->\n\n\n<\/div>\n<!-- \/Post Content module -->        <\/div>\n                        <\/div>\n        <\/div>\n            <\/div>\n\t\t\t\t<\/article>\n\n\t\t\t\t\n\t\t\t\t\n\t\t\t\n\t\t\t\t\n\t\t\t\t\n\t\t\t\t<article id=\"post-1980\" class=\"post tf_clearfix post-1980 type-post status-publish format-standard hentry category-annonces has-post-title has-post-date has-post-category has-post-tag has-post-comment has-post-author \">\n\t\t\t\t\t    <div class=\"tbp_advanced_archive_wrap\">\n\t                <div  data-lazy=\"1\" class=\"module_row themify_builder_row tb_4n5x356 tf_w\">\n                        <div class=\"row_inner col_align_top tb_col_count_1 tf_box tf_rel\">\n                        <div  data-lazy=\"1\" class=\"module_column tb-column col-full tb_ylry356 first\">\n                    <!-- Post Content module -->\n<div  class=\"module module-post-content tb_gmzo356 \" data-lazy=\"1\">\n\t\n\n    <div class=\"tb_text_wrap\">\n\t\t<!--themify_builder_content-->\n    <div  class=\"themify_builder_content themify_builder_content-1980 themify_builder not_editable_builder in_the_loop\" data-postid=\"1980\">\n                        <div  data-lazy=\"1\" class=\"module_row themify_builder_row tb_dp9y526 tf_w\">\n                        <div class=\"row_inner col_align_top tb_col_count_1 tf_box tf_rel\">\n                        <div  data-lazy=\"1\" class=\"module_column tb-column col-full tb_3p4k526 first\">\n                    <!-- module image -->\n<div  class=\"module module-image tb_dvjr185 image-top   tf_mw\" data-lazy=\"1\">\n        <div class=\"image-wrap tf_rel tf_mw\">\n            <img loading=\"lazy\" decoding=\"async\" width=\"300\" height=\"168\" src=\"https:\/\/amvrelia.gr\/wp-content\/uploads\/2022\/10\/9bc77a64-ecdf-4856-89f8-7db77bf6c508.png\" class=\"wp-post-image wp-image-1292\" title=\"9bc77a64-ecdf-4856-89f8-7db77bf6c508\" alt=\"9bc77a64-ecdf-4856-89f8-7db77bf6c508\">    \n        <\/div>\n    <!-- \/image-wrap -->\n    \n        <\/div>\n<!-- \/module image --><!-- module text -->\n<div  class=\"module module-text tb_b5fz690   \" data-lazy=\"1\">\n        <div  class=\"tb_text_wrap\">\n        \n          <div class=\"module module-image tb_us8d968 image-center tf_mw\">\n            <div class=\"image-content\">\n              <div class=\"image-caption tb_text_wrap\">Une fois de plus, notre entreprise participera au salon international de l&rsquo;alimentation et des boissons \u00e0 Anuga 2021 qui aura lieu du 9 au 13 octobre 2021. Rendez-nous visite au Hall 10.2 Stand H048<\/div>\n            <\/div>\n          <\/div>\n          <div class=\"module module-image tb_bgqu259 image-center tf_mw\"> <\/div>\n            <\/div>\n<\/div>\n<!-- \/module text -->        <\/div>\n                        <\/div>\n        <\/div>\n            <\/div>\n<!--\/themify_builder_content-->    <\/div><!-- .tb_text_wrap -->\n\n\n<\/div>\n<!-- \/Post Content module -->        <\/div>\n                        <\/div>\n        <\/div>\n            <\/div>\n\t\t\t\t<\/article>\n\n\t\t\t\t\n\t\t\t\t\n\t\t\t\n\t\t\t\t\n\t\t\t\t\n\t\t\t\t<article id=\"post-1969\" class=\"post tf_clearfix post-1969 type-post status-publish format-standard hentry category-annonces has-post-title has-post-date has-post-category has-post-tag has-post-comment has-post-author \">\n\t\t\t\t\t    <div class=\"tbp_advanced_archive_wrap\">\n\t                <div  data-lazy=\"1\" class=\"module_row themify_builder_row tb_4n5x356 tf_w\">\n                        <div class=\"row_inner col_align_top tb_col_count_1 tf_box tf_rel\">\n                        <div  data-lazy=\"1\" class=\"module_column tb-column col-full tb_ylry356 first\">\n                    <!-- Post Content module -->\n<div  class=\"module module-post-content tb_gmzo356 \" data-lazy=\"1\">\n\t\n\n    <div class=\"tb_text_wrap\">\n\t\t<!--themify_builder_content-->\n    <div  class=\"themify_builder_content themify_builder_content-1969 themify_builder not_editable_builder in_the_loop\" data-postid=\"1969\">\n                        <div  data-lazy=\"1\" class=\"module_row themify_builder_row tb_dp9y526 tf_w\">\n                        <div class=\"row_inner col_align_top tb_col_count_1 tf_box tf_rel\">\n                        <div  data-lazy=\"1\" class=\"module_column tb-column col-full tb_3p4k526 first\">\n                    <!-- module image -->\n<div  class=\"module module-image tb_dvjr185 image-top   tf_mw\" data-lazy=\"1\">\n        <div class=\"image-wrap tf_rel tf_mw\">\n            <img loading=\"lazy\" decoding=\"async\" width=\"1066\" height=\"562\" src=\"https:\/\/amvrelia.gr\/wp-content\/uploads\/2022\/10\/7e9c9ee8-7975-4a71-8fe4-476c74f97ea6.jpeg\" class=\"wp-post-image wp-image-1295\" title=\"7e9c9ee8-7975-4a71-8fe4-476c74f97ea6\" alt=\"7e9c9ee8-7975-4a71-8fe4-476c74f97ea6\" srcset=\"https:\/\/amvrelia.gr\/wp-content\/uploads\/2022\/10\/7e9c9ee8-7975-4a71-8fe4-476c74f97ea6.jpeg 1066w, https:\/\/amvrelia.gr\/wp-content\/uploads\/2022\/10\/7e9c9ee8-7975-4a71-8fe4-476c74f97ea6-300x158.jpeg 300w, https:\/\/amvrelia.gr\/wp-content\/uploads\/2022\/10\/7e9c9ee8-7975-4a71-8fe4-476c74f97ea6-1024x540.jpeg 1024w, https:\/\/amvrelia.gr\/wp-content\/uploads\/2022\/10\/7e9c9ee8-7975-4a71-8fe4-476c74f97ea6-768x405.jpeg 768w\" sizes=\"auto, (max-width: 1066px) 100vw, 1066px\" \/>    \n        <\/div>\n    <!-- \/image-wrap -->\n    \n        <\/div>\n<!-- \/module image --><!-- module text -->\n<div  class=\"module module-text tb_b5fz690   \" data-lazy=\"1\">\n        <div  class=\"tb_text_wrap\">\n        \n          <p>Nous tenons \u00e0 remercier le magazine GQ France de nous avoir choisi comme l&rsquo;un des premiers partenaires de leur nouveau num\u00e9ro GQ food and drink.<\/p>\n            <\/div>\n<\/div>\n<!-- \/module text -->        <\/div>\n                        <\/div>\n        <\/div>\n            <\/div>\n<!--\/themify_builder_content-->    <\/div><!-- .tb_text_wrap -->\n\n\n<\/div>\n<!-- \/Post Content module -->        <\/div>\n                        <\/div>\n        <\/div>\n            <\/div>\n\t\t\t\t<\/article>\n\n\t\t\t\t\n\t\t\t\t\n\t\t\t\n\t\t\t\t\n\t\t\t\t\n\t\t\t\t<article id=\"post-1958\" class=\"post tf_clearfix post-1958 type-post status-publish format-standard hentry category-annonces has-post-title has-post-date has-post-category has-post-tag has-post-comment has-post-author \">\n\t\t\t\t\t    <div class=\"tbp_advanced_archive_wrap\">\n\t                <div  data-lazy=\"1\" class=\"module_row themify_builder_row tb_4n5x356 tf_w\">\n                        <div class=\"row_inner col_align_top tb_col_count_1 tf_box tf_rel\">\n                        <div  data-lazy=\"1\" class=\"module_column tb-column col-full tb_ylry356 first\">\n                    <!-- Post Content module -->\n<div  class=\"module module-post-content tb_gmzo356 \" data-lazy=\"1\">\n\t\n\n    <div class=\"tb_text_wrap\">\n\t\t<!--themify_builder_content-->\n    <div  class=\"themify_builder_content themify_builder_content-1958 themify_builder not_editable_builder in_the_loop\" data-postid=\"1958\">\n                        <div  data-lazy=\"1\" class=\"module_row themify_builder_row tb_dp9y526 tf_w\">\n                        <div class=\"row_inner col_align_top tb_col_count_1 tf_box tf_rel\">\n                        <div  data-lazy=\"1\" class=\"module_column tb-column col-full tb_3p4k526 first\">\n                    <!-- module image -->\n<div  class=\"module module-image tb_dvjr185 image-top   tf_mw\" data-lazy=\"1\">\n        <div class=\"image-wrap tf_rel tf_mw\">\n            <img loading=\"lazy\" decoding=\"async\" width=\"1174\" height=\"1702\" src=\"https:\/\/amvrelia.gr\/wp-content\/uploads\/2022\/10\/ea24e5db-2cf2-4351-9a2f-b820a40f2fbf.jpg\" class=\"wp-post-image wp-image-1298\" title=\"ea24e5db-2cf2-4351-9a2f-b820a40f2fbf\" alt=\"ea24e5db-2cf2-4351-9a2f-b820a40f2fbf\" srcset=\"https:\/\/amvrelia.gr\/wp-content\/uploads\/2022\/10\/ea24e5db-2cf2-4351-9a2f-b820a40f2fbf.jpg 1174w, https:\/\/amvrelia.gr\/wp-content\/uploads\/2022\/10\/ea24e5db-2cf2-4351-9a2f-b820a40f2fbf-207x300.jpg 207w, https:\/\/amvrelia.gr\/wp-content\/uploads\/2022\/10\/ea24e5db-2cf2-4351-9a2f-b820a40f2fbf-706x1024.jpg 706w, https:\/\/amvrelia.gr\/wp-content\/uploads\/2022\/10\/ea24e5db-2cf2-4351-9a2f-b820a40f2fbf-768x1113.jpg 768w, https:\/\/amvrelia.gr\/wp-content\/uploads\/2022\/10\/ea24e5db-2cf2-4351-9a2f-b820a40f2fbf-1059x1536.jpg 1059w\" sizes=\"auto, (max-width: 1174px) 100vw, 1174px\" \/>    \n        <\/div>\n    <!-- \/image-wrap -->\n    \n        <\/div>\n<!-- \/module image --><!-- module text -->\n<div  class=\"module module-text tb_b5fz690   \" data-lazy=\"1\">\n        <div  class=\"tb_text_wrap\">\n        \n          <p>\u00c0 partir de 2021, nous sommes certifi\u00e9s pour la production, la transformation, la normalisation des olives biologiques et au milieu de l&rsquo;ann\u00e9e, nos produits certifi\u00e9s biologiques seront disponibles sur le march\u00e9.<\/p>\n            <\/div>\n<\/div>\n<!-- \/module text -->        <\/div>\n                        <\/div>\n        <\/div>\n            <\/div>\n<!--\/themify_builder_content-->    <\/div><!-- .tb_text_wrap -->\n\n\n<\/div>\n<!-- \/Post Content module -->        <\/div>\n                        <\/div>\n        <\/div>\n            <\/div>\n\t\t\t\t<\/article>\n\n\t\t\t\t\n\t\t\t\t\n\t\t\t\t\t\t\n\t\t<\/div><!-- .builder-posts-wrap -->\n\n\t\t\t\n<\/div><!-- \/advanced-posts module -->\n<!-- module image -->\n<div  class=\"module module-image tb_09o5258 image-top   tf_mw\" data-lazy=\"1\">\n        <div class=\"image-wrap tf_rel tf_mw\">\n            <img loading=\"lazy\" decoding=\"async\" width=\"10424\" height=\"240\" src=\"https:\/\/amvrelia.gr\/wp-content\/uploads\/2022\/09\/grammi.png\" class=\"wp-post-image wp-image-884\" title=\"grammi\" alt=\"grammi\" srcset=\"https:\/\/amvrelia.gr\/wp-content\/uploads\/2022\/09\/grammi.png 10424w, https:\/\/amvrelia.gr\/wp-content\/uploads\/2022\/09\/grammi-300x7.png 300w, https:\/\/amvrelia.gr\/wp-content\/uploads\/2022\/09\/grammi-1024x24.png 1024w, https:\/\/amvrelia.gr\/wp-content\/uploads\/2022\/09\/grammi-768x18.png 768w, https:\/\/amvrelia.gr\/wp-content\/uploads\/2022\/09\/grammi-1536x35.png 1536w, https:\/\/amvrelia.gr\/wp-content\/uploads\/2022\/09\/grammi-2048x47.png 2048w\" sizes=\"auto, (max-width: 10424px) 100vw, 10424px\" \/>    \n        <\/div>\n    <!-- \/image-wrap -->\n    \n        <\/div>\n<!-- \/module image --><!-- module image -->\n<div  class=\"module module-image tb_eoqi198 image-center   tf_mw\" data-lazy=\"1\">\n        <div class=\"image-wrap tf_rel tf_mw\">\n            <img loading=\"lazy\" decoding=\"async\" width=\"200\" height=\"200\" src=\"https:\/\/amvrelia.gr\/wp-content\/uploads\/2022\/09\/e3c64de1-5b7d-448c-8d07-9a8989149de0.png\" class=\"wp-post-image wp-image-1106\" title=\"e3c64de1-5b7d-448c-8d07-9a8989149de0\" alt=\"Nous produisons et \u00e9laborons seulement des produits grecsNous sommes la seule entreprise d\u2019 \u00e9laboration et de !!!normanilisation de l\u2019 olive de table, qui poss\u00e8de tous ses produits certifi\u00e9s d &#039; Elgo Dimitra avec le signe Grec , qui signifie que ce sont 100% GRECS !!!\" srcset=\"https:\/\/amvrelia.gr\/wp-content\/uploads\/2022\/09\/e3c64de1-5b7d-448c-8d07-9a8989149de0.png 200w, https:\/\/amvrelia.gr\/wp-content\/uploads\/2022\/09\/e3c64de1-5b7d-448c-8d07-9a8989149de0-150x150.png 150w\" sizes=\"auto, (max-width: 200px) 100vw, 200px\" \/>    \n        <\/div>\n    <!-- \/image-wrap -->\n    \n        <div class=\"image-content\">\n                        <div class=\"image-caption tb_text_wrap\">\n            Nous produisons et \u00e9laborons seulement des produits grecsNous sommes la seule entreprise d\u2019 \u00e9laboration et de !!!normanilisation de l\u2019 olive de table, qui poss\u00e8de tous ses produits certifi\u00e9s d &lsquo; Elgo Dimitra avec le signe Grec , qui signifie que ce sont 100% GRECS !!!        <\/div>\n        <!-- \/image-caption -->\n            <\/div>\n    <!-- \/image-content -->\n        <\/div>\n<!-- \/module image --><!-- module image -->\n<div  class=\"module module-image tb_s0cm41 image-center   tf_mw\" data-lazy=\"1\">\n        <div class=\"image-wrap tf_rel tf_mw\">\n            <img loading=\"lazy\" decoding=\"async\" width=\"1595\" height=\"1292\" src=\"https:\/\/amvrelia.gr\/wp-content\/uploads\/2022\/10\/8ef39dc5-e3dd-4a3c-a5e7-e8130e45f88e.jpg\" class=\"wp-post-image wp-image-1304\" title=\"8ef39dc5-e3dd-4a3c-a5e7-e8130e45f88e\" alt=\"8ef39dc5-e3dd-4a3c-a5e7-e8130e45f88e\" srcset=\"https:\/\/amvrelia.gr\/wp-content\/uploads\/2022\/10\/8ef39dc5-e3dd-4a3c-a5e7-e8130e45f88e.jpg 1595w, https:\/\/amvrelia.gr\/wp-content\/uploads\/2022\/10\/8ef39dc5-e3dd-4a3c-a5e7-e8130e45f88e-300x243.jpg 300w, https:\/\/amvrelia.gr\/wp-content\/uploads\/2022\/10\/8ef39dc5-e3dd-4a3c-a5e7-e8130e45f88e-1024x829.jpg 1024w, https:\/\/amvrelia.gr\/wp-content\/uploads\/2022\/10\/8ef39dc5-e3dd-4a3c-a5e7-e8130e45f88e-768x622.jpg 768w, https:\/\/amvrelia.gr\/wp-content\/uploads\/2022\/10\/8ef39dc5-e3dd-4a3c-a5e7-e8130e45f88e-1536x1244.jpg 1536w\" sizes=\"auto, (max-width: 1595px) 100vw, 1595px\" \/>    \n        <\/div>\n    <!-- \/image-wrap -->\n    \n        <\/div>\n<!-- \/module image --><!-- module image -->\n<div  class=\"module module-image tb_umhf390 image-top   tf_mw\" data-lazy=\"1\">\n        <div class=\"image-wrap tf_rel tf_mw\">\n            <img loading=\"lazy\" decoding=\"async\" width=\"10424\" height=\"240\" src=\"https:\/\/amvrelia.gr\/wp-content\/uploads\/2022\/09\/grammi.png\" class=\"wp-post-image wp-image-884\" title=\"grammi\" alt=\"grammi\" srcset=\"https:\/\/amvrelia.gr\/wp-content\/uploads\/2022\/09\/grammi.png 10424w, https:\/\/amvrelia.gr\/wp-content\/uploads\/2022\/09\/grammi-300x7.png 300w, https:\/\/amvrelia.gr\/wp-content\/uploads\/2022\/09\/grammi-1024x24.png 1024w, https:\/\/amvrelia.gr\/wp-content\/uploads\/2022\/09\/grammi-768x18.png 768w, https:\/\/amvrelia.gr\/wp-content\/uploads\/2022\/09\/grammi-1536x35.png 1536w, https:\/\/amvrelia.gr\/wp-content\/uploads\/2022\/09\/grammi-2048x47.png 2048w\" sizes=\"auto, (max-width: 10424px) 100vw, 10424px\" \/>    \n        <\/div>\n    <!-- \/image-wrap -->\n    \n        <\/div>\n<!-- \/module image -->        <\/div>\n                        <\/div>\n        <\/div>\n        <\/div>\n<!--\/themify_builder_content-->\n\n<p><\/p>","protected":false},"excerpt":{"rendered":"","protected":false},"author":2,"featured_media":0,"parent":0,"menu_order":0,"comment_status":"closed","ping_status":"closed","template":"","meta":{"_seopress_robots_primary_cat":"","_seopress_titles_title":"","_seopress_titles_desc":"","_seopress_robots_index":"","footnotes":""},"class_list":["post-1449","page","type-page","status-publish","hentry","has-post-title","has-post-date","has-post-category","has-post-tag","has-post-comment","has-post-author",""],"builder_content":"<img src=\"https:\/\/amvrelia.gr\/wp-content\/uploads\/2022\/09\/grammi.png\" title=\"grammi\" alt=\"grammi\" srcset=\"https:\/\/amvrelia.gr\/wp-content\/uploads\/2022\/09\/grammi.png 10424w, https:\/\/amvrelia.gr\/wp-content\/uploads\/2022\/09\/grammi-300x7.png 300w, https:\/\/amvrelia.gr\/wp-content\/uploads\/2022\/09\/grammi-1024x24.png 1024w, https:\/\/amvrelia.gr\/wp-content\/uploads\/2022\/09\/grammi-768x18.png 768w, https:\/\/amvrelia.gr\/wp-content\/uploads\/2022\/09\/grammi-1536x35.png 1536w, https:\/\/amvrelia.gr\/wp-content\/uploads\/2022\/09\/grammi-2048x47.png 2048w\" sizes=\"(max-width: 10424px) 100vw, 10424px\" \/>\n<img src=\"https:\/\/amvrelia.gr\/wp-content\/uploads\/2022\/09\/e3c64de1-5b7d-448c-8d07-9a8989149de0.png\" title=\"e3c64de1-5b7d-448c-8d07-9a8989149de0\" alt=\"Nous produisons et \u00e9laborons seulement des produits grecsNous sommes la seule entreprise d\u2019 \u00e9laboration et de !!!normanilisation de l\u2019 olive de table, qui poss\u00e8de tous ses produits certifi\u00e9s d &#039; Elgo Dimitra avec le signe Grec , qui signifie que ce sont 100% GRECS !!!\" srcset=\"https:\/\/amvrelia.gr\/wp-content\/uploads\/2022\/09\/e3c64de1-5b7d-448c-8d07-9a8989149de0.png 200w, https:\/\/amvrelia.gr\/wp-content\/uploads\/2022\/09\/e3c64de1-5b7d-448c-8d07-9a8989149de0-150x150.png 150w\" sizes=\"(max-width: 200px) 100vw, 200px\" \/> Nous produisons et \u00e9laborons seulement des produits grecsNous sommes la seule entreprise d\u2019 \u00e9laboration et de !!!normanilisation de l\u2019 olive de table, qui poss\u00e8de tous ses produits certifi\u00e9s d ' Elgo Dimitra avec le signe Grec , qui signifie que ce sont 100% GRECS !!!\n<img src=\"https:\/\/amvrelia.gr\/wp-content\/uploads\/2022\/10\/8ef39dc5-e3dd-4a3c-a5e7-e8130e45f88e.jpg\" title=\"8ef39dc5-e3dd-4a3c-a5e7-e8130e45f88e\" alt=\"8ef39dc5-e3dd-4a3c-a5e7-e8130e45f88e\" srcset=\"https:\/\/amvrelia.gr\/wp-content\/uploads\/2022\/10\/8ef39dc5-e3dd-4a3c-a5e7-e8130e45f88e.jpg 1595w, https:\/\/amvrelia.gr\/wp-content\/uploads\/2022\/10\/8ef39dc5-e3dd-4a3c-a5e7-e8130e45f88e-300x243.jpg 300w, https:\/\/amvrelia.gr\/wp-content\/uploads\/2022\/10\/8ef39dc5-e3dd-4a3c-a5e7-e8130e45f88e-1024x829.jpg 1024w, https:\/\/amvrelia.gr\/wp-content\/uploads\/2022\/10\/8ef39dc5-e3dd-4a3c-a5e7-e8130e45f88e-768x622.jpg 768w, https:\/\/amvrelia.gr\/wp-content\/uploads\/2022\/10\/8ef39dc5-e3dd-4a3c-a5e7-e8130e45f88e-1536x1244.jpg 1536w\" sizes=\"(max-width: 1595px) 100vw, 1595px\" \/>\n<img src=\"https:\/\/amvrelia.gr\/wp-content\/uploads\/2022\/09\/grammi.png\" title=\"grammi\" alt=\"grammi\" srcset=\"https:\/\/amvrelia.gr\/wp-content\/uploads\/2022\/09\/grammi.png 10424w, https:\/\/amvrelia.gr\/wp-content\/uploads\/2022\/09\/grammi-300x7.png 300w, https:\/\/amvrelia.gr\/wp-content\/uploads\/2022\/09\/grammi-1024x24.png 1024w, https:\/\/amvrelia.gr\/wp-content\/uploads\/2022\/09\/grammi-768x18.png 768w, https:\/\/amvrelia.gr\/wp-content\/uploads\/2022\/09\/grammi-1536x35.png 1536w, https:\/\/amvrelia.gr\/wp-content\/uploads\/2022\/09\/grammi-2048x47.png 2048w\" sizes=\"(max-width: 10424px) 100vw, 10424px\" \/>","_links":{"self":[{"href":"https:\/\/amvrelia.gr\/fr\/wp-json\/wp\/v2\/pages\/1449","targetHints":{"allow":["GET"]}}],"collection":[{"href":"https:\/\/amvrelia.gr\/fr\/wp-json\/wp\/v2\/pages"}],"about":[{"href":"https:\/\/amvrelia.gr\/fr\/wp-json\/wp\/v2\/types\/page"}],"author":[{"embeddable":true,"href":"https:\/\/amvrelia.gr\/fr\/wp-json\/wp\/v2\/users\/2"}],"replies":[{"embeddable":true,"href":"https:\/\/amvrelia.gr\/fr\/wp-json\/wp\/v2\/comments?post=1449"}],"version-history":[{"count":6,"href":"https:\/\/amvrelia.gr\/fr\/wp-json\/wp\/v2\/pages\/1449\/revisions"}],"predecessor-version":[{"id":2012,"href":"https:\/\/amvrelia.gr\/fr\/wp-json\/wp\/v2\/pages\/1449\/revisions\/2012"}],"wp:attachment":[{"href":"https:\/\/amvrelia.gr\/fr\/wp-json\/wp\/v2\/media?parent=1449"}],"curies":[{"name":"wp","href":"https:\/\/api.w.org\/{rel}","templated":true}]}}