{"id":1732,"date":"2022-09-30T16:47:09","date_gmt":"2022-09-30T16:47:09","guid":{"rendered":"https:\/\/amvrelia.gr\/?page_id=1732"},"modified":"2022-10-06T16:29:34","modified_gmt":"2022-10-06T16:29:34","slug":"der-oliven-baum","status":"publish","type":"page","link":"https:\/\/amvrelia.gr\/de\/der-oliven-baum\/","title":{"rendered":"Der Oliven Baum"},"content":{"rendered":"<!--themify_builder_content-->\n<div id=\"themify_builder_content-1732\" data-postid=\"1732\" class=\"themify_builder_content themify_builder_content-1732 themify_builder tf_clear\">\n                    <div  data-lazy=\"1\" class=\"module_row themify_builder_row tb_ntdo4 tb_first tf_w\">\n                        <div class=\"row_inner col_align_top tb_col_count_1 tf_box tf_rel\">\n                        <div  data-lazy=\"1\" class=\"module_column tb-column col-full tb_b3gl4 first\">\n                    <!-- module image -->\n<div  class=\"module module-image tb_q3y8571 image-top   tf_mw\" data-lazy=\"1\">\n        <div class=\"image-wrap tf_rel tf_mw\">\n            <img loading=\"lazy\" decoding=\"async\" width=\"2560\" height=\"1920\" src=\"https:\/\/amvrelia.gr\/wp-content\/uploads\/2022\/09\/banner-1.jpg\" class=\"wp-post-image wp-image-861\" title=\"banner\" alt=\"banner\" srcset=\"https:\/\/amvrelia.gr\/wp-content\/uploads\/2022\/09\/banner-1.jpg 2560w, https:\/\/amvrelia.gr\/wp-content\/uploads\/2022\/09\/banner-1-300x225.jpg 300w, https:\/\/amvrelia.gr\/wp-content\/uploads\/2022\/09\/banner-1-1024x768.jpg 1024w, https:\/\/amvrelia.gr\/wp-content\/uploads\/2022\/09\/banner-1-768x576.jpg 768w, https:\/\/amvrelia.gr\/wp-content\/uploads\/2022\/09\/banner-1-1536x1152.jpg 1536w, https:\/\/amvrelia.gr\/wp-content\/uploads\/2022\/09\/banner-1-2048x1536.jpg 2048w\" sizes=\"auto, (max-width: 2560px) 100vw, 2560px\" \/>    \n        <\/div>\n    <!-- \/image-wrap -->\n    \n        <\/div>\n<!-- \/module image -->        <\/div>\n                        <\/div>\n        <\/div>\n                        <div  data-lazy=\"1\" class=\"module_row themify_builder_row tb_yn8p136 tf_w\">\n                        <div class=\"row_inner gutter-narrow col_align_top tb_col_count_3 tf_box tf_rel\">\n                        <div  data-lazy=\"1\" class=\"module_column tb-column col3-1 tb_ug58137 first\">\n                    <!-- module image -->\n<div  class=\"module module-image tb_ulnb137 image-top   tf_mw\" data-lazy=\"1\">\n        <div class=\"image-wrap tf_rel tf_mw\">\n            <img loading=\"lazy\" decoding=\"async\" width=\"1224\" height=\"1632\" src=\"https:\/\/amvrelia.gr\/wp-content\/uploads\/2022\/09\/ad0710a3-6388-4643-8d5e-26b3a34f6c30.jpg\" class=\"wp-post-image wp-image-1083\" title=\"ad0710a3-6388-4643-8d5e-26b3a34f6c30\" alt=\"ad0710a3-6388-4643-8d5e-26b3a34f6c30\" srcset=\"https:\/\/amvrelia.gr\/wp-content\/uploads\/2022\/09\/ad0710a3-6388-4643-8d5e-26b3a34f6c30.jpg 1224w, https:\/\/amvrelia.gr\/wp-content\/uploads\/2022\/09\/ad0710a3-6388-4643-8d5e-26b3a34f6c30-225x300.jpg 225w, https:\/\/amvrelia.gr\/wp-content\/uploads\/2022\/09\/ad0710a3-6388-4643-8d5e-26b3a34f6c30-768x1024.jpg 768w, https:\/\/amvrelia.gr\/wp-content\/uploads\/2022\/09\/ad0710a3-6388-4643-8d5e-26b3a34f6c30-1152x1536.jpg 1152w\" sizes=\"auto, (max-width: 1224px) 100vw, 1224px\" \/>    \n        <\/div>\n    <!-- \/image-wrap -->\n    \n        <\/div>\n<!-- \/module image --><!-- module image -->\n<div  class=\"module module-image tb_smih137 image-top   tf_mw\" data-lazy=\"1\">\n        <div class=\"image-wrap tf_rel tf_mw\">\n            <img loading=\"lazy\" decoding=\"async\" width=\"10424\" height=\"240\" src=\"https:\/\/amvrelia.gr\/wp-content\/uploads\/2022\/09\/grammi.png\" class=\"wp-post-image wp-image-885\" title=\"grammi\" alt=\"grammi\" srcset=\"https:\/\/amvrelia.gr\/wp-content\/uploads\/2022\/09\/grammi.png 10424w, https:\/\/amvrelia.gr\/wp-content\/uploads\/2022\/09\/grammi-300x7.png 300w, https:\/\/amvrelia.gr\/wp-content\/uploads\/2022\/09\/grammi-1024x24.png 1024w, https:\/\/amvrelia.gr\/wp-content\/uploads\/2022\/09\/grammi-768x18.png 768w, https:\/\/amvrelia.gr\/wp-content\/uploads\/2022\/09\/grammi-1536x35.png 1536w, https:\/\/amvrelia.gr\/wp-content\/uploads\/2022\/09\/grammi-2048x47.png 2048w\" sizes=\"auto, (max-width: 10424px) 100vw, 10424px\" \/>    \n        <\/div>\n    <!-- \/image-wrap -->\n    \n        <\/div>\n<!-- \/module image --><!-- module image -->\n<div  class=\"module module-image tb_8vbh138 image-top   tf_mw\" data-lazy=\"1\">\n        <div class=\"image-wrap tf_rel tf_mw\">\n            <img loading=\"lazy\" decoding=\"async\" width=\"1224\" height=\"1632\" src=\"https:\/\/amvrelia.gr\/wp-content\/uploads\/2022\/09\/3f8de04d-3c9e-402f-871a-d059ba9da151.jpg\" class=\"wp-post-image wp-image-1086\" title=\"3f8de04d-3c9e-402f-871a-d059ba9da151\" alt=\"3f8de04d-3c9e-402f-871a-d059ba9da151\" srcset=\"https:\/\/amvrelia.gr\/wp-content\/uploads\/2022\/09\/3f8de04d-3c9e-402f-871a-d059ba9da151.jpg 1224w, https:\/\/amvrelia.gr\/wp-content\/uploads\/2022\/09\/3f8de04d-3c9e-402f-871a-d059ba9da151-225x300.jpg 225w, https:\/\/amvrelia.gr\/wp-content\/uploads\/2022\/09\/3f8de04d-3c9e-402f-871a-d059ba9da151-768x1024.jpg 768w, https:\/\/amvrelia.gr\/wp-content\/uploads\/2022\/09\/3f8de04d-3c9e-402f-871a-d059ba9da151-1152x1536.jpg 1152w\" sizes=\"auto, (max-width: 1224px) 100vw, 1224px\" \/>    \n        <\/div>\n    <!-- \/image-wrap -->\n    \n        <\/div>\n<!-- \/module image -->        <\/div>\n                    <div  data-lazy=\"1\" class=\"module_column tb-column col3-1 tb_n6nj138\">\n                    <!-- module text -->\n<div  class=\"module module-text tb_e776138   \" data-lazy=\"1\">\n        <div  class=\"tb_text_wrap\">\n        <p>F\u00fcr die Griechen symbolisiert die Olive die Geschichte, den Frieden, die Tradition und ihre Wurzeln.<br>Der Olivenbaum wurde von unseren alten Vorfahren geliebt.<br>Athena gespendet an die Athener, der erste Olivenbaum der Welt, der spross, wo Ihr Speer traf w\u00e4hrend ihres Kampfes mit Neptun, um den Besch\u00fctzer von Athen hervorzuheben.<br>Die Mykender boten den G\u00f6ttern Oliven\u00f6l an, w\u00e4hrend Homer die Olive &#8222;das fl\u00fcssige Gold&#8220; der Ern\u00e4hrung nannte.<br>Aristoteles betrachtete den Olivenanbau wissenschaft, w\u00e4hrend Hippokrates Oliven\u00f6l als Medizin verwendete.<br>Nach der Mythologie pflanzte Herkules ein Olivenbaum im Tempel von Hera im antiken Olympia, nachdem er seine 12 Arbeiten abgeschlossen hat.<br>Es war bekannt als die &#8222;kallistefanos&#8220; Olivenbaum, aus dem die &#8222;Kontinos&#8220; die gr\u00f6\u00dfte Auszeichnung f\u00fcr jeden Athleten.<br>Die Knotinos war ein Kranz des wilden Olivenbaums.<br>Das haben die Athleten fr\u00fcher getan, als sie sich in einer Sportart hervorgetan haben. Auch Oliven\u00f6l wurde an die Gewinner in Panathinian Amphoren verteilt.<br>Inspiration heute, und vereint uns als Volk und erinnert uns jeden Tag an den poetischen Diskurs von Odysseus Elytis: &#8222;Wenn Sie Griechenland zerlegen, am Ende sehen Sie einen Olivenbaum, eine Rebe und ein Boot .<br>Das hei\u00dft, &#8222;mit so viel, Sie bauen es wieder.&#8220;<\/p>    <\/div>\n<\/div>\n<!-- \/module text -->        <\/div>\n                    <div  data-lazy=\"1\" class=\"module_column tb-column col3-1 tb_a0xm138 last\">\n                    <!-- module image -->\n<div  class=\"module module-image tb_ga0u138 image-top   tf_mw\" data-lazy=\"1\">\n        <div class=\"image-wrap tf_rel tf_mw\">\n            <img loading=\"lazy\" decoding=\"async\" width=\"1224\" height=\"1632\" src=\"https:\/\/amvrelia.gr\/wp-content\/uploads\/2022\/09\/67e60f86-dcb9-4095-98bf-6f642371373c1.jpg\" class=\"wp-post-image wp-image-978\" title=\"67e60f86-dcb9-4095-98bf-6f642371373c1\" alt=\"67e60f86-dcb9-4095-98bf-6f642371373c1\" srcset=\"https:\/\/amvrelia.gr\/wp-content\/uploads\/2022\/09\/67e60f86-dcb9-4095-98bf-6f642371373c1.jpg 1224w, https:\/\/amvrelia.gr\/wp-content\/uploads\/2022\/09\/67e60f86-dcb9-4095-98bf-6f642371373c1-225x300.jpg 225w, https:\/\/amvrelia.gr\/wp-content\/uploads\/2022\/09\/67e60f86-dcb9-4095-98bf-6f642371373c1-768x1024.jpg 768w, https:\/\/amvrelia.gr\/wp-content\/uploads\/2022\/09\/67e60f86-dcb9-4095-98bf-6f642371373c1-1152x1536.jpg 1152w, https:\/\/amvrelia.gr\/wp-content\/uploads\/2022\/09\/67e60f86-dcb9-4095-98bf-6f642371373c1-768x1024-150x200.jpg 150w, https:\/\/amvrelia.gr\/wp-content\/uploads\/2022\/09\/67e60f86-dcb9-4095-98bf-6f642371373c1-768x1024-1440x1920.jpg 1440w, https:\/\/amvrelia.gr\/wp-content\/uploads\/2022\/09\/67e60f86-dcb9-4095-98bf-6f642371373c1-768x1024-960x1280.jpg 960w, https:\/\/amvrelia.gr\/wp-content\/uploads\/2022\/09\/67e60f86-dcb9-4095-98bf-6f642371373c1-768x1024-675x900.jpg 675w, https:\/\/amvrelia.gr\/wp-content\/uploads\/2022\/09\/67e60f86-dcb9-4095-98bf-6f642371373c1-768x1024-450x600.jpg 450w\" sizes=\"auto, (max-width: 1224px) 100vw, 1224px\" \/>    \n        <\/div>\n    <!-- \/image-wrap -->\n    \n        <\/div>\n<!-- \/module image -->        <\/div>\n                        <\/div>\n        <\/div>\n                        <div  data-lazy=\"1\" class=\"module_row themify_builder_row tb_rhh352 tf_w\">\n                        <div class=\"row_inner col_align_top tb_col_count_1 tf_box tf_rel\">\n                        <div  data-lazy=\"1\" class=\"module_column tb-column col-full tb_ucla53 first\">\n                    <!-- module image -->\n<div  class=\"module module-image tb_f07y138 image-top   tf_mw\" data-lazy=\"1\">\n        <div class=\"image-wrap tf_rel tf_mw\">\n            <img loading=\"lazy\" decoding=\"async\" width=\"10424\" height=\"240\" src=\"https:\/\/amvrelia.gr\/wp-content\/uploads\/2022\/09\/grammi.png\" class=\"wp-post-image wp-image-885\" title=\"grammi\" alt=\"grammi\" srcset=\"https:\/\/amvrelia.gr\/wp-content\/uploads\/2022\/09\/grammi.png 10424w, https:\/\/amvrelia.gr\/wp-content\/uploads\/2022\/09\/grammi-300x7.png 300w, https:\/\/amvrelia.gr\/wp-content\/uploads\/2022\/09\/grammi-1024x24.png 1024w, https:\/\/amvrelia.gr\/wp-content\/uploads\/2022\/09\/grammi-768x18.png 768w, https:\/\/amvrelia.gr\/wp-content\/uploads\/2022\/09\/grammi-1536x35.png 1536w, https:\/\/amvrelia.gr\/wp-content\/uploads\/2022\/09\/grammi-2048x47.png 2048w\" sizes=\"auto, (max-width: 10424px) 100vw, 10424px\" \/>    \n        <\/div>\n    <!-- \/image-wrap -->\n    \n        <\/div>\n<!-- \/module image -->        <\/div>\n                        <\/div>\n        <\/div>\n                        <div  data-css_id=\"yuyn421\" data-lazy=\"1\" class=\"module_row themify_builder_row fullwidth tb_yuyn421 tf_w\">\n                        <div class=\"row_inner col_align_top tb_col_count_1 tf_box tf_rel\">\n                        <div  data-lazy=\"1\" class=\"module_column tb-column col-full tb_zafs421 first\">\n                    <!-- module image -->\n<div  class=\"module module-image tb_a5l485 image-top   tf_mw\" data-lazy=\"1\">\n        <div class=\"image-wrap tf_rel tf_mw\">\n            <img loading=\"lazy\" decoding=\"async\" src=\"https:\/\/amvrelia.gr\/wp-content\/uploads\/2022\/09\/574fc743-36de-4f76-9f1e-cd91b6b0ef6a-1024x768-2560x1920.jpeg\" width=\"2560\" height=\"1920\" class=\"wp-post-image wp-image-1089\" title=\"574fc743-36de-4f76-9f1e-cd91b6b0ef6a\" alt=\"574fc743-36de-4f76-9f1e-cd91b6b0ef6a\" srcset=\"https:\/\/amvrelia.gr\/wp-content\/uploads\/2022\/09\/574fc743-36de-4f76-9f1e-cd91b6b0ef6a-1024x768-2560x1920.jpeg 2560w, https:\/\/amvrelia.gr\/wp-content\/uploads\/2022\/09\/574fc743-36de-4f76-9f1e-cd91b6b0ef6a-300x225.jpeg 300w, https:\/\/amvrelia.gr\/wp-content\/uploads\/2022\/09\/574fc743-36de-4f76-9f1e-cd91b6b0ef6a-1024x768.jpeg 1024w, https:\/\/amvrelia.gr\/wp-content\/uploads\/2022\/09\/574fc743-36de-4f76-9f1e-cd91b6b0ef6a-768x576.jpeg 768w, https:\/\/amvrelia.gr\/wp-content\/uploads\/2022\/09\/574fc743-36de-4f76-9f1e-cd91b6b0ef6a.jpeg 1280w\" sizes=\"auto, (max-width: 2560px) 100vw, 2560px\" \/>    \n        <\/div>\n    <!-- \/image-wrap -->\n    \n        <\/div>\n<!-- \/module image -->        <\/div>\n                        <\/div>\n        <\/div>\n        <\/div>\n<!--\/themify_builder_content-->\n\n<p><\/p>","protected":false},"excerpt":{"rendered":"<p>F\u00fcr die Griechen symbolisiert die Olive die Geschichte, den Frieden, die Tradition und ihre Wurzeln.Der Olivenbaum wurde von unseren alten Vorfahren geliebt.Athena gespendet an die Athener, der erste Olivenbaum der Welt, der spross, wo Ihr Speer traf w\u00e4hrend ihres Kampfes mit Neptun, um den Besch\u00fctzer von Athen hervorzuheben.Die Mykender boten den G\u00f6ttern Oliven\u00f6l an, w\u00e4hrend [&hellip;]<\/p>\n","protected":false},"author":2,"featured_media":0,"parent":0,"menu_order":0,"comment_status":"closed","ping_status":"closed","template":"","meta":{"_seopress_robots_primary_cat":"","_seopress_titles_title":"","_seopress_titles_desc":"","_seopress_robots_index":"","footnotes":""},"class_list":["post-1732","page","type-page","status-publish","hentry","has-post-title","has-post-date","has-post-category","has-post-tag","has-post-comment","has-post-author",""],"builder_content":"<img src=\"https:\/\/amvrelia.gr\/wp-content\/uploads\/2022\/09\/banner-1.jpg\" title=\"banner\" alt=\"banner\" srcset=\"https:\/\/amvrelia.gr\/wp-content\/uploads\/2022\/09\/banner-1.jpg 2560w, https:\/\/amvrelia.gr\/wp-content\/uploads\/2022\/09\/banner-1-300x225.jpg 300w, https:\/\/amvrelia.gr\/wp-content\/uploads\/2022\/09\/banner-1-1024x768.jpg 1024w, https:\/\/amvrelia.gr\/wp-content\/uploads\/2022\/09\/banner-1-768x576.jpg 768w, https:\/\/amvrelia.gr\/wp-content\/uploads\/2022\/09\/banner-1-1536x1152.jpg 1536w, https:\/\/amvrelia.gr\/wp-content\/uploads\/2022\/09\/banner-1-2048x1536.jpg 2048w\" sizes=\"(max-width: 2560px) 100vw, 2560px\" \/>\n<img src=\"https:\/\/amvrelia.gr\/wp-content\/uploads\/2022\/09\/ad0710a3-6388-4643-8d5e-26b3a34f6c30.jpg\" title=\"ad0710a3-6388-4643-8d5e-26b3a34f6c30\" alt=\"ad0710a3-6388-4643-8d5e-26b3a34f6c30\" srcset=\"https:\/\/amvrelia.gr\/wp-content\/uploads\/2022\/09\/ad0710a3-6388-4643-8d5e-26b3a34f6c30.jpg 1224w, https:\/\/amvrelia.gr\/wp-content\/uploads\/2022\/09\/ad0710a3-6388-4643-8d5e-26b3a34f6c30-225x300.jpg 225w, https:\/\/amvrelia.gr\/wp-content\/uploads\/2022\/09\/ad0710a3-6388-4643-8d5e-26b3a34f6c30-768x1024.jpg 768w, https:\/\/amvrelia.gr\/wp-content\/uploads\/2022\/09\/ad0710a3-6388-4643-8d5e-26b3a34f6c30-1152x1536.jpg 1152w\" sizes=\"(max-width: 1224px) 100vw, 1224px\" \/>\n<img src=\"https:\/\/amvrelia.gr\/wp-content\/uploads\/2022\/09\/grammi.png\" title=\"grammi\" alt=\"grammi\" srcset=\"https:\/\/amvrelia.gr\/wp-content\/uploads\/2022\/09\/grammi.png 10424w, https:\/\/amvrelia.gr\/wp-content\/uploads\/2022\/09\/grammi-300x7.png 300w, https:\/\/amvrelia.gr\/wp-content\/uploads\/2022\/09\/grammi-1024x24.png 1024w, https:\/\/amvrelia.gr\/wp-content\/uploads\/2022\/09\/grammi-768x18.png 768w, https:\/\/amvrelia.gr\/wp-content\/uploads\/2022\/09\/grammi-1536x35.png 1536w, https:\/\/amvrelia.gr\/wp-content\/uploads\/2022\/09\/grammi-2048x47.png 2048w\" sizes=\"(max-width: 10424px) 100vw, 10424px\" \/>\n<img src=\"https:\/\/amvrelia.gr\/wp-content\/uploads\/2022\/09\/3f8de04d-3c9e-402f-871a-d059ba9da151.jpg\" title=\"3f8de04d-3c9e-402f-871a-d059ba9da151\" alt=\"3f8de04d-3c9e-402f-871a-d059ba9da151\" srcset=\"https:\/\/amvrelia.gr\/wp-content\/uploads\/2022\/09\/3f8de04d-3c9e-402f-871a-d059ba9da151.jpg 1224w, https:\/\/amvrelia.gr\/wp-content\/uploads\/2022\/09\/3f8de04d-3c9e-402f-871a-d059ba9da151-225x300.jpg 225w, https:\/\/amvrelia.gr\/wp-content\/uploads\/2022\/09\/3f8de04d-3c9e-402f-871a-d059ba9da151-768x1024.jpg 768w, https:\/\/amvrelia.gr\/wp-content\/uploads\/2022\/09\/3f8de04d-3c9e-402f-871a-d059ba9da151-1152x1536.jpg 1152w\" sizes=\"(max-width: 1224px) 100vw, 1224px\" \/>\n<p>F\u00fcr die Griechen symbolisiert die Olive die Geschichte, den Frieden, die Tradition und ihre Wurzeln.<br>Der Olivenbaum wurde von unseren alten Vorfahren geliebt.<br>Athena gespendet an die Athener, der erste Olivenbaum der Welt, der spross, wo Ihr Speer traf w\u00e4hrend ihres Kampfes mit Neptun, um den Besch\u00fctzer von Athen hervorzuheben.<br>Die Mykender boten den G\u00f6ttern Oliven\u00f6l an, w\u00e4hrend Homer die Olive \"das fl\u00fcssige Gold\" der Ern\u00e4hrung nannte.<br>Aristoteles betrachtete den Olivenanbau wissenschaft, w\u00e4hrend Hippokrates Oliven\u00f6l als Medizin verwendete.<br>Nach der Mythologie pflanzte Herkules ein Olivenbaum im Tempel von Hera im antiken Olympia, nachdem er seine 12 Arbeiten abgeschlossen hat.<br>Es war bekannt als die \"kallistefanos\" Olivenbaum, aus dem die \"Kontinos\" die gr\u00f6\u00dfte Auszeichnung f\u00fcr jeden Athleten.<br>Die Knotinos war ein Kranz des wilden Olivenbaums.<br>Das haben die Athleten fr\u00fcher getan, als sie sich in einer Sportart hervorgetan haben. Auch Oliven\u00f6l wurde an die Gewinner in Panathinian Amphoren verteilt.<br>Inspiration heute, und vereint uns als Volk und erinnert uns jeden Tag an den poetischen Diskurs von Odysseus Elytis: \"Wenn Sie Griechenland zerlegen, am Ende sehen Sie einen Olivenbaum, eine Rebe und ein Boot .<br>Das hei\u00dft, \"mit so viel, Sie bauen es wieder.\"<\/p>\n<img src=\"https:\/\/amvrelia.gr\/wp-content\/uploads\/2022\/09\/67e60f86-dcb9-4095-98bf-6f642371373c1.jpg\" title=\"67e60f86-dcb9-4095-98bf-6f642371373c1\" alt=\"67e60f86-dcb9-4095-98bf-6f642371373c1\" srcset=\"https:\/\/amvrelia.gr\/wp-content\/uploads\/2022\/09\/67e60f86-dcb9-4095-98bf-6f642371373c1.jpg 1224w, https:\/\/amvrelia.gr\/wp-content\/uploads\/2022\/09\/67e60f86-dcb9-4095-98bf-6f642371373c1-225x300.jpg 225w, https:\/\/amvrelia.gr\/wp-content\/uploads\/2022\/09\/67e60f86-dcb9-4095-98bf-6f642371373c1-768x1024.jpg 768w, https:\/\/amvrelia.gr\/wp-content\/uploads\/2022\/09\/67e60f86-dcb9-4095-98bf-6f642371373c1-1152x1536.jpg 1152w, https:\/\/amvrelia.gr\/wp-content\/uploads\/2022\/09\/67e60f86-dcb9-4095-98bf-6f642371373c1-768x1024-150x200.jpg 150w, https:\/\/amvrelia.gr\/wp-content\/uploads\/2022\/09\/67e60f86-dcb9-4095-98bf-6f642371373c1-768x1024-1440x1920.jpg 1440w, https:\/\/amvrelia.gr\/wp-content\/uploads\/2022\/09\/67e60f86-dcb9-4095-98bf-6f642371373c1-768x1024-960x1280.jpg 960w, https:\/\/amvrelia.gr\/wp-content\/uploads\/2022\/09\/67e60f86-dcb9-4095-98bf-6f642371373c1-768x1024-675x900.jpg 675w, https:\/\/amvrelia.gr\/wp-content\/uploads\/2022\/09\/67e60f86-dcb9-4095-98bf-6f642371373c1-768x1024-450x600.jpg 450w\" sizes=\"(max-width: 1224px) 100vw, 1224px\" \/>\n<img src=\"https:\/\/amvrelia.gr\/wp-content\/uploads\/2022\/09\/grammi.png\" title=\"grammi\" alt=\"grammi\" srcset=\"https:\/\/amvrelia.gr\/wp-content\/uploads\/2022\/09\/grammi.png 10424w, https:\/\/amvrelia.gr\/wp-content\/uploads\/2022\/09\/grammi-300x7.png 300w, https:\/\/amvrelia.gr\/wp-content\/uploads\/2022\/09\/grammi-1024x24.png 1024w, https:\/\/amvrelia.gr\/wp-content\/uploads\/2022\/09\/grammi-768x18.png 768w, https:\/\/amvrelia.gr\/wp-content\/uploads\/2022\/09\/grammi-1536x35.png 1536w, https:\/\/amvrelia.gr\/wp-content\/uploads\/2022\/09\/grammi-2048x47.png 2048w\" sizes=\"(max-width: 10424px) 100vw, 10424px\" \/>\n<img src=\"https:\/\/amvrelia.gr\/wp-content\/uploads\/2022\/09\/574fc743-36de-4f76-9f1e-cd91b6b0ef6a-1024x768-2560x1920.jpeg\" width=\"2560\" height=\"1920\" title=\"574fc743-36de-4f76-9f1e-cd91b6b0ef6a\" alt=\"574fc743-36de-4f76-9f1e-cd91b6b0ef6a\" srcset=\"https:\/\/amvrelia.gr\/wp-content\/uploads\/2022\/09\/574fc743-36de-4f76-9f1e-cd91b6b0ef6a-1024x768-2560x1920.jpeg 2560w, https:\/\/amvrelia.gr\/wp-content\/uploads\/2022\/09\/574fc743-36de-4f76-9f1e-cd91b6b0ef6a-300x225.jpeg 300w, https:\/\/amvrelia.gr\/wp-content\/uploads\/2022\/09\/574fc743-36de-4f76-9f1e-cd91b6b0ef6a-1024x768.jpeg 1024w, https:\/\/amvrelia.gr\/wp-content\/uploads\/2022\/09\/574fc743-36de-4f76-9f1e-cd91b6b0ef6a-768x576.jpeg 768w, https:\/\/amvrelia.gr\/wp-content\/uploads\/2022\/09\/574fc743-36de-4f76-9f1e-cd91b6b0ef6a.jpeg 1280w\" sizes=\"(max-width: 2560px) 100vw, 2560px\" \/>","_links":{"self":[{"href":"https:\/\/amvrelia.gr\/de\/wp-json\/wp\/v2\/pages\/1732","targetHints":{"allow":["GET"]}}],"collection":[{"href":"https:\/\/amvrelia.gr\/de\/wp-json\/wp\/v2\/pages"}],"about":[{"href":"https:\/\/amvrelia.gr\/de\/wp-json\/wp\/v2\/types\/page"}],"author":[{"embeddable":true,"href":"https:\/\/amvrelia.gr\/de\/wp-json\/wp\/v2\/users\/2"}],"replies":[{"embeddable":true,"href":"https:\/\/amvrelia.gr\/de\/wp-json\/wp\/v2\/comments?post=1732"}],"version-history":[{"count":2,"href":"https:\/\/amvrelia.gr\/de\/wp-json\/wp\/v2\/pages\/1732\/revisions"}],"predecessor-version":[{"id":1735,"href":"https:\/\/amvrelia.gr\/de\/wp-json\/wp\/v2\/pages\/1732\/revisions\/1735"}],"wp:attachment":[{"href":"https:\/\/amvrelia.gr\/de\/wp-json\/wp\/v2\/media?parent=1732"}],"curies":[{"name":"wp","href":"https:\/\/api.w.org\/{rel}","templated":true}]}}