{"id":1644,"date":"2022-09-30T16:19:05","date_gmt":"2022-09-30T16:19:05","guid":{"rendered":"https:\/\/amvrelia.gr\/?page_id=1644"},"modified":"2022-10-06T08:13:34","modified_gmt":"2022-10-06T08:13:34","slug":"unsere-name","status":"publish","type":"page","link":"https:\/\/amvrelia.gr\/de\/unsere-name\/","title":{"rendered":"Unsere Name"},"content":{"rendered":"<!--themify_builder_content-->\n<div id=\"themify_builder_content-1644\" data-postid=\"1644\" class=\"themify_builder_content themify_builder_content-1644 themify_builder tf_clear\">\n                    <div  data-lazy=\"1\" class=\"module_row themify_builder_row tb_t8at450 tb_first tf_w\">\n                        <div class=\"row_inner gutter-narrow col_align_top tb_col_count_2 tf_box tf_rel\">\n                        <div  data-lazy=\"1\" class=\"module_column tb-column col4-2 tb_1cyh451 first\">\n                    <!-- module text -->\n<div  class=\"module module-text tb_khnu451   \" data-lazy=\"1\">\n        <div  class=\"tb_text_wrap\">\n        <p>Die Zeit l\u00e4uft und l\u00e4sst seine Spur am Ort zur\u00fcck. Der Ort ist immer mit den Menschen verflochten, die ihn in der Vergangenheit gelebt haben, der darin gearbeitet haben, bewohnen ihn heute, aber sie werden auch in Zukunft f\u00fcr ihn leben und arbeiten.<br>Die Wahl des Namens AMVRELIA f\u00fcr unsere Produkte war kein Zufall.<br>Ursprung in einer sch\u00f6nen Stadt Arta, die gegr\u00fcndet wurde<br>auf der antiken Stadt Amvrakia beschlossen wir, den Namen der unsere Produkte in einem St\u00fcck der Geschichte unserer Heimat.<br>Amvrakia in der Antike war eine der wichtigsten St\u00e4dte<br>Griechenlands, wurde am Fluss Arachthos an der gleichen Stelle wie die heutige Arta gebaut ist.<br>Es war die wichtigste Kolonie der Korinther im Nordwesten Griechenlands. Der Name Amvrakia ist der Mythologie nach Amvrakas, Sohn des Thesprotus, zu verdanken.<br>Oder in Amvrakia, Tochter von Melania, K\u00f6nig der Dryopes.<\/p>    <\/div>\n<\/div>\n<!-- \/module text -->        <\/div>\n                    <div  data-lazy=\"1\" class=\"module_column tb-column col4-2 tb_b2m9452 last\">\n                    <!-- module image -->\n<div  class=\"module module-image tb_adbh453 image-top   tf_mw\" data-lazy=\"1\">\n        <div class=\"image-wrap tf_rel tf_mw\">\n            <img loading=\"lazy\" decoding=\"async\" width=\"1280\" height=\"1280\" src=\"https:\/\/amvrelia.gr\/wp-content\/uploads\/2022\/09\/47bec3bb-0685-4a30-a62c-227bc3ef24f5.jpeg\" class=\"wp-post-image wp-image-930\" title=\"47bec3bb-0685-4a30-a62c-227bc3ef24f5\" alt=\"47bec3bb-0685-4a30-a62c-227bc3ef24f5\" srcset=\"https:\/\/amvrelia.gr\/wp-content\/uploads\/2022\/09\/47bec3bb-0685-4a30-a62c-227bc3ef24f5.jpeg 1280w, https:\/\/amvrelia.gr\/wp-content\/uploads\/2022\/09\/47bec3bb-0685-4a30-a62c-227bc3ef24f5-300x300.jpeg 300w, https:\/\/amvrelia.gr\/wp-content\/uploads\/2022\/09\/47bec3bb-0685-4a30-a62c-227bc3ef24f5-1024x1024.jpeg 1024w, https:\/\/amvrelia.gr\/wp-content\/uploads\/2022\/09\/47bec3bb-0685-4a30-a62c-227bc3ef24f5-150x150.jpeg 150w, https:\/\/amvrelia.gr\/wp-content\/uploads\/2022\/09\/47bec3bb-0685-4a30-a62c-227bc3ef24f5-768x768.jpeg 768w\" sizes=\"auto, (max-width: 1280px) 100vw, 1280px\" \/>    \n        <\/div>\n    <!-- \/image-wrap -->\n    \n        <\/div>\n<!-- \/module image -->        <\/div>\n                        <\/div>\n        <\/div>\n                        <div  data-lazy=\"1\" class=\"module_row themify_builder_row tb_aquf450 tf_w\">\n                        <div class=\"row_inner col_align_top tb_col_count_1 tf_box tf_rel\">\n                        <div  data-lazy=\"1\" class=\"module_column tb-column col-full tb_8hcn453 first\">\n                    <!-- module image -->\n<div  class=\"module module-image tb_q1tq454 image-top   tf_mw\" data-lazy=\"1\">\n        <div class=\"image-wrap tf_rel tf_mw\">\n            <img loading=\"lazy\" decoding=\"async\" width=\"10424\" height=\"240\" src=\"https:\/\/amvrelia.gr\/wp-content\/uploads\/2022\/09\/grammi.png\" class=\"wp-post-image wp-image-885\" title=\"grammi\" alt=\"grammi\" srcset=\"https:\/\/amvrelia.gr\/wp-content\/uploads\/2022\/09\/grammi.png 10424w, https:\/\/amvrelia.gr\/wp-content\/uploads\/2022\/09\/grammi-300x7.png 300w, https:\/\/amvrelia.gr\/wp-content\/uploads\/2022\/09\/grammi-1024x24.png 1024w, https:\/\/amvrelia.gr\/wp-content\/uploads\/2022\/09\/grammi-768x18.png 768w, https:\/\/amvrelia.gr\/wp-content\/uploads\/2022\/09\/grammi-1536x35.png 1536w, https:\/\/amvrelia.gr\/wp-content\/uploads\/2022\/09\/grammi-2048x47.png 2048w\" sizes=\"auto, (max-width: 10424px) 100vw, 10424px\" \/>    \n        <\/div>\n    <!-- \/image-wrap -->\n    \n        <\/div>\n<!-- \/module image -->        <\/div>\n                        <\/div>\n        <\/div>\n                        <div  data-css_id=\"h8jj450\" data-lazy=\"1\" class=\"module_row themify_builder_row fullwidth tb_h8jj450 tf_w\">\n                        <div class=\"row_inner col_align_top tb_col_count_1 tf_box tf_rel\">\n                        <div  data-lazy=\"1\" class=\"module_column tb-column col-full tb_u9fe454 first\">\n                            <\/div>\n                        <\/div>\n        <\/div>\n        <\/div>\n<!--\/themify_builder_content-->","protected":false},"excerpt":{"rendered":"<p>Die Zeit l\u00e4uft und l\u00e4sst seine Spur am Ort zur\u00fcck. Der Ort ist immer mit den Menschen verflochten, die ihn in der Vergangenheit gelebt haben, der darin gearbeitet haben, bewohnen ihn heute, aber sie werden auch in Zukunft f\u00fcr ihn leben und arbeiten.Die Wahl des Namens AMVRELIA f\u00fcr unsere Produkte war kein Zufall.Ursprung in einer [&hellip;]<\/p>\n","protected":false},"author":2,"featured_media":0,"parent":0,"menu_order":0,"comment_status":"closed","ping_status":"closed","template":"","meta":{"_seopress_robots_primary_cat":"","_seopress_titles_title":"","_seopress_titles_desc":"","_seopress_robots_index":"","footnotes":""},"class_list":["post-1644","page","type-page","status-publish","hentry","has-post-title","has-post-date","has-post-category","has-post-tag","has-post-comment","has-post-author",""],"builder_content":"<p>Die Zeit l\u00e4uft und l\u00e4sst seine Spur am Ort zur\u00fcck. Der Ort ist immer mit den Menschen verflochten, die ihn in der Vergangenheit gelebt haben, der darin gearbeitet haben, bewohnen ihn heute, aber sie werden auch in Zukunft f\u00fcr ihn leben und arbeiten.<br>Die Wahl des Namens AMVRELIA f\u00fcr unsere Produkte war kein Zufall.<br>Ursprung in einer sch\u00f6nen Stadt Arta, die gegr\u00fcndet wurde<br>auf der antiken Stadt Amvrakia beschlossen wir, den Namen der unsere Produkte in einem St\u00fcck der Geschichte unserer Heimat.<br>Amvrakia in der Antike war eine der wichtigsten St\u00e4dte<br>Griechenlands, wurde am Fluss Arachthos an der gleichen Stelle wie die heutige Arta gebaut ist.<br>Es war die wichtigste Kolonie der Korinther im Nordwesten Griechenlands. Der Name Amvrakia ist der Mythologie nach Amvrakas, Sohn des Thesprotus, zu verdanken.<br>Oder in Amvrakia, Tochter von Melania, K\u00f6nig der Dryopes.<\/p>\n<img src=\"https:\/\/amvrelia.gr\/wp-content\/uploads\/2022\/09\/47bec3bb-0685-4a30-a62c-227bc3ef24f5.jpeg\" title=\"47bec3bb-0685-4a30-a62c-227bc3ef24f5\" alt=\"47bec3bb-0685-4a30-a62c-227bc3ef24f5\" srcset=\"https:\/\/amvrelia.gr\/wp-content\/uploads\/2022\/09\/47bec3bb-0685-4a30-a62c-227bc3ef24f5.jpeg 1280w, https:\/\/amvrelia.gr\/wp-content\/uploads\/2022\/09\/47bec3bb-0685-4a30-a62c-227bc3ef24f5-300x300.jpeg 300w, https:\/\/amvrelia.gr\/wp-content\/uploads\/2022\/09\/47bec3bb-0685-4a30-a62c-227bc3ef24f5-1024x1024.jpeg 1024w, https:\/\/amvrelia.gr\/wp-content\/uploads\/2022\/09\/47bec3bb-0685-4a30-a62c-227bc3ef24f5-150x150.jpeg 150w, https:\/\/amvrelia.gr\/wp-content\/uploads\/2022\/09\/47bec3bb-0685-4a30-a62c-227bc3ef24f5-768x768.jpeg 768w\" sizes=\"(max-width: 1280px) 100vw, 1280px\" \/>\n<img src=\"https:\/\/amvrelia.gr\/wp-content\/uploads\/2022\/09\/grammi.png\" title=\"grammi\" alt=\"grammi\" srcset=\"https:\/\/amvrelia.gr\/wp-content\/uploads\/2022\/09\/grammi.png 10424w, https:\/\/amvrelia.gr\/wp-content\/uploads\/2022\/09\/grammi-300x7.png 300w, https:\/\/amvrelia.gr\/wp-content\/uploads\/2022\/09\/grammi-1024x24.png 1024w, https:\/\/amvrelia.gr\/wp-content\/uploads\/2022\/09\/grammi-768x18.png 768w, https:\/\/amvrelia.gr\/wp-content\/uploads\/2022\/09\/grammi-1536x35.png 1536w, https:\/\/amvrelia.gr\/wp-content\/uploads\/2022\/09\/grammi-2048x47.png 2048w\" sizes=\"(max-width: 10424px) 100vw, 10424px\" \/>","_links":{"self":[{"href":"https:\/\/amvrelia.gr\/de\/wp-json\/wp\/v2\/pages\/1644","targetHints":{"allow":["GET"]}}],"collection":[{"href":"https:\/\/amvrelia.gr\/de\/wp-json\/wp\/v2\/pages"}],"about":[{"href":"https:\/\/amvrelia.gr\/de\/wp-json\/wp\/v2\/types\/page"}],"author":[{"embeddable":true,"href":"https:\/\/amvrelia.gr\/de\/wp-json\/wp\/v2\/users\/2"}],"replies":[{"embeddable":true,"href":"https:\/\/amvrelia.gr\/de\/wp-json\/wp\/v2\/comments?post=1644"}],"version-history":[{"count":4,"href":"https:\/\/amvrelia.gr\/de\/wp-json\/wp\/v2\/pages\/1644\/revisions"}],"predecessor-version":[{"id":1649,"href":"https:\/\/amvrelia.gr\/de\/wp-json\/wp\/v2\/pages\/1644\/revisions\/1649"}],"wp:attachment":[{"href":"https:\/\/amvrelia.gr\/de\/wp-json\/wp\/v2\/media?parent=1644"}],"curies":[{"name":"wp","href":"https:\/\/api.w.org\/{rel}","templated":true}]}}