{"id":1626,"date":"2022-09-30T16:02:31","date_gmt":"2022-09-30T16:02:31","guid":{"rendered":"https:\/\/amvrelia.gr\/?page_id=1626"},"modified":"2022-10-06T08:05:45","modified_gmt":"2022-10-06T08:05:45","slug":"unsere-innovation","status":"publish","type":"page","link":"https:\/\/amvrelia.gr\/de\/unsere-innovation\/","title":{"rendered":"Unsere Innovation"},"content":{"rendered":"<!--themify_builder_content-->\n<div id=\"themify_builder_content-1626\" data-postid=\"1626\" class=\"themify_builder_content themify_builder_content-1626 themify_builder tf_clear\">\n                    <div  data-lazy=\"1\" class=\"module_row themify_builder_row tb_kxeu503 tb_first tf_w\">\n                        <div class=\"row_inner gutter-narrow col_align_top tb_col_count_2 tf_box tf_rel\">\n                        <div  data-lazy=\"1\" class=\"module_column tb-column col4-2 tb_f08b504 first\">\n                    <!-- module text -->\n<div  class=\"module module-text tb_2s39504   \" data-lazy=\"1\">\n        <div  class=\"tb_text_wrap\">\n        <p>In den letzten Jahren haben wir gesehen, dass es auf globaler Ebene Erhaltung und Schutz der Umwelt, was auch zu<br>den landwirtschaftlichen Sektor direkt ber\u00fchrt.<br>Jeden Tag ben\u00f6tigen sensibilisierte Verbraucher gesunde und chemikalienfreie Lebensmittel in ihrer Ern\u00e4hrung.<br>Basierend auf der Nachfrage der Verbraucher nach gesunder Ern\u00e4hrung und ohne schnelles Profit zu streben, entscheiden wir uns f\u00fcr die traditionellen und gesunden Verarbeitungs- und Pflegemethoden.<\/p>    <\/div>\n<\/div>\n<!-- \/module text --><!-- module image -->\n<div  class=\"module module-image tb_j4qw506 image-top   tf_mw\" data-lazy=\"1\">\n        <div class=\"image-wrap tf_rel tf_mw\">\n            <img loading=\"lazy\" decoding=\"async\" width=\"960\" height=\"1280\" src=\"https:\/\/amvrelia.gr\/wp-content\/uploads\/2022\/09\/c620a981-f890-458b-8852-64f86f8cc9ca.jpeg\" class=\"wp-post-image wp-image-915\" title=\"c620a981-f890-458b-8852-64f86f8cc9ca\" alt=\"c620a981-f890-458b-8852-64f86f8cc9ca\" srcset=\"https:\/\/amvrelia.gr\/wp-content\/uploads\/2022\/09\/c620a981-f890-458b-8852-64f86f8cc9ca.jpeg 960w, https:\/\/amvrelia.gr\/wp-content\/uploads\/2022\/09\/c620a981-f890-458b-8852-64f86f8cc9ca-225x300.jpeg 225w, https:\/\/amvrelia.gr\/wp-content\/uploads\/2022\/09\/c620a981-f890-458b-8852-64f86f8cc9ca-768x1024.jpeg 768w\" sizes=\"auto, (max-width: 960px) 100vw, 960px\" \/>    \n        <\/div>\n    <!-- \/image-wrap -->\n    \n        <\/div>\n<!-- \/module image -->        <\/div>\n                    <div  data-lazy=\"1\" class=\"module_column tb-column col4-2 tb_5ugy505 last\">\n                    <!-- module image -->\n<div  class=\"module module-image tb_v6li505 image-top   tf_mw\" data-lazy=\"1\">\n        <div class=\"image-wrap tf_rel tf_mw\">\n            <img loading=\"lazy\" decoding=\"async\" width=\"1224\" height=\"1632\" src=\"https:\/\/amvrelia.gr\/wp-content\/uploads\/2022\/09\/28f2cf81-ecb6-45c6-9605-31862e9fdcb5.jpg\" class=\"wp-post-image wp-image-912\" title=\"28f2cf81-ecb6-45c6-9605-31862e9fdcb5\" alt=\"28f2cf81-ecb6-45c6-9605-31862e9fdcb5\" srcset=\"https:\/\/amvrelia.gr\/wp-content\/uploads\/2022\/09\/28f2cf81-ecb6-45c6-9605-31862e9fdcb5.jpg 1224w, https:\/\/amvrelia.gr\/wp-content\/uploads\/2022\/09\/28f2cf81-ecb6-45c6-9605-31862e9fdcb5-225x300.jpg 225w, https:\/\/amvrelia.gr\/wp-content\/uploads\/2022\/09\/28f2cf81-ecb6-45c6-9605-31862e9fdcb5-768x1024.jpg 768w, https:\/\/amvrelia.gr\/wp-content\/uploads\/2022\/09\/28f2cf81-ecb6-45c6-9605-31862e9fdcb5-1152x1536.jpg 1152w\" sizes=\"auto, (max-width: 1224px) 100vw, 1224px\" \/>    \n        <\/div>\n    <!-- \/image-wrap -->\n    \n        <\/div>\n<!-- \/module image --><!-- module text -->\n<div  class=\"module module-text tb_gqj2507   \" data-lazy=\"1\">\n        <div  class=\"tb_text_wrap\">\n        <p>Unsere Oliven bleiben luftdicht in F\u00e4ssern versiegelt, um zu reifen und die R\u00fcckverfolgbarkeit unserer Produkte zu kontrollieren. Wir pflegen unsere Produkte 100% nat\u00fcrlich, ohne chemische Behandlung, die zu einer Verringerung der Kosten und der Zeit f\u00fchren w\u00fcrde, die die Reifung des Olivenbaums erfordert, aber die Qualit\u00e4t und den N\u00e4hrwert unserer Produkte beeintr\u00e4chtigen w\u00fcrde.<br>Auf der Suche nach gesunden Wegen Verpackungen, die dazu beitragen, Qualit\u00e4t und Nat\u00fcrlichkeit unserer Produkte, die wir dem Verbraucher anbieten Verpackung von PET- und Glasverpackungen mit unseren Produkten, depasteurisiert ist, wodurch alle N\u00e4hrstoffe der Olive erhalten werden.<\/p>    <\/div>\n<\/div>\n<!-- \/module text -->        <\/div>\n                        <\/div>\n        <\/div>\n                        <div  data-lazy=\"1\" class=\"module_row themify_builder_row tb_pj9v503 tf_w\">\n                        <div class=\"row_inner col_align_top tb_col_count_1 tf_box tf_rel\">\n                        <div  data-lazy=\"1\" class=\"module_column tb-column col-full tb_hexv507 first\">\n                    <!-- module image -->\n<div  class=\"module module-image tb_mmt8508 image-top   tf_mw\" data-lazy=\"1\">\n        <div class=\"image-wrap tf_rel tf_mw\">\n            <img loading=\"lazy\" decoding=\"async\" width=\"10424\" height=\"240\" src=\"https:\/\/amvrelia.gr\/wp-content\/uploads\/2022\/09\/grammi.png\" class=\"wp-post-image wp-image-885\" title=\"grammi\" alt=\"grammi\" srcset=\"https:\/\/amvrelia.gr\/wp-content\/uploads\/2022\/09\/grammi.png 10424w, https:\/\/amvrelia.gr\/wp-content\/uploads\/2022\/09\/grammi-300x7.png 300w, https:\/\/amvrelia.gr\/wp-content\/uploads\/2022\/09\/grammi-1024x24.png 1024w, https:\/\/amvrelia.gr\/wp-content\/uploads\/2022\/09\/grammi-768x18.png 768w, https:\/\/amvrelia.gr\/wp-content\/uploads\/2022\/09\/grammi-1536x35.png 1536w, https:\/\/amvrelia.gr\/wp-content\/uploads\/2022\/09\/grammi-2048x47.png 2048w\" sizes=\"auto, (max-width: 10424px) 100vw, 10424px\" \/>    \n        <\/div>\n    <!-- \/image-wrap -->\n    \n        <\/div>\n<!-- \/module image -->        <\/div>\n                        <\/div>\n        <\/div>\n                        <div  data-css_id=\"dpe4503\" data-lazy=\"1\" class=\"module_row themify_builder_row fullwidth tb_dpe4503 tf_w\">\n                        <div class=\"row_inner col_align_top tb_col_count_1 tf_box tf_rel\">\n                        <div  data-lazy=\"1\" class=\"module_column tb-column col-full tb_1vki509 first\">\n                            <\/div>\n                        <\/div>\n        <\/div>\n        <\/div>\n<!--\/themify_builder_content-->\n\n<p><\/p>","protected":false},"excerpt":{"rendered":"<p>In den letzten Jahren haben wir gesehen, dass es auf globaler Ebene Erhaltung und Schutz der Umwelt, was auch zuden landwirtschaftlichen Sektor direkt ber\u00fchrt.Jeden Tag ben\u00f6tigen sensibilisierte Verbraucher gesunde und chemikalienfreie Lebensmittel in ihrer Ern\u00e4hrung.Basierend auf der Nachfrage der Verbraucher nach gesunder Ern\u00e4hrung und ohne schnelles Profit zu streben, entscheiden wir uns f\u00fcr die traditionellen [&hellip;]<\/p>\n","protected":false},"author":2,"featured_media":0,"parent":0,"menu_order":0,"comment_status":"closed","ping_status":"closed","template":"","meta":{"_seopress_robots_primary_cat":"","_seopress_titles_title":"","_seopress_titles_desc":"","_seopress_robots_index":"","footnotes":""},"class_list":["post-1626","page","type-page","status-publish","hentry","has-post-title","has-post-date","has-post-category","has-post-tag","has-post-comment","has-post-author",""],"builder_content":"<p>In den letzten Jahren haben wir gesehen, dass es auf globaler Ebene Erhaltung und Schutz der Umwelt, was auch zu<br>den landwirtschaftlichen Sektor direkt ber\u00fchrt.<br>Jeden Tag ben\u00f6tigen sensibilisierte Verbraucher gesunde und chemikalienfreie Lebensmittel in ihrer Ern\u00e4hrung.<br>Basierend auf der Nachfrage der Verbraucher nach gesunder Ern\u00e4hrung und ohne schnelles Profit zu streben, entscheiden wir uns f\u00fcr die traditionellen und gesunden Verarbeitungs- und Pflegemethoden.<\/p>\n<img src=\"https:\/\/amvrelia.gr\/wp-content\/uploads\/2022\/09\/c620a981-f890-458b-8852-64f86f8cc9ca.jpeg\" title=\"c620a981-f890-458b-8852-64f86f8cc9ca\" alt=\"c620a981-f890-458b-8852-64f86f8cc9ca\" srcset=\"https:\/\/amvrelia.gr\/wp-content\/uploads\/2022\/09\/c620a981-f890-458b-8852-64f86f8cc9ca.jpeg 960w, https:\/\/amvrelia.gr\/wp-content\/uploads\/2022\/09\/c620a981-f890-458b-8852-64f86f8cc9ca-225x300.jpeg 225w, https:\/\/amvrelia.gr\/wp-content\/uploads\/2022\/09\/c620a981-f890-458b-8852-64f86f8cc9ca-768x1024.jpeg 768w\" sizes=\"(max-width: 960px) 100vw, 960px\" \/>\n<img src=\"https:\/\/amvrelia.gr\/wp-content\/uploads\/2022\/09\/28f2cf81-ecb6-45c6-9605-31862e9fdcb5.jpg\" title=\"28f2cf81-ecb6-45c6-9605-31862e9fdcb5\" alt=\"28f2cf81-ecb6-45c6-9605-31862e9fdcb5\" srcset=\"https:\/\/amvrelia.gr\/wp-content\/uploads\/2022\/09\/28f2cf81-ecb6-45c6-9605-31862e9fdcb5.jpg 1224w, https:\/\/amvrelia.gr\/wp-content\/uploads\/2022\/09\/28f2cf81-ecb6-45c6-9605-31862e9fdcb5-225x300.jpg 225w, https:\/\/amvrelia.gr\/wp-content\/uploads\/2022\/09\/28f2cf81-ecb6-45c6-9605-31862e9fdcb5-768x1024.jpg 768w, https:\/\/amvrelia.gr\/wp-content\/uploads\/2022\/09\/28f2cf81-ecb6-45c6-9605-31862e9fdcb5-1152x1536.jpg 1152w\" sizes=\"(max-width: 1224px) 100vw, 1224px\" \/>\n<p>Unsere Oliven bleiben luftdicht in F\u00e4ssern versiegelt, um zu reifen und die R\u00fcckverfolgbarkeit unserer Produkte zu kontrollieren. Wir pflegen unsere Produkte 100% nat\u00fcrlich, ohne chemische Behandlung, die zu einer Verringerung der Kosten und der Zeit f\u00fchren w\u00fcrde, die die Reifung des Olivenbaums erfordert, aber die Qualit\u00e4t und den N\u00e4hrwert unserer Produkte beeintr\u00e4chtigen w\u00fcrde.<br>Auf der Suche nach gesunden Wegen Verpackungen, die dazu beitragen, Qualit\u00e4t und Nat\u00fcrlichkeit unserer Produkte, die wir dem Verbraucher anbieten Verpackung von PET- und Glasverpackungen mit unseren Produkten, depasteurisiert ist, wodurch alle N\u00e4hrstoffe der Olive erhalten werden.<\/p>\n<img src=\"https:\/\/amvrelia.gr\/wp-content\/uploads\/2022\/09\/grammi.png\" title=\"grammi\" alt=\"grammi\" srcset=\"https:\/\/amvrelia.gr\/wp-content\/uploads\/2022\/09\/grammi.png 10424w, https:\/\/amvrelia.gr\/wp-content\/uploads\/2022\/09\/grammi-300x7.png 300w, https:\/\/amvrelia.gr\/wp-content\/uploads\/2022\/09\/grammi-1024x24.png 1024w, https:\/\/amvrelia.gr\/wp-content\/uploads\/2022\/09\/grammi-768x18.png 768w, https:\/\/amvrelia.gr\/wp-content\/uploads\/2022\/09\/grammi-1536x35.png 1536w, https:\/\/amvrelia.gr\/wp-content\/uploads\/2022\/09\/grammi-2048x47.png 2048w\" sizes=\"(max-width: 10424px) 100vw, 10424px\" \/>","_links":{"self":[{"href":"https:\/\/amvrelia.gr\/de\/wp-json\/wp\/v2\/pages\/1626","targetHints":{"allow":["GET"]}}],"collection":[{"href":"https:\/\/amvrelia.gr\/de\/wp-json\/wp\/v2\/pages"}],"about":[{"href":"https:\/\/amvrelia.gr\/de\/wp-json\/wp\/v2\/types\/page"}],"author":[{"embeddable":true,"href":"https:\/\/amvrelia.gr\/de\/wp-json\/wp\/v2\/users\/2"}],"replies":[{"embeddable":true,"href":"https:\/\/amvrelia.gr\/de\/wp-json\/wp\/v2\/comments?post=1626"}],"version-history":[{"count":4,"href":"https:\/\/amvrelia.gr\/de\/wp-json\/wp\/v2\/pages\/1626\/revisions"}],"predecessor-version":[{"id":1631,"href":"https:\/\/amvrelia.gr\/de\/wp-json\/wp\/v2\/pages\/1626\/revisions\/1631"}],"wp:attachment":[{"href":"https:\/\/amvrelia.gr\/de\/wp-json\/wp\/v2\/media?parent=1626"}],"curies":[{"name":"wp","href":"https:\/\/api.w.org\/{rel}","templated":true}]}}