{"id":1607,"date":"2022-09-30T16:39:13","date_gmt":"2022-09-30T16:39:13","guid":{"rendered":"https:\/\/amvrelia.gr\/?page_id=1607"},"modified":"2022-10-06T07:48:00","modified_gmt":"2022-10-06T07:48:00","slug":"ausstattung","status":"publish","type":"page","link":"https:\/\/amvrelia.gr\/de\/ausstattung\/","title":{"rendered":"AUSSTATTUNG"},"content":{"rendered":"<!--themify_builder_content-->\n<div id=\"themify_builder_content-1607\" data-postid=\"1607\" class=\"themify_builder_content themify_builder_content-1607 themify_builder tf_clear\">\n                    <div  data-lazy=\"1\" class=\"module_row themify_builder_row tb_6788984 tb_first tf_w\">\n                        <div class=\"row_inner gutter-narrow col_align_top tb_col_count_3 tf_box tf_rel\">\n                        <div  data-lazy=\"1\" class=\"module_column tb-column col3-1 tb_1dyd985 first\">\n                    <!-- module image -->\n<div  class=\"module module-image tb_ys2w985 image-top   tf_mw\" data-lazy=\"1\">\n        <div class=\"image-wrap tf_rel tf_mw\">\n            <img decoding=\"async\" src=\"https:\/\/amvrelia.gr\/wp-content\/uploads\/2022\/09\/fb7c3628-e2c0-4d3f-bd87-35684b4f29b8-1024x762-376x280.jpg\" height=\"280\" class=\"wp-post-image wp-image-1032\" title=\"fb7c3628-e2c0-4d3f-bd87-35684b4f29b8\" alt=\"fb7c3628-e2c0-4d3f-bd87-35684b4f29b8\" srcset=\"https:\/\/amvrelia.gr\/wp-content\/uploads\/2022\/09\/fb7c3628-e2c0-4d3f-bd87-35684b4f29b8-1024x762-376x280.jpg 376w, https:\/\/amvrelia.gr\/wp-content\/uploads\/2022\/09\/fb7c3628-e2c0-4d3f-bd87-35684b4f29b8-300x223.jpg 300w, https:\/\/amvrelia.gr\/wp-content\/uploads\/2022\/09\/fb7c3628-e2c0-4d3f-bd87-35684b4f29b8-1024x762.jpg 1024w, https:\/\/amvrelia.gr\/wp-content\/uploads\/2022\/09\/fb7c3628-e2c0-4d3f-bd87-35684b4f29b8-768x572.jpg 768w, https:\/\/amvrelia.gr\/wp-content\/uploads\/2022\/09\/fb7c3628-e2c0-4d3f-bd87-35684b4f29b8.jpg 1264w\" sizes=\"(max-width: 376px) 100vw, 376px\" \/>    \n        <\/div>\n    <!-- \/image-wrap -->\n    \n        <\/div>\n<!-- \/module image --><!-- module image -->\n<div  class=\"module module-image tb_qx7c986 image-top   tf_mw\" data-lazy=\"1\">\n        <div class=\"image-wrap tf_rel tf_mw\">\n            <img loading=\"lazy\" decoding=\"async\" width=\"10424\" height=\"240\" src=\"https:\/\/amvrelia.gr\/wp-content\/uploads\/2022\/09\/grammi.png\" class=\"wp-post-image wp-image-885\" title=\"grammi\" alt=\"grammi\" srcset=\"https:\/\/amvrelia.gr\/wp-content\/uploads\/2022\/09\/grammi.png 10424w, https:\/\/amvrelia.gr\/wp-content\/uploads\/2022\/09\/grammi-300x7.png 300w, https:\/\/amvrelia.gr\/wp-content\/uploads\/2022\/09\/grammi-1024x24.png 1024w, https:\/\/amvrelia.gr\/wp-content\/uploads\/2022\/09\/grammi-768x18.png 768w, https:\/\/amvrelia.gr\/wp-content\/uploads\/2022\/09\/grammi-1536x35.png 1536w, https:\/\/amvrelia.gr\/wp-content\/uploads\/2022\/09\/grammi-2048x47.png 2048w\" sizes=\"auto, (max-width: 10424px) 100vw, 10424px\" \/>    \n        <\/div>\n    <!-- \/image-wrap -->\n    \n        <\/div>\n<!-- \/module image --><!-- module image -->\n<div  class=\"module module-image tb_yxt5986 image-top   tf_mw\" data-lazy=\"1\">\n        <div class=\"image-wrap tf_rel tf_mw\">\n            <img decoding=\"async\" src=\"https:\/\/amvrelia.gr\/wp-content\/uploads\/2022\/09\/18d3d3b5-eaf3-4abd-87b2-e12e4d5c1e89-1024x768-373x280.jpg\" height=\"280\" class=\"wp-post-image wp-image-1038\" title=\"18d3d3b5-eaf3-4abd-87b2-e12e4d5c1e89\" alt=\"18d3d3b5-eaf3-4abd-87b2-e12e4d5c1e89\" srcset=\"https:\/\/amvrelia.gr\/wp-content\/uploads\/2022\/09\/18d3d3b5-eaf3-4abd-87b2-e12e4d5c1e89-1024x768-373x280.jpg 373w, https:\/\/amvrelia.gr\/wp-content\/uploads\/2022\/09\/18d3d3b5-eaf3-4abd-87b2-e12e4d5c1e89-300x225.jpg 300w, https:\/\/amvrelia.gr\/wp-content\/uploads\/2022\/09\/18d3d3b5-eaf3-4abd-87b2-e12e4d5c1e89-1024x768.jpg 1024w, https:\/\/amvrelia.gr\/wp-content\/uploads\/2022\/09\/18d3d3b5-eaf3-4abd-87b2-e12e4d5c1e89-768x576.jpg 768w, https:\/\/amvrelia.gr\/wp-content\/uploads\/2022\/09\/18d3d3b5-eaf3-4abd-87b2-e12e4d5c1e89-1536x1152.jpg 1536w, https:\/\/amvrelia.gr\/wp-content\/uploads\/2022\/09\/18d3d3b5-eaf3-4abd-87b2-e12e4d5c1e89.jpg 1632w\" sizes=\"(max-width: 373px) 100vw, 373px\" \/>    \n        <\/div>\n    <!-- \/image-wrap -->\n    \n        <\/div>\n<!-- \/module image --><!-- module image -->\n<div  class=\"module module-image tb_ukjt987 image-top   tf_mw\" data-lazy=\"1\">\n        <div class=\"image-wrap tf_rel tf_mw\">\n            <img loading=\"lazy\" decoding=\"async\" width=\"10424\" height=\"240\" src=\"https:\/\/amvrelia.gr\/wp-content\/uploads\/2022\/09\/grammi.png\" class=\"wp-post-image wp-image-885\" title=\"grammi\" alt=\"grammi\" srcset=\"https:\/\/amvrelia.gr\/wp-content\/uploads\/2022\/09\/grammi.png 10424w, https:\/\/amvrelia.gr\/wp-content\/uploads\/2022\/09\/grammi-300x7.png 300w, https:\/\/amvrelia.gr\/wp-content\/uploads\/2022\/09\/grammi-1024x24.png 1024w, https:\/\/amvrelia.gr\/wp-content\/uploads\/2022\/09\/grammi-768x18.png 768w, https:\/\/amvrelia.gr\/wp-content\/uploads\/2022\/09\/grammi-1536x35.png 1536w, https:\/\/amvrelia.gr\/wp-content\/uploads\/2022\/09\/grammi-2048x47.png 2048w\" sizes=\"auto, (max-width: 10424px) 100vw, 10424px\" \/>    \n        <\/div>\n    <!-- \/image-wrap -->\n    \n        <\/div>\n<!-- \/module image --><!-- module image -->\n<div  class=\"module module-image tb_ta4k987 image-top   tf_mw\" data-lazy=\"1\">\n        <div class=\"image-wrap tf_rel tf_mw\">\n            <img decoding=\"async\" src=\"https:\/\/amvrelia.gr\/wp-content\/uploads\/2022\/09\/b2f0181d-e9ae-4cee-ba8a-a4e4fe7488d1-1024x783-366x280.jpg\" height=\"280\" class=\"wp-post-image wp-image-1044\" title=\"b2f0181d-e9ae-4cee-ba8a-a4e4fe7488d1\" alt=\"b2f0181d-e9ae-4cee-ba8a-a4e4fe7488d1\" srcset=\"https:\/\/amvrelia.gr\/wp-content\/uploads\/2022\/09\/b2f0181d-e9ae-4cee-ba8a-a4e4fe7488d1-1024x783-366x280.jpg 366w, https:\/\/amvrelia.gr\/wp-content\/uploads\/2022\/09\/b2f0181d-e9ae-4cee-ba8a-a4e4fe7488d1-300x229.jpg 300w, https:\/\/amvrelia.gr\/wp-content\/uploads\/2022\/09\/b2f0181d-e9ae-4cee-ba8a-a4e4fe7488d1-1024x783.jpg 1024w, https:\/\/amvrelia.gr\/wp-content\/uploads\/2022\/09\/b2f0181d-e9ae-4cee-ba8a-a4e4fe7488d1-768x587.jpg 768w, https:\/\/amvrelia.gr\/wp-content\/uploads\/2022\/09\/b2f0181d-e9ae-4cee-ba8a-a4e4fe7488d1-1536x1174.jpg 1536w, https:\/\/amvrelia.gr\/wp-content\/uploads\/2022\/09\/b2f0181d-e9ae-4cee-ba8a-a4e4fe7488d1.jpg 1617w\" sizes=\"(max-width: 366px) 100vw, 366px\" \/>    \n        <\/div>\n    <!-- \/image-wrap -->\n    \n        <\/div>\n<!-- \/module image -->        <\/div>\n                    <div  data-lazy=\"1\" class=\"module_column tb-column col3-1 tb_xu8g987\">\n                    <!-- module text -->\n<div  class=\"module module-text tb_br6z987   \" data-lazy=\"1\">\n        <div  class=\"tb_text_wrap\">\n        <p>Unser Unternehmen hat im Jahr 2016 seine neuen hochmodernen Anlagen f\u00fcr die Verarbeitung und Standardisierung der Olivenfr\u00fcchte geschaffen. Gesundheit und Sicherheit unserer Produkte. Wir sind in der Lage, eine Vielzahl von Produkten der Sorte KONSERVOLIA ARTAS UND KALAMATA Oliven, mit stein,in scheiben,ohne stein, gef\u00fcllt und als Paste (Olivenpastete) zu produzieren. Wir verpacken unsere Produkte in Gl\u00e4sern und in Haustierpackungen in verschiedenen Gr\u00f6\u00dfen und in verschiedenen Reifestufen, wie gr\u00fcn, blond und schwarz. Unser Anliegen ist die Kombination traditioneller Produktionsmethoden mit modernen technologischen Mitteln f\u00fcr das beste Ergebnis in unseren Produkten. Angesichts dieser unser Unternehmen erwarb Verkaufsautomaten und schuf vier Verarbeitungs- und Standardisierungslinien von Oliven und <br>Produkte:<\/p>\n<ol>\n<li>Die Verarbeitungslinie der frischen Olive.<\/li>\n<li>Die Kern Entfernung und Schredderungs Linie.<\/li>\n<li>Die Olivenpaste Produktionslinie.<\/li>\n<li>Die Standardisierungslinie.<\/li>\n<\/ol>    <\/div>\n<\/div>\n<!-- \/module text -->        <\/div>\n                    <div  data-lazy=\"1\" class=\"module_column tb-column col3-1 tb_e77u988 last\">\n                    <!-- module image -->\n<div  class=\"module module-image tb_00jw988 image-top   tf_mw\" data-lazy=\"1\">\n        <div class=\"image-wrap tf_rel tf_mw\">\n            <img loading=\"lazy\" decoding=\"async\" src=\"https:\/\/amvrelia.gr\/wp-content\/uploads\/2022\/09\/7eb13e69-7ea2-470f-9bbc-2daf4fe70752-1024x768-373x268.jpg\" width=\"373\" height=\"268\" class=\"wp-post-image wp-image-1035\" title=\"7eb13e69-7ea2-470f-9bbc-2daf4fe70752\" alt=\"7eb13e69-7ea2-470f-9bbc-2daf4fe70752\">    \n        <\/div>\n    <!-- \/image-wrap -->\n    \n        <\/div>\n<!-- \/module image --><!-- module image -->\n<div  class=\"module module-image tb_gjwn988 image-top   tf_mw\" data-lazy=\"1\">\n        <div class=\"image-wrap tf_rel tf_mw\">\n            <img loading=\"lazy\" decoding=\"async\" width=\"10424\" height=\"240\" src=\"https:\/\/amvrelia.gr\/wp-content\/uploads\/2022\/09\/grammi.png\" class=\"wp-post-image wp-image-885\" title=\"grammi\" alt=\"grammi\" srcset=\"https:\/\/amvrelia.gr\/wp-content\/uploads\/2022\/09\/grammi.png 10424w, https:\/\/amvrelia.gr\/wp-content\/uploads\/2022\/09\/grammi-300x7.png 300w, https:\/\/amvrelia.gr\/wp-content\/uploads\/2022\/09\/grammi-1024x24.png 1024w, https:\/\/amvrelia.gr\/wp-content\/uploads\/2022\/09\/grammi-768x18.png 768w, https:\/\/amvrelia.gr\/wp-content\/uploads\/2022\/09\/grammi-1536x35.png 1536w, https:\/\/amvrelia.gr\/wp-content\/uploads\/2022\/09\/grammi-2048x47.png 2048w\" sizes=\"auto, (max-width: 10424px) 100vw, 10424px\" \/>    \n        <\/div>\n    <!-- \/image-wrap -->\n    \n        <\/div>\n<!-- \/module image --><!-- module image -->\n<div  class=\"module module-image tb_zi84988 image-top   tf_mw\" data-lazy=\"1\">\n        <div class=\"image-wrap tf_rel tf_mw\">\n            <img decoding=\"async\" src=\"https:\/\/amvrelia.gr\/wp-content\/uploads\/2022\/09\/30af9f07-616a-4792-af67-1d3cc85d259d-1024x768-373x280.jpg\" height=\"280\" class=\"wp-post-image wp-image-1041\" title=\"30af9f07-616a-4792-af67-1d3cc85d259d\" alt=\"30af9f07-616a-4792-af67-1d3cc85d259d\" srcset=\"https:\/\/amvrelia.gr\/wp-content\/uploads\/2022\/09\/30af9f07-616a-4792-af67-1d3cc85d259d-1024x768-373x280.jpg 373w, https:\/\/amvrelia.gr\/wp-content\/uploads\/2022\/09\/30af9f07-616a-4792-af67-1d3cc85d259d-300x225.jpg 300w, https:\/\/amvrelia.gr\/wp-content\/uploads\/2022\/09\/30af9f07-616a-4792-af67-1d3cc85d259d-1024x768.jpg 1024w, https:\/\/amvrelia.gr\/wp-content\/uploads\/2022\/09\/30af9f07-616a-4792-af67-1d3cc85d259d-768x576.jpg 768w, https:\/\/amvrelia.gr\/wp-content\/uploads\/2022\/09\/30af9f07-616a-4792-af67-1d3cc85d259d-1536x1152.jpg 1536w, https:\/\/amvrelia.gr\/wp-content\/uploads\/2022\/09\/30af9f07-616a-4792-af67-1d3cc85d259d.jpg 1632w\" sizes=\"(max-width: 373px) 100vw, 373px\" \/>    \n        <\/div>\n    <!-- \/image-wrap -->\n    \n        <\/div>\n<!-- \/module image --><!-- module image -->\n<div  class=\"module module-image tb_sgor777 image-top   tf_mw\" data-lazy=\"1\">\n        <div class=\"image-wrap tf_rel tf_mw\">\n            <img loading=\"lazy\" decoding=\"async\" width=\"10424\" height=\"240\" src=\"https:\/\/amvrelia.gr\/wp-content\/uploads\/2022\/09\/grammi.png\" class=\"wp-post-image wp-image-885\" title=\"grammi\" alt=\"grammi\" srcset=\"https:\/\/amvrelia.gr\/wp-content\/uploads\/2022\/09\/grammi.png 10424w, https:\/\/amvrelia.gr\/wp-content\/uploads\/2022\/09\/grammi-300x7.png 300w, https:\/\/amvrelia.gr\/wp-content\/uploads\/2022\/09\/grammi-1024x24.png 1024w, https:\/\/amvrelia.gr\/wp-content\/uploads\/2022\/09\/grammi-768x18.png 768w, https:\/\/amvrelia.gr\/wp-content\/uploads\/2022\/09\/grammi-1536x35.png 1536w, https:\/\/amvrelia.gr\/wp-content\/uploads\/2022\/09\/grammi-2048x47.png 2048w\" sizes=\"auto, (max-width: 10424px) 100vw, 10424px\" \/>    \n        <\/div>\n    <!-- \/image-wrap -->\n    \n        <\/div>\n<!-- \/module image --><!-- module image -->\n<div  class=\"module module-image tb_ju5q988 image-top   tf_mw\" data-lazy=\"1\">\n        <div class=\"image-wrap tf_rel tf_mw\">\n            <img decoding=\"async\" src=\"https:\/\/amvrelia.gr\/wp-content\/uploads\/2022\/09\/871e820b-0071-4045-98f4-f72970ca4ab7-1024x768-373x280.jpg\" height=\"280\" class=\"wp-post-image wp-image-1047\" title=\"871e820b-0071-4045-98f4-f72970ca4ab7\" alt=\"871e820b-0071-4045-98f4-f72970ca4ab7\" srcset=\"https:\/\/amvrelia.gr\/wp-content\/uploads\/2022\/09\/871e820b-0071-4045-98f4-f72970ca4ab7-1024x768-373x280.jpg 373w, https:\/\/amvrelia.gr\/wp-content\/uploads\/2022\/09\/871e820b-0071-4045-98f4-f72970ca4ab7-300x225.jpg 300w, https:\/\/amvrelia.gr\/wp-content\/uploads\/2022\/09\/871e820b-0071-4045-98f4-f72970ca4ab7-1024x768.jpg 1024w, https:\/\/amvrelia.gr\/wp-content\/uploads\/2022\/09\/871e820b-0071-4045-98f4-f72970ca4ab7-768x576.jpg 768w, https:\/\/amvrelia.gr\/wp-content\/uploads\/2022\/09\/871e820b-0071-4045-98f4-f72970ca4ab7-1536x1152.jpg 1536w, https:\/\/amvrelia.gr\/wp-content\/uploads\/2022\/09\/871e820b-0071-4045-98f4-f72970ca4ab7.jpg 1632w\" sizes=\"(max-width: 373px) 100vw, 373px\" \/>    \n        <\/div>\n    <!-- \/image-wrap -->\n    \n        <\/div>\n<!-- \/module image -->        <\/div>\n                        <\/div>\n        <\/div>\n                        <div  data-lazy=\"1\" class=\"module_row themify_builder_row tb_i2yy984 tf_w\">\n                        <div class=\"row_inner col_align_top tb_col_count_1 tf_box tf_rel\">\n                        <div  data-lazy=\"1\" class=\"module_column tb-column col-full tb_34i5989 first\">\n                    <!-- module image -->\n<div  class=\"module module-image tb_7svl988 image-top   tf_mw\" data-lazy=\"1\">\n        <div class=\"image-wrap tf_rel tf_mw\">\n            <img loading=\"lazy\" decoding=\"async\" width=\"10424\" height=\"240\" src=\"https:\/\/amvrelia.gr\/wp-content\/uploads\/2022\/09\/grammi.png\" class=\"wp-post-image wp-image-885\" title=\"grammi\" alt=\"grammi\" srcset=\"https:\/\/amvrelia.gr\/wp-content\/uploads\/2022\/09\/grammi.png 10424w, https:\/\/amvrelia.gr\/wp-content\/uploads\/2022\/09\/grammi-300x7.png 300w, https:\/\/amvrelia.gr\/wp-content\/uploads\/2022\/09\/grammi-1024x24.png 1024w, https:\/\/amvrelia.gr\/wp-content\/uploads\/2022\/09\/grammi-768x18.png 768w, https:\/\/amvrelia.gr\/wp-content\/uploads\/2022\/09\/grammi-1536x35.png 1536w, https:\/\/amvrelia.gr\/wp-content\/uploads\/2022\/09\/grammi-2048x47.png 2048w\" sizes=\"auto, (max-width: 10424px) 100vw, 10424px\" \/>    \n        <\/div>\n    <!-- \/image-wrap -->\n    \n        <\/div>\n<!-- \/module image -->        <\/div>\n                        <\/div>\n        <\/div>\n                        <div  data-css_id=\"xsvi984\" data-lazy=\"1\" class=\"module_row themify_builder_row fullwidth tb_xsvi984 tf_w\">\n                        <div class=\"row_inner col_align_top tb_col_count_1 tf_box tf_rel\">\n                        <div  data-lazy=\"1\" class=\"module_column tb-column col-full tb_rl04989 first\">\n                            <\/div>\n                        <\/div>\n        <\/div>\n        <\/div>\n<!--\/themify_builder_content-->\n\n<p><\/p>","protected":false},"excerpt":{"rendered":"<p>Unser Unternehmen hat im Jahr 2016 seine neuen hochmodernen Anlagen f\u00fcr die Verarbeitung und Standardisierung der Olivenfr\u00fcchte geschaffen. Gesundheit und Sicherheit unserer Produkte. Wir sind in der Lage, eine Vielzahl von Produkten der Sorte KONSERVOLIA ARTAS UND KALAMATA Oliven, mit stein,in scheiben,ohne stein, gef\u00fcllt und als Paste (Olivenpastete) zu produzieren. Wir verpacken unsere Produkte in [&hellip;]<\/p>\n","protected":false},"author":2,"featured_media":0,"parent":0,"menu_order":0,"comment_status":"closed","ping_status":"closed","template":"","meta":{"_seopress_robots_primary_cat":"","_seopress_titles_title":"","_seopress_titles_desc":"","_seopress_robots_index":"","footnotes":""},"class_list":["post-1607","page","type-page","status-publish","hentry","has-post-title","has-post-date","has-post-category","has-post-tag","has-post-comment","has-post-author",""],"builder_content":"<img src=\"https:\/\/amvrelia.gr\/wp-content\/uploads\/2022\/09\/fb7c3628-e2c0-4d3f-bd87-35684b4f29b8-1024x762-376x280.jpg\" height=\"280\" title=\"fb7c3628-e2c0-4d3f-bd87-35684b4f29b8\" alt=\"fb7c3628-e2c0-4d3f-bd87-35684b4f29b8\" srcset=\"https:\/\/amvrelia.gr\/wp-content\/uploads\/2022\/09\/fb7c3628-e2c0-4d3f-bd87-35684b4f29b8-1024x762-376x280.jpg 376w, https:\/\/amvrelia.gr\/wp-content\/uploads\/2022\/09\/fb7c3628-e2c0-4d3f-bd87-35684b4f29b8-300x223.jpg 300w, https:\/\/amvrelia.gr\/wp-content\/uploads\/2022\/09\/fb7c3628-e2c0-4d3f-bd87-35684b4f29b8-1024x762.jpg 1024w, https:\/\/amvrelia.gr\/wp-content\/uploads\/2022\/09\/fb7c3628-e2c0-4d3f-bd87-35684b4f29b8-768x572.jpg 768w, https:\/\/amvrelia.gr\/wp-content\/uploads\/2022\/09\/fb7c3628-e2c0-4d3f-bd87-35684b4f29b8.jpg 1264w\" sizes=\"(max-width: 376px) 100vw, 376px\" \/>\n<img src=\"https:\/\/amvrelia.gr\/wp-content\/uploads\/2022\/09\/grammi.png\" title=\"grammi\" alt=\"grammi\" srcset=\"https:\/\/amvrelia.gr\/wp-content\/uploads\/2022\/09\/grammi.png 10424w, https:\/\/amvrelia.gr\/wp-content\/uploads\/2022\/09\/grammi-300x7.png 300w, https:\/\/amvrelia.gr\/wp-content\/uploads\/2022\/09\/grammi-1024x24.png 1024w, https:\/\/amvrelia.gr\/wp-content\/uploads\/2022\/09\/grammi-768x18.png 768w, https:\/\/amvrelia.gr\/wp-content\/uploads\/2022\/09\/grammi-1536x35.png 1536w, https:\/\/amvrelia.gr\/wp-content\/uploads\/2022\/09\/grammi-2048x47.png 2048w\" sizes=\"(max-width: 10424px) 100vw, 10424px\" \/>\n<img src=\"https:\/\/amvrelia.gr\/wp-content\/uploads\/2022\/09\/18d3d3b5-eaf3-4abd-87b2-e12e4d5c1e89-1024x768-373x280.jpg\" height=\"280\" title=\"18d3d3b5-eaf3-4abd-87b2-e12e4d5c1e89\" alt=\"18d3d3b5-eaf3-4abd-87b2-e12e4d5c1e89\" srcset=\"https:\/\/amvrelia.gr\/wp-content\/uploads\/2022\/09\/18d3d3b5-eaf3-4abd-87b2-e12e4d5c1e89-1024x768-373x280.jpg 373w, https:\/\/amvrelia.gr\/wp-content\/uploads\/2022\/09\/18d3d3b5-eaf3-4abd-87b2-e12e4d5c1e89-300x225.jpg 300w, https:\/\/amvrelia.gr\/wp-content\/uploads\/2022\/09\/18d3d3b5-eaf3-4abd-87b2-e12e4d5c1e89-1024x768.jpg 1024w, https:\/\/amvrelia.gr\/wp-content\/uploads\/2022\/09\/18d3d3b5-eaf3-4abd-87b2-e12e4d5c1e89-768x576.jpg 768w, https:\/\/amvrelia.gr\/wp-content\/uploads\/2022\/09\/18d3d3b5-eaf3-4abd-87b2-e12e4d5c1e89-1536x1152.jpg 1536w, https:\/\/amvrelia.gr\/wp-content\/uploads\/2022\/09\/18d3d3b5-eaf3-4abd-87b2-e12e4d5c1e89.jpg 1632w\" sizes=\"(max-width: 373px) 100vw, 373px\" \/>\n<img src=\"https:\/\/amvrelia.gr\/wp-content\/uploads\/2022\/09\/grammi.png\" title=\"grammi\" alt=\"grammi\" srcset=\"https:\/\/amvrelia.gr\/wp-content\/uploads\/2022\/09\/grammi.png 10424w, https:\/\/amvrelia.gr\/wp-content\/uploads\/2022\/09\/grammi-300x7.png 300w, https:\/\/amvrelia.gr\/wp-content\/uploads\/2022\/09\/grammi-1024x24.png 1024w, https:\/\/amvrelia.gr\/wp-content\/uploads\/2022\/09\/grammi-768x18.png 768w, https:\/\/amvrelia.gr\/wp-content\/uploads\/2022\/09\/grammi-1536x35.png 1536w, https:\/\/amvrelia.gr\/wp-content\/uploads\/2022\/09\/grammi-2048x47.png 2048w\" sizes=\"(max-width: 10424px) 100vw, 10424px\" \/>\n<img src=\"https:\/\/amvrelia.gr\/wp-content\/uploads\/2022\/09\/b2f0181d-e9ae-4cee-ba8a-a4e4fe7488d1-1024x783-366x280.jpg\" height=\"280\" title=\"b2f0181d-e9ae-4cee-ba8a-a4e4fe7488d1\" alt=\"b2f0181d-e9ae-4cee-ba8a-a4e4fe7488d1\" srcset=\"https:\/\/amvrelia.gr\/wp-content\/uploads\/2022\/09\/b2f0181d-e9ae-4cee-ba8a-a4e4fe7488d1-1024x783-366x280.jpg 366w, https:\/\/amvrelia.gr\/wp-content\/uploads\/2022\/09\/b2f0181d-e9ae-4cee-ba8a-a4e4fe7488d1-300x229.jpg 300w, https:\/\/amvrelia.gr\/wp-content\/uploads\/2022\/09\/b2f0181d-e9ae-4cee-ba8a-a4e4fe7488d1-1024x783.jpg 1024w, https:\/\/amvrelia.gr\/wp-content\/uploads\/2022\/09\/b2f0181d-e9ae-4cee-ba8a-a4e4fe7488d1-768x587.jpg 768w, https:\/\/amvrelia.gr\/wp-content\/uploads\/2022\/09\/b2f0181d-e9ae-4cee-ba8a-a4e4fe7488d1-1536x1174.jpg 1536w, https:\/\/amvrelia.gr\/wp-content\/uploads\/2022\/09\/b2f0181d-e9ae-4cee-ba8a-a4e4fe7488d1.jpg 1617w\" sizes=\"(max-width: 366px) 100vw, 366px\" \/>\n<p>Unser Unternehmen hat im Jahr 2016 seine neuen hochmodernen Anlagen f\u00fcr die Verarbeitung und Standardisierung der Olivenfr\u00fcchte geschaffen. Gesundheit und Sicherheit unserer Produkte. Wir sind in der Lage, eine Vielzahl von Produkten der Sorte KONSERVOLIA ARTAS UND KALAMATA Oliven, mit stein,in scheiben,ohne stein, gef\u00fcllt und als Paste (Olivenpastete) zu produzieren. Wir verpacken unsere Produkte in Gl\u00e4sern und in Haustierpackungen in verschiedenen Gr\u00f6\u00dfen und in verschiedenen Reifestufen, wie gr\u00fcn, blond und schwarz. Unser Anliegen ist die Kombination traditioneller Produktionsmethoden mit modernen technologischen Mitteln f\u00fcr das beste Ergebnis in unseren Produkten. Angesichts dieser unser Unternehmen erwarb Verkaufsautomaten und schuf vier Verarbeitungs- und Standardisierungslinien von Oliven und <br>Produkte:<\/p> <ol> <li>Die Verarbeitungslinie der frischen Olive.<\/li> <li>Die Kern Entfernung und Schredderungs Linie.<\/li> <li>Die Olivenpaste Produktionslinie.<\/li> <li>Die Standardisierungslinie.<\/li> <\/ol>\n<img src=\"https:\/\/amvrelia.gr\/wp-content\/uploads\/2022\/09\/7eb13e69-7ea2-470f-9bbc-2daf4fe70752-1024x768-373x268.jpg\" width=\"373\" height=\"268\" title=\"7eb13e69-7ea2-470f-9bbc-2daf4fe70752\" alt=\"7eb13e69-7ea2-470f-9bbc-2daf4fe70752\">\n<img src=\"https:\/\/amvrelia.gr\/wp-content\/uploads\/2022\/09\/grammi.png\" title=\"grammi\" alt=\"grammi\" srcset=\"https:\/\/amvrelia.gr\/wp-content\/uploads\/2022\/09\/grammi.png 10424w, https:\/\/amvrelia.gr\/wp-content\/uploads\/2022\/09\/grammi-300x7.png 300w, https:\/\/amvrelia.gr\/wp-content\/uploads\/2022\/09\/grammi-1024x24.png 1024w, https:\/\/amvrelia.gr\/wp-content\/uploads\/2022\/09\/grammi-768x18.png 768w, https:\/\/amvrelia.gr\/wp-content\/uploads\/2022\/09\/grammi-1536x35.png 1536w, https:\/\/amvrelia.gr\/wp-content\/uploads\/2022\/09\/grammi-2048x47.png 2048w\" sizes=\"(max-width: 10424px) 100vw, 10424px\" \/>\n<img src=\"https:\/\/amvrelia.gr\/wp-content\/uploads\/2022\/09\/30af9f07-616a-4792-af67-1d3cc85d259d-1024x768-373x280.jpg\" height=\"280\" title=\"30af9f07-616a-4792-af67-1d3cc85d259d\" alt=\"30af9f07-616a-4792-af67-1d3cc85d259d\" srcset=\"https:\/\/amvrelia.gr\/wp-content\/uploads\/2022\/09\/30af9f07-616a-4792-af67-1d3cc85d259d-1024x768-373x280.jpg 373w, https:\/\/amvrelia.gr\/wp-content\/uploads\/2022\/09\/30af9f07-616a-4792-af67-1d3cc85d259d-300x225.jpg 300w, https:\/\/amvrelia.gr\/wp-content\/uploads\/2022\/09\/30af9f07-616a-4792-af67-1d3cc85d259d-1024x768.jpg 1024w, https:\/\/amvrelia.gr\/wp-content\/uploads\/2022\/09\/30af9f07-616a-4792-af67-1d3cc85d259d-768x576.jpg 768w, https:\/\/amvrelia.gr\/wp-content\/uploads\/2022\/09\/30af9f07-616a-4792-af67-1d3cc85d259d-1536x1152.jpg 1536w, https:\/\/amvrelia.gr\/wp-content\/uploads\/2022\/09\/30af9f07-616a-4792-af67-1d3cc85d259d.jpg 1632w\" sizes=\"(max-width: 373px) 100vw, 373px\" \/>\n<img src=\"https:\/\/amvrelia.gr\/wp-content\/uploads\/2022\/09\/grammi.png\" title=\"grammi\" alt=\"grammi\" srcset=\"https:\/\/amvrelia.gr\/wp-content\/uploads\/2022\/09\/grammi.png 10424w, https:\/\/amvrelia.gr\/wp-content\/uploads\/2022\/09\/grammi-300x7.png 300w, https:\/\/amvrelia.gr\/wp-content\/uploads\/2022\/09\/grammi-1024x24.png 1024w, https:\/\/amvrelia.gr\/wp-content\/uploads\/2022\/09\/grammi-768x18.png 768w, https:\/\/amvrelia.gr\/wp-content\/uploads\/2022\/09\/grammi-1536x35.png 1536w, https:\/\/amvrelia.gr\/wp-content\/uploads\/2022\/09\/grammi-2048x47.png 2048w\" sizes=\"(max-width: 10424px) 100vw, 10424px\" \/>\n<img src=\"https:\/\/amvrelia.gr\/wp-content\/uploads\/2022\/09\/871e820b-0071-4045-98f4-f72970ca4ab7-1024x768-373x280.jpg\" height=\"280\" title=\"871e820b-0071-4045-98f4-f72970ca4ab7\" alt=\"871e820b-0071-4045-98f4-f72970ca4ab7\" srcset=\"https:\/\/amvrelia.gr\/wp-content\/uploads\/2022\/09\/871e820b-0071-4045-98f4-f72970ca4ab7-1024x768-373x280.jpg 373w, https:\/\/amvrelia.gr\/wp-content\/uploads\/2022\/09\/871e820b-0071-4045-98f4-f72970ca4ab7-300x225.jpg 300w, https:\/\/amvrelia.gr\/wp-content\/uploads\/2022\/09\/871e820b-0071-4045-98f4-f72970ca4ab7-1024x768.jpg 1024w, https:\/\/amvrelia.gr\/wp-content\/uploads\/2022\/09\/871e820b-0071-4045-98f4-f72970ca4ab7-768x576.jpg 768w, https:\/\/amvrelia.gr\/wp-content\/uploads\/2022\/09\/871e820b-0071-4045-98f4-f72970ca4ab7-1536x1152.jpg 1536w, https:\/\/amvrelia.gr\/wp-content\/uploads\/2022\/09\/871e820b-0071-4045-98f4-f72970ca4ab7.jpg 1632w\" sizes=\"(max-width: 373px) 100vw, 373px\" \/>\n<img src=\"https:\/\/amvrelia.gr\/wp-content\/uploads\/2022\/09\/grammi.png\" title=\"grammi\" alt=\"grammi\" srcset=\"https:\/\/amvrelia.gr\/wp-content\/uploads\/2022\/09\/grammi.png 10424w, https:\/\/amvrelia.gr\/wp-content\/uploads\/2022\/09\/grammi-300x7.png 300w, https:\/\/amvrelia.gr\/wp-content\/uploads\/2022\/09\/grammi-1024x24.png 1024w, https:\/\/amvrelia.gr\/wp-content\/uploads\/2022\/09\/grammi-768x18.png 768w, https:\/\/amvrelia.gr\/wp-content\/uploads\/2022\/09\/grammi-1536x35.png 1536w, https:\/\/amvrelia.gr\/wp-content\/uploads\/2022\/09\/grammi-2048x47.png 2048w\" sizes=\"(max-width: 10424px) 100vw, 10424px\" \/>","_links":{"self":[{"href":"https:\/\/amvrelia.gr\/de\/wp-json\/wp\/v2\/pages\/1607","targetHints":{"allow":["GET"]}}],"collection":[{"href":"https:\/\/amvrelia.gr\/de\/wp-json\/wp\/v2\/pages"}],"about":[{"href":"https:\/\/amvrelia.gr\/de\/wp-json\/wp\/v2\/types\/page"}],"author":[{"embeddable":true,"href":"https:\/\/amvrelia.gr\/de\/wp-json\/wp\/v2\/users\/2"}],"replies":[{"embeddable":true,"href":"https:\/\/amvrelia.gr\/de\/wp-json\/wp\/v2\/comments?post=1607"}],"version-history":[{"count":4,"href":"https:\/\/amvrelia.gr\/de\/wp-json\/wp\/v2\/pages\/1607\/revisions"}],"predecessor-version":[{"id":1612,"href":"https:\/\/amvrelia.gr\/de\/wp-json\/wp\/v2\/pages\/1607\/revisions\/1612"}],"wp:attachment":[{"href":"https:\/\/amvrelia.gr\/de\/wp-json\/wp\/v2\/media?parent=1607"}],"curies":[{"name":"wp","href":"https:\/\/api.w.org\/{rel}","templated":true}]}}