{"id":1543,"date":"2022-09-30T16:57:22","date_gmt":"2022-09-30T16:57:22","guid":{"rendered":"https:\/\/amvrelia.gr\/?page_id=1543"},"modified":"2022-10-06T06:50:58","modified_gmt":"2022-10-06T06:50:58","slug":"gesundheitliche-vorteile","status":"publish","type":"page","link":"https:\/\/amvrelia.gr\/de\/gesundheitliche-vorteile\/","title":{"rendered":"Gesundheitliche Vorteile"},"content":{"rendered":"<!--themify_builder_content-->\n<div id=\"themify_builder_content-1543\" data-postid=\"1543\" class=\"themify_builder_content themify_builder_content-1543 themify_builder tf_clear\">\n                    <div  data-lazy=\"1\" class=\"module_row themify_builder_row tb_4sdz705 tb_first tf_w\">\n                        <div class=\"row_inner gutter-narrow col_align_top tb_col_count_2 tf_box tf_rel\">\n                        <div  data-lazy=\"1\" class=\"module_column tb-column col4-3 tb_zk77705 first\">\n                            <div  data-lazy=\"1\" class=\"module_subrow themify_builder_sub_row tf_w gutter-narrow col_align_top tb_col_count_2 tb_hkrp407\">\n                <div  data-lazy=\"1\" class=\"module_column sub_column col2-1 tb_ma05408 first\">\n                    <!-- module image -->\n<div  class=\"module module-image tb_30mg61 image-top   tf_mw\" data-lazy=\"1\">\n        <div class=\"image-wrap tf_rel tf_mw\">\n            <img loading=\"lazy\" decoding=\"async\" width=\"2039\" height=\"1469\" src=\"https:\/\/amvrelia.gr\/wp-content\/uploads\/2022\/09\/b51fc6eb-6b03-4c01-b206-1949c1911f38.jpg\" class=\"wp-post-image wp-image-1092\" title=\"Young girl at outdoor party eating olives\" alt=\"Young girl at outdoor party eating olives\" srcset=\"https:\/\/amvrelia.gr\/wp-content\/uploads\/2022\/09\/b51fc6eb-6b03-4c01-b206-1949c1911f38.jpg 2039w, https:\/\/amvrelia.gr\/wp-content\/uploads\/2022\/09\/b51fc6eb-6b03-4c01-b206-1949c1911f38-300x216.jpg 300w, https:\/\/amvrelia.gr\/wp-content\/uploads\/2022\/09\/b51fc6eb-6b03-4c01-b206-1949c1911f38-1024x738.jpg 1024w, https:\/\/amvrelia.gr\/wp-content\/uploads\/2022\/09\/b51fc6eb-6b03-4c01-b206-1949c1911f38-768x553.jpg 768w, https:\/\/amvrelia.gr\/wp-content\/uploads\/2022\/09\/b51fc6eb-6b03-4c01-b206-1949c1911f38-1536x1107.jpg 1536w\" sizes=\"auto, (max-width: 2039px) 100vw, 2039px\" \/>    \n        <\/div>\n    <!-- \/image-wrap -->\n    \n        <\/div>\n<!-- \/module image -->        <\/div>\n                    <div  data-lazy=\"1\" class=\"module_column sub_column col2-1 tb_wfzr408 last\">\n                    <!-- module image -->\n<div  class=\"module module-image tb_hxko73 image-top   tf_mw\" data-lazy=\"1\">\n        <div class=\"image-wrap tf_rel tf_mw\">\n            <img loading=\"lazy\" decoding=\"async\" width=\"1280\" height=\"1008\" src=\"https:\/\/amvrelia.gr\/wp-content\/uploads\/2022\/09\/86a7e727-392b-4457-ada0-a0736b7edccf.jpg\" class=\"wp-post-image wp-image-1095\" title=\"86a7e727-392b-4457-ada0-a0736b7edccf\" alt=\"86a7e727-392b-4457-ada0-a0736b7edccf\" srcset=\"https:\/\/amvrelia.gr\/wp-content\/uploads\/2022\/09\/86a7e727-392b-4457-ada0-a0736b7edccf.jpg 1280w, https:\/\/amvrelia.gr\/wp-content\/uploads\/2022\/09\/86a7e727-392b-4457-ada0-a0736b7edccf-300x236.jpg 300w, https:\/\/amvrelia.gr\/wp-content\/uploads\/2022\/09\/86a7e727-392b-4457-ada0-a0736b7edccf-1024x806.jpg 1024w, https:\/\/amvrelia.gr\/wp-content\/uploads\/2022\/09\/86a7e727-392b-4457-ada0-a0736b7edccf-768x605.jpg 768w\" sizes=\"auto, (max-width: 1280px) 100vw, 1280px\" \/>    \n        <\/div>\n    <!-- \/image-wrap -->\n    \n        <\/div>\n<!-- \/module image -->        <\/div>\n                    <\/div>\n        <!-- module text -->\n<div  class=\"module module-text tb_q56i400   \" data-lazy=\"1\">\n        <div  class=\"tb_text_wrap\">\n        <h3>Nach chronischer wissenschaftlicher Forschung und Studien wurden die folgenden gesundheitlichen Vorteile nachgewiesen:<\/h3>\n<ol>\n<li>\n<p>Beseitigen Sie \u00fcberm\u00e4\u00dfiges Cholesterin im Blut.<\/p>\n<\/li>\n<li>\n<p>Blutdruckschwankungen begrenzen.<\/p>\n<\/li>\n<li>\n<p>Sie sind eine ausgezeichnete Quelle f\u00fcr Ballaststoffe, als Alternative zu Obst und Gem\u00fcse. <\/p>\n<\/li>\n<li>\n<p>Es ist eine Quelle von Vitamin E und wirken als Antioxidans, die Zellen zu sch\u00fctzen.<\/p>\n<\/li>\n<li>\n<p>Verringerung der Auswirkungen von degenerativen Erkrankungen; wie Alzheimer.<\/p>\n<\/li>\n<li>\n<p>Sie helfen, Blutgerinnsel zu verhindern, die zu Myokardinfarkt oder tiefer ven\u00f6ser Thrombose f\u00fchren k\u00f6nnten.<\/p>\n<\/li>\n<li>\n<p>Sch\u00fctzen Sie Zellmembranen vor Krankheiten wie Krebs.<\/p>\n<\/li>\n<li>\n<p>Schutz vor An\u00e4mie (Eisenmangel). Nur eine Tasse Oliven ist eine gro\u00dfe Eisenquelle (4,4 mg).<\/p>\n<\/li>\n<li>\n<p>Sie verbessern die Fruchtbarkeit und das Fortpflanzungssystem.<\/p>\n<\/li>\n<li>\n<p>Sie spielen eine wichtige Rolle bei der Aufrechterhaltung eines gesunden Immunsystems, insbesondere bei oxidativem Stress und chronischen degenerativen Erkrankungen.<\/p>\n<\/li>\n<li>\n<p>Sie sind nahrhaft und reich an Mineralien wie Natrium, Kalium, Magnesium, Eisen, Phosphor und Jod.<\/p>\n<\/li>\n<li>\n<p>Sie enthalten \u00d6ls\u00e4ure, die vorteilhafte Eigenschaften f\u00fcr den Schutz des Herzens hat. Sie helfen Ihrem K\u00f6rper auch, die Produktion von Adiponettin zu erh\u00f6hen, einer Chemikalie, die Fett f\u00fcr bis zu f\u00fcnf Stunden nach dem Verzehr verbrennt.<\/p>\n<\/li>\n<li>\n<p>Sie enthalten Polyphenole, eine nat\u00fcrliche Chemikalie, die oxidativen Stress im Gehirn reduziert. Wenn Sie also t\u00e4glich eine Portion Oliven essen, haben Sie eine Verbesserung Ihres Ged\u00e4chtnisses von bis zu 25%.<\/p>\n<\/li>\n<li>\n<p>Der Verzehr von Oliven kann das Auftreten von Falten um 20% verbessern, da sie \u00d6ls\u00e4ure enthalten, die die Haut weich und gesund h\u00e4lt.<\/p>\n<\/li>\n<li>\n<p>Wenn Sie vor einer Mahlzeit nur 10 Oliven essen, k\u00f6nnen Sie Ihren Appetit um bis zu 20 % reduzieren. Dies liegt daran, einfach unges\u00e4ttigte Fetts\u00e4uren in Oliven enthalten verlangsamen den Verdauungsprozess und Cholecystokinin zu verbessern, ein Hormon, das Nachrichten der Vollst\u00e4ndigkeit an das Gehirn sendet.<\/p>\n<\/li>\n<\/ol>    <\/div>\n<\/div>\n<!-- \/module text -->        <\/div>\n                    <div  data-lazy=\"1\" class=\"module_column tb-column col4-1 tb_0tbv181 last\">\n                    <!-- module image -->\n<div  class=\"module module-image tb_lw9161 image-top   tf_mw\" data-lazy=\"1\">\n        <div class=\"image-wrap tf_rel tf_mw\">\n            <img loading=\"lazy\" decoding=\"async\" width=\"2120\" height=\"1414\" src=\"https:\/\/amvrelia.gr\/wp-content\/uploads\/2022\/09\/85733504-f8e5-433f-b872-af82c5c4d018.jpg\" class=\"wp-post-image wp-image-1098\" title=\"Bookcase\" alt=\"Bookcase\" srcset=\"https:\/\/amvrelia.gr\/wp-content\/uploads\/2022\/09\/85733504-f8e5-433f-b872-af82c5c4d018.jpg 2120w, https:\/\/amvrelia.gr\/wp-content\/uploads\/2022\/09\/85733504-f8e5-433f-b872-af82c5c4d018-300x200.jpg 300w, https:\/\/amvrelia.gr\/wp-content\/uploads\/2022\/09\/85733504-f8e5-433f-b872-af82c5c4d018-1024x683.jpg 1024w, https:\/\/amvrelia.gr\/wp-content\/uploads\/2022\/09\/85733504-f8e5-433f-b872-af82c5c4d018-768x512.jpg 768w, https:\/\/amvrelia.gr\/wp-content\/uploads\/2022\/09\/85733504-f8e5-433f-b872-af82c5c4d018-1536x1024.jpg 1536w, https:\/\/amvrelia.gr\/wp-content\/uploads\/2022\/09\/85733504-f8e5-433f-b872-af82c5c4d018-2048x1366.jpg 2048w\" sizes=\"auto, (max-width: 2120px) 100vw, 2120px\" \/>    \n        <\/div>\n    <!-- \/image-wrap -->\n    \n        <\/div>\n<!-- \/module image --><!-- module text -->\n<div  class=\"module module-text tb_fu70253   \" data-lazy=\"1\">\n        <div  class=\"tb_text_wrap\">\n        <h3>Bibliographie<\/h3>\n<ol>\n<li>Agapius der Kresse(1850) &#8222;Agronomics,&#8220; Folk Medicine, Dietary Agronomics in the beginning of the IH Century &#8222;das ewige&#8220; Venedig. Kultur, Athen 1979<\/li>\n<li>Vatou, E.(2010) Kultur, mediterrane Ern\u00e4hrung, Eleftherotypia, 17\/11\/2010<\/li>\n<li>Faklaris B. (1999). Das Oliven\u00f6l und \u00d6l im antiken Griechenland, z.B. &#8218;TO VIMA&#8216; 31Januar 1999<\/li>\n<li>LambrakiMyrsini (2008). \u00d6l, Aromen und Kultur von 5.000 Jahren. Dim. Organisation Lampraki. Athen<\/li>\n<li>Mitromanous Hieromonk (1925) Iatrosofiko, Ec. Kloster Von Machaira, Nikosia (Zypern)<\/li>\n<li>Mouzaki \u2013Gut, Ann. und Mouzakis St. Lioklada, liodakri, sunleaves undDie&#8230; Symposienprotokolle zu: Oliven\u00f6l und \u00d6l im Raum und Zeit. Athen<\/li>\n<li>Tasioula\u2013Margari, M. (2003). Chemische Bestandteile von Oliven\u00f6l und ihre Bedeutung in der Ern\u00e4hrung. Symposienprotokolle zu: Oliven\u00f6l und \u00d6l im Raum und Zeit. Athen<\/li>\n<li>A. P. Simopoulos (1991). &#8222;Die mediterranen Di\u00e4ten in<br>Gesundheit und Krankheit&#8220;. American Journal of Clinical Nutrition 54 (4): 771.<\/li>\n<li>Visioli, F, &amp; Galli,C. (1995) Nutr. Metab. Cardiovasc. Dis, 5.<br>306-314<\/li>\n<li>Covas et. al (2006). Ann Intern Med (145): 333-341<\/li>\n<li>Estruch et al. Ann Inter Med (145): 1-11<\/li>\n<li>Ghisalberti EL (1998) Biologische und pharmakologische<br>Nat\u00fcrlich vorkommende Iridoide und Secoiridoide. Phytomedizin 5<br>(2): 147-163<\/li>\n<\/ol>    <\/div>\n<\/div>\n<!-- \/module text -->        <\/div>\n                        <\/div>\n        <\/div>\n                        <div  data-lazy=\"1\" class=\"module_row themify_builder_row tb_jwn3347 tf_w\">\n                        <div class=\"row_inner col_align_top tb_col_count_1 tf_box tf_rel\">\n                        <div  data-lazy=\"1\" class=\"module_column tb-column col-full tb_fns7348 first\">\n                    <!-- module image -->\n<div  class=\"module module-image tb_p0el52 image-top   tf_mw\" data-lazy=\"1\">\n        <div class=\"image-wrap tf_rel tf_mw\">\n            <img loading=\"lazy\" decoding=\"async\" width=\"10424\" height=\"240\" src=\"https:\/\/amvrelia.gr\/wp-content\/uploads\/2022\/09\/grammi.png\" class=\"wp-post-image wp-image-885\" title=\"grammi\" alt=\"grammi\" srcset=\"https:\/\/amvrelia.gr\/wp-content\/uploads\/2022\/09\/grammi.png 10424w, https:\/\/amvrelia.gr\/wp-content\/uploads\/2022\/09\/grammi-300x7.png 300w, https:\/\/amvrelia.gr\/wp-content\/uploads\/2022\/09\/grammi-1024x24.png 1024w, https:\/\/amvrelia.gr\/wp-content\/uploads\/2022\/09\/grammi-768x18.png 768w, https:\/\/amvrelia.gr\/wp-content\/uploads\/2022\/09\/grammi-1536x35.png 1536w, https:\/\/amvrelia.gr\/wp-content\/uploads\/2022\/09\/grammi-2048x47.png 2048w\" sizes=\"auto, (max-width: 10424px) 100vw, 10424px\" \/>    \n        <\/div>\n    <!-- \/image-wrap -->\n    \n        <\/div>\n<!-- \/module image -->        <\/div>\n                        <\/div>\n        <\/div>\n        <\/div>\n<!--\/themify_builder_content-->","protected":false},"excerpt":{"rendered":"<p>Nach chronischer wissenschaftlicher Forschung und Studien wurden die folgenden gesundheitlichen Vorteile nachgewiesen: Beseitigen Sie \u00fcberm\u00e4\u00dfiges Cholesterin im Blut. Blutdruckschwankungen begrenzen. Sie sind eine ausgezeichnete Quelle f\u00fcr Ballaststoffe, als Alternative zu Obst und Gem\u00fcse. Es ist eine Quelle von Vitamin E und wirken als Antioxidans, die Zellen zu sch\u00fctzen. Verringerung der Auswirkungen von degenerativen Erkrankungen; wie [&hellip;]<\/p>\n","protected":false},"author":2,"featured_media":0,"parent":0,"menu_order":0,"comment_status":"closed","ping_status":"closed","template":"","meta":{"_seopress_robots_primary_cat":"","_seopress_titles_title":"","_seopress_titles_desc":"","_seopress_robots_index":"","footnotes":""},"class_list":["post-1543","page","type-page","status-publish","hentry","has-post-title","has-post-date","has-post-category","has-post-tag","has-post-comment","has-post-author",""],"builder_content":"<img src=\"https:\/\/amvrelia.gr\/wp-content\/uploads\/2022\/09\/b51fc6eb-6b03-4c01-b206-1949c1911f38.jpg\" title=\"Young girl at outdoor party eating olives\" alt=\"Young girl at outdoor party eating olives\" srcset=\"https:\/\/amvrelia.gr\/wp-content\/uploads\/2022\/09\/b51fc6eb-6b03-4c01-b206-1949c1911f38.jpg 2039w, https:\/\/amvrelia.gr\/wp-content\/uploads\/2022\/09\/b51fc6eb-6b03-4c01-b206-1949c1911f38-300x216.jpg 300w, https:\/\/amvrelia.gr\/wp-content\/uploads\/2022\/09\/b51fc6eb-6b03-4c01-b206-1949c1911f38-1024x738.jpg 1024w, https:\/\/amvrelia.gr\/wp-content\/uploads\/2022\/09\/b51fc6eb-6b03-4c01-b206-1949c1911f38-768x553.jpg 768w, https:\/\/amvrelia.gr\/wp-content\/uploads\/2022\/09\/b51fc6eb-6b03-4c01-b206-1949c1911f38-1536x1107.jpg 1536w\" sizes=\"(max-width: 2039px) 100vw, 2039px\" \/>\n<img src=\"https:\/\/amvrelia.gr\/wp-content\/uploads\/2022\/09\/86a7e727-392b-4457-ada0-a0736b7edccf.jpg\" title=\"86a7e727-392b-4457-ada0-a0736b7edccf\" alt=\"86a7e727-392b-4457-ada0-a0736b7edccf\" srcset=\"https:\/\/amvrelia.gr\/wp-content\/uploads\/2022\/09\/86a7e727-392b-4457-ada0-a0736b7edccf.jpg 1280w, https:\/\/amvrelia.gr\/wp-content\/uploads\/2022\/09\/86a7e727-392b-4457-ada0-a0736b7edccf-300x236.jpg 300w, https:\/\/amvrelia.gr\/wp-content\/uploads\/2022\/09\/86a7e727-392b-4457-ada0-a0736b7edccf-1024x806.jpg 1024w, https:\/\/amvrelia.gr\/wp-content\/uploads\/2022\/09\/86a7e727-392b-4457-ada0-a0736b7edccf-768x605.jpg 768w\" sizes=\"(max-width: 1280px) 100vw, 1280px\" \/>\n<h3>Nach chronischer wissenschaftlicher Forschung und Studien wurden die folgenden gesundheitlichen Vorteile nachgewiesen:<\/h3> <ol> <li> <p>Beseitigen Sie \u00fcberm\u00e4\u00dfiges Cholesterin im Blut.<\/p> <\/li> <li> <p>Blutdruckschwankungen begrenzen.<\/p> <\/li> <li> <p>Sie sind eine ausgezeichnete Quelle f\u00fcr Ballaststoffe, als Alternative zu Obst und Gem\u00fcse. <\/p> <\/li> <li> <p>Es ist eine Quelle von Vitamin E und wirken als Antioxidans, die Zellen zu sch\u00fctzen.<\/p> <\/li> <li> <p>Verringerung der Auswirkungen von degenerativen Erkrankungen; wie Alzheimer.<\/p> <\/li> <li> <p>Sie helfen, Blutgerinnsel zu verhindern, die zu Myokardinfarkt oder tiefer ven\u00f6ser Thrombose f\u00fchren k\u00f6nnten.<\/p> <\/li> <li> <p>Sch\u00fctzen Sie Zellmembranen vor Krankheiten wie Krebs.<\/p> <\/li> <li> <p>Schutz vor An\u00e4mie (Eisenmangel). Nur eine Tasse Oliven ist eine gro\u00dfe Eisenquelle (4,4 mg).<\/p> <\/li> <li> <p>Sie verbessern die Fruchtbarkeit und das Fortpflanzungssystem.<\/p> <\/li> <li> <p>Sie spielen eine wichtige Rolle bei der Aufrechterhaltung eines gesunden Immunsystems, insbesondere bei oxidativem Stress und chronischen degenerativen Erkrankungen.<\/p> <\/li> <li> <p>Sie sind nahrhaft und reich an Mineralien wie Natrium, Kalium, Magnesium, Eisen, Phosphor und Jod.<\/p> <\/li> <li> <p>Sie enthalten \u00d6ls\u00e4ure, die vorteilhafte Eigenschaften f\u00fcr den Schutz des Herzens hat. Sie helfen Ihrem K\u00f6rper auch, die Produktion von Adiponettin zu erh\u00f6hen, einer Chemikalie, die Fett f\u00fcr bis zu f\u00fcnf Stunden nach dem Verzehr verbrennt.<\/p> <\/li> <li> <p>Sie enthalten Polyphenole, eine nat\u00fcrliche Chemikalie, die oxidativen Stress im Gehirn reduziert. Wenn Sie also t\u00e4glich eine Portion Oliven essen, haben Sie eine Verbesserung Ihres Ged\u00e4chtnisses von bis zu 25%.<\/p> <\/li> <li> <p>Der Verzehr von Oliven kann das Auftreten von Falten um 20% verbessern, da sie \u00d6ls\u00e4ure enthalten, die die Haut weich und gesund h\u00e4lt.<\/p> <\/li> <li> <p>Wenn Sie vor einer Mahlzeit nur 10 Oliven essen, k\u00f6nnen Sie Ihren Appetit um bis zu 20 % reduzieren. Dies liegt daran, einfach unges\u00e4ttigte Fetts\u00e4uren in Oliven enthalten verlangsamen den Verdauungsprozess und Cholecystokinin zu verbessern, ein Hormon, das Nachrichten der Vollst\u00e4ndigkeit an das Gehirn sendet.<\/p> <\/li> <\/ol>\n<img src=\"https:\/\/amvrelia.gr\/wp-content\/uploads\/2022\/09\/85733504-f8e5-433f-b872-af82c5c4d018.jpg\" title=\"Bookcase\" alt=\"Bookcase\" srcset=\"https:\/\/amvrelia.gr\/wp-content\/uploads\/2022\/09\/85733504-f8e5-433f-b872-af82c5c4d018.jpg 2120w, https:\/\/amvrelia.gr\/wp-content\/uploads\/2022\/09\/85733504-f8e5-433f-b872-af82c5c4d018-300x200.jpg 300w, https:\/\/amvrelia.gr\/wp-content\/uploads\/2022\/09\/85733504-f8e5-433f-b872-af82c5c4d018-1024x683.jpg 1024w, https:\/\/amvrelia.gr\/wp-content\/uploads\/2022\/09\/85733504-f8e5-433f-b872-af82c5c4d018-768x512.jpg 768w, https:\/\/amvrelia.gr\/wp-content\/uploads\/2022\/09\/85733504-f8e5-433f-b872-af82c5c4d018-1536x1024.jpg 1536w, https:\/\/amvrelia.gr\/wp-content\/uploads\/2022\/09\/85733504-f8e5-433f-b872-af82c5c4d018-2048x1366.jpg 2048w\" sizes=\"(max-width: 2120px) 100vw, 2120px\" \/>\n<h3>Bibliographie<\/h3> <ol> <li>Agapius der Kresse(1850) \"Agronomics,\" Folk Medicine, Dietary Agronomics in the beginning of the IH Century \"das ewige\" Venedig. Kultur, Athen 1979<\/li> <li>Vatou, E.(2010) Kultur, mediterrane Ern\u00e4hrung, Eleftherotypia, 17\/11\/2010<\/li> <li>Faklaris B. (1999). Das Oliven\u00f6l und \u00d6l im antiken Griechenland, z.B. 'TO VIMA' 31Januar 1999<\/li> <li>LambrakiMyrsini (2008). \u00d6l, Aromen und Kultur von 5.000 Jahren. Dim. Organisation Lampraki. Athen<\/li> <li>Mitromanous Hieromonk (1925) Iatrosofiko, Ec. Kloster Von Machaira, Nikosia (Zypern)<\/li> <li>Mouzaki \u2013Gut, Ann. und Mouzakis St. Lioklada, liodakri, sunleaves undDie... Symposienprotokolle zu: Oliven\u00f6l und \u00d6l im Raum und Zeit. Athen<\/li> <li>Tasioula\u2013Margari, M. (2003). Chemische Bestandteile von Oliven\u00f6l und ihre Bedeutung in der Ern\u00e4hrung. Symposienprotokolle zu: Oliven\u00f6l und \u00d6l im Raum und Zeit. Athen<\/li> <li>A. P. Simopoulos (1991). \"Die mediterranen Di\u00e4ten in<br>Gesundheit und Krankheit\". American Journal of Clinical Nutrition 54 (4): 771.<\/li> <li>Visioli, F, &amp; Galli,C. (1995) Nutr. Metab. Cardiovasc. Dis, 5.<br>306-314<\/li> <li>Covas et. al (2006). Ann Intern Med (145): 333-341<\/li> <li>Estruch et al. Ann Inter Med (145): 1-11<\/li> <li>Ghisalberti EL (1998) Biologische und pharmakologische<br>Nat\u00fcrlich vorkommende Iridoide und Secoiridoide. Phytomedizin 5<br>(2): 147-163<\/li> <\/ol>\n<img src=\"https:\/\/amvrelia.gr\/wp-content\/uploads\/2022\/09\/grammi.png\" title=\"grammi\" alt=\"grammi\" srcset=\"https:\/\/amvrelia.gr\/wp-content\/uploads\/2022\/09\/grammi.png 10424w, https:\/\/amvrelia.gr\/wp-content\/uploads\/2022\/09\/grammi-300x7.png 300w, https:\/\/amvrelia.gr\/wp-content\/uploads\/2022\/09\/grammi-1024x24.png 1024w, https:\/\/amvrelia.gr\/wp-content\/uploads\/2022\/09\/grammi-768x18.png 768w, https:\/\/amvrelia.gr\/wp-content\/uploads\/2022\/09\/grammi-1536x35.png 1536w, https:\/\/amvrelia.gr\/wp-content\/uploads\/2022\/09\/grammi-2048x47.png 2048w\" sizes=\"(max-width: 10424px) 100vw, 10424px\" \/>","_links":{"self":[{"href":"https:\/\/amvrelia.gr\/de\/wp-json\/wp\/v2\/pages\/1543","targetHints":{"allow":["GET"]}}],"collection":[{"href":"https:\/\/amvrelia.gr\/de\/wp-json\/wp\/v2\/pages"}],"about":[{"href":"https:\/\/amvrelia.gr\/de\/wp-json\/wp\/v2\/types\/page"}],"author":[{"embeddable":true,"href":"https:\/\/amvrelia.gr\/de\/wp-json\/wp\/v2\/users\/2"}],"replies":[{"embeddable":true,"href":"https:\/\/amvrelia.gr\/de\/wp-json\/wp\/v2\/comments?post=1543"}],"version-history":[{"count":6,"href":"https:\/\/amvrelia.gr\/de\/wp-json\/wp\/v2\/pages\/1543\/revisions"}],"predecessor-version":[{"id":1550,"href":"https:\/\/amvrelia.gr\/de\/wp-json\/wp\/v2\/pages\/1543\/revisions\/1550"}],"wp:attachment":[{"href":"https:\/\/amvrelia.gr\/de\/wp-json\/wp\/v2\/media?parent=1543"}],"curies":[{"name":"wp","href":"https:\/\/api.w.org\/{rel}","templated":true}]}}