{"id":1459,"date":"2022-10-03T08:18:04","date_gmt":"2022-10-03T08:18:04","guid":{"rendered":"https:\/\/amvrelia.gr\/?page_id=1459"},"modified":"2023-02-22T07:55:31","modified_gmt":"2023-02-22T07:55:31","slug":"ankuendigungen","status":"publish","type":"page","link":"https:\/\/amvrelia.gr\/de\/ankuendigungen\/","title":{"rendered":"Ank\u00fcndigungen"},"content":{"rendered":"<!--themify_builder_content-->\n<div id=\"themify_builder_content-1459\" data-postid=\"1459\" class=\"themify_builder_content themify_builder_content-1459 themify_builder tf_clear\">\n                    <div  data-lazy=\"1\" class=\"module_row themify_builder_row tb_qxqa113 tb_first tf_w\">\n                        <div class=\"row_inner col_align_top tb_col_count_1 tf_box tf_rel\">\n                        <div  data-lazy=\"1\" class=\"module_column tb-column col-full tb_ufen114 first\">\n                    <!-- advanced-posts module -->\n<div  class=\"module module-advanced-posts tb_assv82   themify_builder_content-assv82\" data-lazy=\"1\">\n\t\n\t\t\n\t\t<div  class=\"builder-posts-wrap loops-wrapper list-post classic tf_clear tf_clearfix\" data-lazy=\"1\">\n\n\t\t\t\n\t\t\t\n\t\t\t\t\n\t\t\t\t\n\t\t\t\t<article id=\"post-2002\" class=\"post tf_clearfix post-2002 type-post status-publish format-standard hentry category-ankuendigungen has-post-title has-post-date has-post-category has-post-tag has-post-comment has-post-author \">\n\t\t\t\t\t    <div class=\"tbp_advanced_archive_wrap\">\n\t                <div  data-lazy=\"1\" class=\"module_row themify_builder_row tb_w7k582 tf_w\">\n                        <div class=\"row_inner col_align_top tb_col_count_1 tf_box tf_rel\">\n                        <div  data-lazy=\"1\" class=\"module_column tb-column col-full tb_fpze82 first\">\n                    <!-- Post Content module -->\n<div  class=\"module module-post-content tb_7ga582 \" data-lazy=\"1\">\n\t\n\n    <div class=\"tb_text_wrap\">\n\t\t<!--themify_builder_content-->\n    <div  class=\"themify_builder_content themify_builder_content-2002 themify_builder not_editable_builder in_the_loop\" data-postid=\"2002\">\n                        <div  data-lazy=\"1\" class=\"module_row themify_builder_row tb_dp9y526 tf_w\">\n                        <div class=\"row_inner col_align_top tb_col_count_1 tf_box tf_rel\">\n                        <div  data-lazy=\"1\" class=\"module_column tb-column col-full tb_3p4k526 first\">\n                    <!-- module image -->\n<div  class=\"module module-image tb_dvjr185 image-top   tf_mw\" data-lazy=\"1\">\n        <div class=\"image-wrap tf_rel tf_mw\">\n            <img fetchpriority=\"high\" decoding=\"async\" width=\"650\" height=\"413\" src=\"https:\/\/amvrelia.gr\/wp-content\/uploads\/2023\/02\/SYMMETEXOUME-FOODEXPO_23_GR.png\" class=\"wp-post-image wp-image-2032\" title=\"SYMMETEXOUME-FOODEXPO_23_GR\" alt=\"scc\" srcset=\"https:\/\/amvrelia.gr\/wp-content\/uploads\/2023\/02\/SYMMETEXOUME-FOODEXPO_23_GR.png 650w, https:\/\/amvrelia.gr\/wp-content\/uploads\/2023\/02\/SYMMETEXOUME-FOODEXPO_23_GR-300x191.png 300w\" sizes=\"(max-width: 650px) 100vw, 650px\" \/>    \n        <\/div>\n    <!-- \/image-wrap -->\n    \n        <\/div>\n<!-- \/module image --><!-- module text -->\n<div  class=\"module module-text tb_b5fz690   \" data-lazy=\"1\">\n        <div  class=\"tb_text_wrap\">\n        \n          <p>F\u00fcr eine weiteres mal nimmt unser Unternehmen teil in food Expo 2023. 14.-18. MARZ 2023<\/p>\n            <\/div>\n<\/div>\n<!-- \/module text -->        <\/div>\n                        <\/div>\n        <\/div>\n            <\/div>\n<!--\/themify_builder_content-->    <\/div><!-- .tb_text_wrap -->\n\n\n<\/div>\n<!-- \/Post Content module -->        <\/div>\n                        <\/div>\n        <\/div>\n            <\/div>\n\t\t\t\t<\/article>\n\n\t\t\t\t\n\t\t\t\t\n\t\t\t\n\t\t\t\t\n\t\t\t\t\n\t\t\t\t<article id=\"post-1992\" class=\"post tf_clearfix post-1992 type-post status-publish format-standard hentry category-ankuendigungen has-post-title has-post-date has-post-category has-post-tag has-post-comment has-post-author \">\n\t\t\t\t\t    <div class=\"tbp_advanced_archive_wrap\">\n\t                <div  data-lazy=\"1\" class=\"module_row themify_builder_row tb_w7k582 tf_w\">\n                        <div class=\"row_inner col_align_top tb_col_count_1 tf_box tf_rel\">\n                        <div  data-lazy=\"1\" class=\"module_column tb-column col-full tb_fpze82 first\">\n                    <!-- Post Content module -->\n<div  class=\"module module-post-content tb_7ga582 \" data-lazy=\"1\">\n\t\n\n    <div class=\"tb_text_wrap\">\n\t\t<!--themify_builder_content-->\n    <div  class=\"themify_builder_content themify_builder_content-1992 themify_builder not_editable_builder in_the_loop\" data-postid=\"1992\">\n                        <div  data-lazy=\"1\" class=\"module_row themify_builder_row tb_dp9y526 tf_w\">\n                        <div class=\"row_inner col_align_top tb_col_count_1 tf_box tf_rel\">\n                        <div  data-lazy=\"1\" class=\"module_column tb-column col-full tb_3p4k526 first\">\n                    <!-- module image -->\n<div  class=\"module module-image tb_dvjr185 image-top   tf_mw\" data-lazy=\"1\">\n        <div class=\"image-wrap tf_rel tf_mw\">\n            <img loading=\"lazy\" decoding=\"async\" width=\"728\" height=\"90\" src=\"https:\/\/amvrelia.gr\/wp-content\/uploads\/2022\/10\/5a3543a4-79ad-42fd-a522-7d871f86ca15.png\" class=\"wp-post-image wp-image-1290\" title=\"5a3543a4-79ad-42fd-a522-7d871f86ca15\" alt=\"5a3543a4-79ad-42fd-a522-7d871f86ca15\" srcset=\"https:\/\/amvrelia.gr\/wp-content\/uploads\/2022\/10\/5a3543a4-79ad-42fd-a522-7d871f86ca15.png 728w, https:\/\/amvrelia.gr\/wp-content\/uploads\/2022\/10\/5a3543a4-79ad-42fd-a522-7d871f86ca15-300x37.png 300w\" sizes=\"auto, (max-width: 728px) 100vw, 728px\" \/>    \n        <\/div>\n    <!-- \/image-wrap -->\n    \n        <\/div>\n<!-- \/module image --><!-- module text -->\n<div  class=\"module module-text tb_b5fz690   \" data-lazy=\"1\">\n        <div  class=\"tb_text_wrap\">\n        \n          <p>Unser Unternehmen nimmt ein weiteres Mal an der SIAL 2022 (15.-19. Oktober) teil. Besuchen Sie uns in Halle 2, Stand L127<\/p>\n            <\/div>\n<\/div>\n<!-- \/module text -->        <\/div>\n                        <\/div>\n        <\/div>\n            <\/div>\n<!--\/themify_builder_content-->    <\/div><!-- .tb_text_wrap -->\n\n\n<\/div>\n<!-- \/Post Content module -->        <\/div>\n                        <\/div>\n        <\/div>\n            <\/div>\n\t\t\t\t<\/article>\n\n\t\t\t\t\n\t\t\t\t\n\t\t\t\n\t\t\t\t\n\t\t\t\t\n\t\t\t\t<article id=\"post-1982\" class=\"post tf_clearfix post-1982 type-post status-publish format-standard hentry category-ankuendigungen has-post-title has-post-date has-post-category has-post-tag has-post-comment has-post-author \">\n\t\t\t\t\t    <div class=\"tbp_advanced_archive_wrap\">\n\t                <div  data-lazy=\"1\" class=\"module_row themify_builder_row tb_w7k582 tf_w\">\n                        <div class=\"row_inner col_align_top tb_col_count_1 tf_box tf_rel\">\n                        <div  data-lazy=\"1\" class=\"module_column tb-column col-full tb_fpze82 first\">\n                    <!-- Post Content module -->\n<div  class=\"module module-post-content tb_7ga582 \" data-lazy=\"1\">\n\t\n\n    <div class=\"tb_text_wrap\">\n\t\t<!--themify_builder_content-->\n    <div  class=\"themify_builder_content themify_builder_content-1982 themify_builder not_editable_builder in_the_loop\" data-postid=\"1982\">\n                        <div  data-lazy=\"1\" class=\"module_row themify_builder_row tb_dp9y526 tf_w\">\n                        <div class=\"row_inner col_align_top tb_col_count_1 tf_box tf_rel\">\n                        <div  data-lazy=\"1\" class=\"module_column tb-column col-full tb_3p4k526 first\">\n                    <!-- module image -->\n<div  class=\"module module-image tb_dvjr185 image-top   tf_mw\" data-lazy=\"1\">\n        <div class=\"image-wrap tf_rel tf_mw\">\n            <img loading=\"lazy\" decoding=\"async\" width=\"300\" height=\"168\" src=\"https:\/\/amvrelia.gr\/wp-content\/uploads\/2022\/10\/9bc77a64-ecdf-4856-89f8-7db77bf6c508.png\" class=\"wp-post-image wp-image-1293\" title=\"9bc77a64-ecdf-4856-89f8-7db77bf6c508\" alt=\"9bc77a64-ecdf-4856-89f8-7db77bf6c508\">    \n        <\/div>\n    <!-- \/image-wrap -->\n    \n        <\/div>\n<!-- \/module image --><!-- module text -->\n<div  class=\"module module-text tb_b5fz690   \" data-lazy=\"1\">\n        <div  class=\"tb_text_wrap\">\n        \n          <div class=\"module module-image tb_us8d968 image-center tf_mw\">\n            <div class=\"image-content\">\n              <div class=\"image-caption tb_text_wrap\">Unser Unternehmen nimmt erneut an der internationalen Lebensmittel- und Getr\u00e4nkemesse Anuga 2021 teil, die vom 9. bis 13. Oktober 2021 stattfindet. Besuchen Sie uns in Halle 10.2 Stand H048<\/div>\n            <\/div>\n          <\/div>\n          <div class=\"module module-image tb_bgqu259 image-center tf_mw\"> <\/div>\n            <\/div>\n<\/div>\n<!-- \/module text -->        <\/div>\n                        <\/div>\n        <\/div>\n            <\/div>\n<!--\/themify_builder_content-->    <\/div><!-- .tb_text_wrap -->\n\n\n<\/div>\n<!-- \/Post Content module -->        <\/div>\n                        <\/div>\n        <\/div>\n            <\/div>\n\t\t\t\t<\/article>\n\n\t\t\t\t\n\t\t\t\t\n\t\t\t\n\t\t\t\t\n\t\t\t\t\n\t\t\t\t<article id=\"post-1971\" class=\"post tf_clearfix post-1971 type-post status-publish format-standard hentry category-ankuendigungen has-post-title has-post-date has-post-category has-post-tag has-post-comment has-post-author \">\n\t\t\t\t\t    <div class=\"tbp_advanced_archive_wrap\">\n\t                <div  data-lazy=\"1\" class=\"module_row themify_builder_row tb_w7k582 tf_w\">\n                        <div class=\"row_inner col_align_top tb_col_count_1 tf_box tf_rel\">\n                        <div  data-lazy=\"1\" class=\"module_column tb-column col-full tb_fpze82 first\">\n                    <!-- Post Content module -->\n<div  class=\"module module-post-content tb_7ga582 \" data-lazy=\"1\">\n\t\n\n    <div class=\"tb_text_wrap\">\n\t\t<!--themify_builder_content-->\n    <div  class=\"themify_builder_content themify_builder_content-1971 themify_builder not_editable_builder in_the_loop\" data-postid=\"1971\">\n                        <div  data-lazy=\"1\" class=\"module_row themify_builder_row tb_dp9y526 tf_w\">\n                        <div class=\"row_inner col_align_top tb_col_count_1 tf_box tf_rel\">\n                        <div  data-lazy=\"1\" class=\"module_column tb-column col-full tb_3p4k526 first\">\n                    <!-- module image -->\n<div  class=\"module module-image tb_dvjr185 image-top   tf_mw\" data-lazy=\"1\">\n        <div class=\"image-wrap tf_rel tf_mw\">\n            <img loading=\"lazy\" decoding=\"async\" width=\"1066\" height=\"562\" src=\"https:\/\/amvrelia.gr\/wp-content\/uploads\/2022\/10\/7e9c9ee8-7975-4a71-8fe4-476c74f97ea6.jpeg\" class=\"wp-post-image wp-image-1296\" title=\"7e9c9ee8-7975-4a71-8fe4-476c74f97ea6\" alt=\"7e9c9ee8-7975-4a71-8fe4-476c74f97ea6\" srcset=\"https:\/\/amvrelia.gr\/wp-content\/uploads\/2022\/10\/7e9c9ee8-7975-4a71-8fe4-476c74f97ea6.jpeg 1066w, https:\/\/amvrelia.gr\/wp-content\/uploads\/2022\/10\/7e9c9ee8-7975-4a71-8fe4-476c74f97ea6-300x158.jpeg 300w, https:\/\/amvrelia.gr\/wp-content\/uploads\/2022\/10\/7e9c9ee8-7975-4a71-8fe4-476c74f97ea6-1024x540.jpeg 1024w, https:\/\/amvrelia.gr\/wp-content\/uploads\/2022\/10\/7e9c9ee8-7975-4a71-8fe4-476c74f97ea6-768x405.jpeg 768w\" sizes=\"auto, (max-width: 1066px) 100vw, 1066px\" \/>    \n        <\/div>\n    <!-- \/image-wrap -->\n    \n        <\/div>\n<!-- \/module image --><!-- module text -->\n<div  class=\"module module-text tb_b5fz690   \" data-lazy=\"1\">\n        <div  class=\"tb_text_wrap\">\n        \n          <p>Wir m\u00f6chten der Zeitschrift GQ France daf\u00fcr danken, dass sie uns als einen der ersten Partner f\u00fcr ihre neue GQ Food and Drink-Ausgabe ausgew\u00e4hlt hat.<\/p>\n            <\/div>\n<\/div>\n<!-- \/module text -->        <\/div>\n                        <\/div>\n        <\/div>\n            <\/div>\n<!--\/themify_builder_content-->    <\/div><!-- .tb_text_wrap -->\n\n\n<\/div>\n<!-- \/Post Content module -->        <\/div>\n                        <\/div>\n        <\/div>\n            <\/div>\n\t\t\t\t<\/article>\n\n\t\t\t\t\n\t\t\t\t\n\t\t\t\n\t\t\t\t\n\t\t\t\t\n\t\t\t\t<article id=\"post-1960\" class=\"post tf_clearfix post-1960 type-post status-publish format-standard hentry category-ankuendigungen has-post-title has-post-date has-post-category has-post-tag has-post-comment has-post-author \">\n\t\t\t\t\t    <div class=\"tbp_advanced_archive_wrap\">\n\t                <div  data-lazy=\"1\" class=\"module_row themify_builder_row tb_w7k582 tf_w\">\n                        <div class=\"row_inner col_align_top tb_col_count_1 tf_box tf_rel\">\n                        <div  data-lazy=\"1\" class=\"module_column tb-column col-full tb_fpze82 first\">\n                    <!-- Post Content module -->\n<div  class=\"module module-post-content tb_7ga582 \" data-lazy=\"1\">\n\t\n\n    <div class=\"tb_text_wrap\">\n\t\t<!--themify_builder_content-->\n    <div  class=\"themify_builder_content themify_builder_content-1960 themify_builder not_editable_builder in_the_loop\" data-postid=\"1960\">\n                        <div  data-lazy=\"1\" class=\"module_row themify_builder_row tb_dp9y526 tf_w\">\n                        <div class=\"row_inner col_align_top tb_col_count_1 tf_box tf_rel\">\n                        <div  data-lazy=\"1\" class=\"module_column tb-column col-full tb_3p4k526 first\">\n                    <!-- module image -->\n<div  class=\"module module-image tb_dvjr185 image-top   tf_mw\" data-lazy=\"1\">\n        <div class=\"image-wrap tf_rel tf_mw\">\n            <img loading=\"lazy\" decoding=\"async\" width=\"1174\" height=\"1702\" src=\"https:\/\/amvrelia.gr\/wp-content\/uploads\/2022\/10\/ea24e5db-2cf2-4351-9a2f-b820a40f2fbf.jpg\" class=\"wp-post-image wp-image-1299\" title=\"ea24e5db-2cf2-4351-9a2f-b820a40f2fbf\" alt=\"ea24e5db-2cf2-4351-9a2f-b820a40f2fbf\" srcset=\"https:\/\/amvrelia.gr\/wp-content\/uploads\/2022\/10\/ea24e5db-2cf2-4351-9a2f-b820a40f2fbf.jpg 1174w, https:\/\/amvrelia.gr\/wp-content\/uploads\/2022\/10\/ea24e5db-2cf2-4351-9a2f-b820a40f2fbf-207x300.jpg 207w, https:\/\/amvrelia.gr\/wp-content\/uploads\/2022\/10\/ea24e5db-2cf2-4351-9a2f-b820a40f2fbf-706x1024.jpg 706w, https:\/\/amvrelia.gr\/wp-content\/uploads\/2022\/10\/ea24e5db-2cf2-4351-9a2f-b820a40f2fbf-768x1113.jpg 768w, https:\/\/amvrelia.gr\/wp-content\/uploads\/2022\/10\/ea24e5db-2cf2-4351-9a2f-b820a40f2fbf-1059x1536.jpg 1059w\" sizes=\"auto, (max-width: 1174px) 100vw, 1174px\" \/>    \n        <\/div>\n    <!-- \/image-wrap -->\n    \n        <\/div>\n<!-- \/module image --><!-- module text -->\n<div  class=\"module module-text tb_b5fz690   \" data-lazy=\"1\">\n        <div  class=\"tb_text_wrap\">\n        \n          <p>Ab 2021 sind wir f\u00fcr die Bio-Olivenproduktion, Verarbeitung, Standardisierung zertifiziert und Mitte des Jahres werden unsere Bio-zertifizierten Produkte auf dem Markt erh\u00e4ltlich sein.<\/p>\n            <\/div>\n<\/div>\n<!-- \/module text -->        <\/div>\n                        <\/div>\n        <\/div>\n            <\/div>\n<!--\/themify_builder_content-->    <\/div><!-- .tb_text_wrap -->\n\n\n<\/div>\n<!-- \/Post Content module -->        <\/div>\n                        <\/div>\n        <\/div>\n            <\/div>\n\t\t\t\t<\/article>\n\n\t\t\t\t\n\t\t\t\t\n\t\t\t\t\t\t\n\t\t<\/div><!-- .builder-posts-wrap -->\n\n\t\t\t\n<\/div><!-- \/advanced-posts module -->\n<!-- module image -->\n<div  class=\"module module-image tb_09o5258 image-top   tf_mw\" data-lazy=\"1\">\n        <div class=\"image-wrap tf_rel tf_mw\">\n            <img loading=\"lazy\" decoding=\"async\" width=\"10424\" height=\"240\" src=\"https:\/\/amvrelia.gr\/wp-content\/uploads\/2022\/09\/grammi.png\" class=\"wp-post-image wp-image-885\" title=\"grammi\" alt=\"grammi\" srcset=\"https:\/\/amvrelia.gr\/wp-content\/uploads\/2022\/09\/grammi.png 10424w, https:\/\/amvrelia.gr\/wp-content\/uploads\/2022\/09\/grammi-300x7.png 300w, https:\/\/amvrelia.gr\/wp-content\/uploads\/2022\/09\/grammi-1024x24.png 1024w, https:\/\/amvrelia.gr\/wp-content\/uploads\/2022\/09\/grammi-768x18.png 768w, https:\/\/amvrelia.gr\/wp-content\/uploads\/2022\/09\/grammi-1536x35.png 1536w, https:\/\/amvrelia.gr\/wp-content\/uploads\/2022\/09\/grammi-2048x47.png 2048w\" sizes=\"auto, (max-width: 10424px) 100vw, 10424px\" \/>    \n        <\/div>\n    <!-- \/image-wrap -->\n    \n        <\/div>\n<!-- \/module image --><!-- module image -->\n<div  class=\"module module-image tb_eoqi198 image-center   tf_mw\" data-lazy=\"1\">\n        <div class=\"image-wrap tf_rel tf_mw\">\n            <img loading=\"lazy\" decoding=\"async\" width=\"200\" height=\"200\" src=\"https:\/\/amvrelia.gr\/wp-content\/uploads\/2022\/09\/e3c64de1-5b7d-448c-8d07-9a8989149de0.png\" class=\"wp-post-image wp-image-1107\" title=\"e3c64de1-5b7d-448c-8d07-9a8989149de0\" alt=\"Wir produzieren und verarbeiten nur griechische Produkte!!! Wir sind das einzige Unternehmen, das Tafeloliven verarbeitet und standardisiert, das alle seine Produkte von Elgos Dimitra mit der griechischen Marke zertifiziert hat, was bedeutet, dass es 100% GRIECHISH sind!!!\" srcset=\"https:\/\/amvrelia.gr\/wp-content\/uploads\/2022\/09\/e3c64de1-5b7d-448c-8d07-9a8989149de0.png 200w, https:\/\/amvrelia.gr\/wp-content\/uploads\/2022\/09\/e3c64de1-5b7d-448c-8d07-9a8989149de0-150x150.png 150w\" sizes=\"auto, (max-width: 200px) 100vw, 200px\" \/>    \n        <\/div>\n    <!-- \/image-wrap -->\n    \n        <div class=\"image-content\">\n                        <div class=\"image-caption tb_text_wrap\">\n            Wir produzieren und verarbeiten nur griechische Produkte!!! Wir sind das einzige Unternehmen, das Tafeloliven verarbeitet und standardisiert, das alle seine Produkte von Elgos Dimitra mit der griechischen Marke zertifiziert hat, was bedeutet, dass es 100% GRIECHISH sind!!!        <\/div>\n        <!-- \/image-caption -->\n            <\/div>\n    <!-- \/image-content -->\n        <\/div>\n<!-- \/module image --><!-- module image -->\n<div  class=\"module module-image tb_s0cm41 image-center   tf_mw\" data-lazy=\"1\">\n        <div class=\"image-wrap tf_rel tf_mw\">\n            <img loading=\"lazy\" decoding=\"async\" width=\"1595\" height=\"1292\" src=\"https:\/\/amvrelia.gr\/wp-content\/uploads\/2022\/10\/8ef39dc5-e3dd-4a3c-a5e7-e8130e45f88e.jpg\" class=\"wp-post-image wp-image-1305\" title=\"8ef39dc5-e3dd-4a3c-a5e7-e8130e45f88e\" alt=\"8ef39dc5-e3dd-4a3c-a5e7-e8130e45f88e\" srcset=\"https:\/\/amvrelia.gr\/wp-content\/uploads\/2022\/10\/8ef39dc5-e3dd-4a3c-a5e7-e8130e45f88e.jpg 1595w, https:\/\/amvrelia.gr\/wp-content\/uploads\/2022\/10\/8ef39dc5-e3dd-4a3c-a5e7-e8130e45f88e-300x243.jpg 300w, https:\/\/amvrelia.gr\/wp-content\/uploads\/2022\/10\/8ef39dc5-e3dd-4a3c-a5e7-e8130e45f88e-1024x829.jpg 1024w, https:\/\/amvrelia.gr\/wp-content\/uploads\/2022\/10\/8ef39dc5-e3dd-4a3c-a5e7-e8130e45f88e-768x622.jpg 768w, https:\/\/amvrelia.gr\/wp-content\/uploads\/2022\/10\/8ef39dc5-e3dd-4a3c-a5e7-e8130e45f88e-1536x1244.jpg 1536w\" sizes=\"auto, (max-width: 1595px) 100vw, 1595px\" \/>    \n        <\/div>\n    <!-- \/image-wrap -->\n    \n        <\/div>\n<!-- \/module image --><!-- module image -->\n<div  class=\"module module-image tb_umhf390 image-top   tf_mw\" data-lazy=\"1\">\n        <div class=\"image-wrap tf_rel tf_mw\">\n            <img loading=\"lazy\" decoding=\"async\" width=\"10424\" height=\"240\" src=\"https:\/\/amvrelia.gr\/wp-content\/uploads\/2022\/09\/grammi.png\" class=\"wp-post-image wp-image-885\" title=\"grammi\" alt=\"grammi\" srcset=\"https:\/\/amvrelia.gr\/wp-content\/uploads\/2022\/09\/grammi.png 10424w, https:\/\/amvrelia.gr\/wp-content\/uploads\/2022\/09\/grammi-300x7.png 300w, https:\/\/amvrelia.gr\/wp-content\/uploads\/2022\/09\/grammi-1024x24.png 1024w, https:\/\/amvrelia.gr\/wp-content\/uploads\/2022\/09\/grammi-768x18.png 768w, https:\/\/amvrelia.gr\/wp-content\/uploads\/2022\/09\/grammi-1536x35.png 1536w, https:\/\/amvrelia.gr\/wp-content\/uploads\/2022\/09\/grammi-2048x47.png 2048w\" sizes=\"auto, (max-width: 10424px) 100vw, 10424px\" \/>    \n        <\/div>\n    <!-- \/image-wrap -->\n    \n        <\/div>\n<!-- \/module image -->        <\/div>\n                        <\/div>\n        <\/div>\n        <\/div>\n<!--\/themify_builder_content-->","protected":false},"excerpt":{"rendered":"<p>Wir produzieren und verarbeiten nur griechische Produkte!!! Wir sind das einzige Unternehmen, das Tafeloliven verarbeitet und standardisiert, das alle seine Produkte von Elgos Dimitra mit der griechischen Marke zertifiziert hat, was bedeutet, dass es 100% GRIECHISH sind!!!<\/p>\n","protected":false},"author":2,"featured_media":0,"parent":0,"menu_order":0,"comment_status":"closed","ping_status":"closed","template":"","meta":{"_seopress_robots_primary_cat":"","_seopress_titles_title":"","_seopress_titles_desc":"","_seopress_robots_index":"","footnotes":""},"class_list":["post-1459","page","type-page","status-publish","hentry","has-post-title","has-post-date","has-post-category","has-post-tag","has-post-comment","has-post-author",""],"builder_content":"<img src=\"https:\/\/amvrelia.gr\/wp-content\/uploads\/2022\/09\/grammi.png\" title=\"grammi\" alt=\"grammi\" srcset=\"https:\/\/amvrelia.gr\/wp-content\/uploads\/2022\/09\/grammi.png 10424w, https:\/\/amvrelia.gr\/wp-content\/uploads\/2022\/09\/grammi-300x7.png 300w, https:\/\/amvrelia.gr\/wp-content\/uploads\/2022\/09\/grammi-1024x24.png 1024w, https:\/\/amvrelia.gr\/wp-content\/uploads\/2022\/09\/grammi-768x18.png 768w, https:\/\/amvrelia.gr\/wp-content\/uploads\/2022\/09\/grammi-1536x35.png 1536w, https:\/\/amvrelia.gr\/wp-content\/uploads\/2022\/09\/grammi-2048x47.png 2048w\" sizes=\"(max-width: 10424px) 100vw, 10424px\" \/>\n<img src=\"https:\/\/amvrelia.gr\/wp-content\/uploads\/2022\/09\/e3c64de1-5b7d-448c-8d07-9a8989149de0.png\" title=\"e3c64de1-5b7d-448c-8d07-9a8989149de0\" alt=\"Wir produzieren und verarbeiten nur griechische Produkte!!! Wir sind das einzige Unternehmen, das Tafeloliven verarbeitet und standardisiert, das alle seine Produkte von Elgos Dimitra mit der griechischen Marke zertifiziert hat, was bedeutet, dass es 100% GRIECHISH sind!!!\" srcset=\"https:\/\/amvrelia.gr\/wp-content\/uploads\/2022\/09\/e3c64de1-5b7d-448c-8d07-9a8989149de0.png 200w, https:\/\/amvrelia.gr\/wp-content\/uploads\/2022\/09\/e3c64de1-5b7d-448c-8d07-9a8989149de0-150x150.png 150w\" sizes=\"(max-width: 200px) 100vw, 200px\" \/> Wir produzieren und verarbeiten nur griechische Produkte!!! Wir sind das einzige Unternehmen, das Tafeloliven verarbeitet und standardisiert, das alle seine Produkte von Elgos Dimitra mit der griechischen Marke zertifiziert hat, was bedeutet, dass es 100% GRIECHISH sind!!!\n<img src=\"https:\/\/amvrelia.gr\/wp-content\/uploads\/2022\/10\/8ef39dc5-e3dd-4a3c-a5e7-e8130e45f88e.jpg\" title=\"8ef39dc5-e3dd-4a3c-a5e7-e8130e45f88e\" alt=\"8ef39dc5-e3dd-4a3c-a5e7-e8130e45f88e\" srcset=\"https:\/\/amvrelia.gr\/wp-content\/uploads\/2022\/10\/8ef39dc5-e3dd-4a3c-a5e7-e8130e45f88e.jpg 1595w, https:\/\/amvrelia.gr\/wp-content\/uploads\/2022\/10\/8ef39dc5-e3dd-4a3c-a5e7-e8130e45f88e-300x243.jpg 300w, https:\/\/amvrelia.gr\/wp-content\/uploads\/2022\/10\/8ef39dc5-e3dd-4a3c-a5e7-e8130e45f88e-1024x829.jpg 1024w, https:\/\/amvrelia.gr\/wp-content\/uploads\/2022\/10\/8ef39dc5-e3dd-4a3c-a5e7-e8130e45f88e-768x622.jpg 768w, https:\/\/amvrelia.gr\/wp-content\/uploads\/2022\/10\/8ef39dc5-e3dd-4a3c-a5e7-e8130e45f88e-1536x1244.jpg 1536w\" sizes=\"(max-width: 1595px) 100vw, 1595px\" \/>\n<img src=\"https:\/\/amvrelia.gr\/wp-content\/uploads\/2022\/09\/grammi.png\" title=\"grammi\" alt=\"grammi\" srcset=\"https:\/\/amvrelia.gr\/wp-content\/uploads\/2022\/09\/grammi.png 10424w, https:\/\/amvrelia.gr\/wp-content\/uploads\/2022\/09\/grammi-300x7.png 300w, https:\/\/amvrelia.gr\/wp-content\/uploads\/2022\/09\/grammi-1024x24.png 1024w, https:\/\/amvrelia.gr\/wp-content\/uploads\/2022\/09\/grammi-768x18.png 768w, https:\/\/amvrelia.gr\/wp-content\/uploads\/2022\/09\/grammi-1536x35.png 1536w, https:\/\/amvrelia.gr\/wp-content\/uploads\/2022\/09\/grammi-2048x47.png 2048w\" sizes=\"(max-width: 10424px) 100vw, 10424px\" \/>","_links":{"self":[{"href":"https:\/\/amvrelia.gr\/de\/wp-json\/wp\/v2\/pages\/1459","targetHints":{"allow":["GET"]}}],"collection":[{"href":"https:\/\/amvrelia.gr\/de\/wp-json\/wp\/v2\/pages"}],"about":[{"href":"https:\/\/amvrelia.gr\/de\/wp-json\/wp\/v2\/types\/page"}],"author":[{"embeddable":true,"href":"https:\/\/amvrelia.gr\/de\/wp-json\/wp\/v2\/users\/2"}],"replies":[{"embeddable":true,"href":"https:\/\/amvrelia.gr\/de\/wp-json\/wp\/v2\/comments?post=1459"}],"version-history":[{"count":6,"href":"https:\/\/amvrelia.gr\/de\/wp-json\/wp\/v2\/pages\/1459\/revisions"}],"predecessor-version":[{"id":2016,"href":"https:\/\/amvrelia.gr\/de\/wp-json\/wp\/v2\/pages\/1459\/revisions\/2016"}],"wp:attachment":[{"href":"https:\/\/amvrelia.gr\/de\/wp-json\/wp\/v2\/media?parent=1459"}],"curies":[{"name":"wp","href":"https:\/\/api.w.org\/{rel}","templated":true}]}}